{"id":2900,"date":"2020-03-11T12:23:03","date_gmt":"2020-03-11T12:23:03","guid":{"rendered":"https:\/\/vinic.es\/?page_id=2900"},"modified":"2025-02-04T14:19:15","modified_gmt":"2025-02-04T14:19:15","slug":"viticola","status":"publish","type":"page","link":"https:\/\/vinic.es\/ca\/viticola\/","title":{"rendered":"Vit\u00edcola"},"content":{"rendered":"\t\t<div data-elementor-type=\"wp-page\" data-elementor-id=\"2900\" class=\"elementor elementor-2900\" data-elementor-post-type=\"page\">\n\t\t\t\t\t\t<section class=\"elementor-section elementor-top-section elementor-element elementor-element-3fc1a7ca elementor-section-boxed elementor-section-height-default elementor-section-height-default\" data-id=\"3fc1a7ca\" data-element_type=\"section\" data-e-type=\"section\">\n\t\t\t\t\t\t<div class=\"elementor-container elementor-column-gap-default\">\n\t\t\t\t\t<div class=\"elementor-column elementor-col-50 elementor-top-column elementor-element elementor-element-6474621\" data-id=\"6474621\" data-element_type=\"column\" data-e-type=\"column\">\n\t\t\t<div class=\"elementor-widget-wrap elementor-element-populated\">\n\t\t\t\t\t\t<div class=\"elementor-element elementor-element-7b12427 elementor-widget elementor-widget-heading\" data-id=\"7b12427\" data-element_type=\"widget\" data-e-type=\"widget\" data-widget_type=\"heading.default\">\n\t\t\t\t<div class=\"elementor-widget-container\">\n\t\t\t\t\t<h1 class=\"elementor-heading-title elementor-size-default\">Consultoria vit\u00edcola<\/h1>\t\t\t\t<\/div>\n\t\t\t\t<\/div>\n\t\t\t\t<div class=\"elementor-element elementor-element-f6ca865 elementor-widget-divider--view-line elementor-widget elementor-widget-divider\" data-id=\"f6ca865\" data-element_type=\"widget\" data-e-type=\"widget\" data-widget_type=\"divider.default\">\n\t\t\t\t<div class=\"elementor-widget-container\">\n\t\t\t\t\t\t\t<div class=\"elementor-divider\">\n\t\t\t<span class=\"elementor-divider-separator\">\n\t\t\t\t\t\t<\/span>\n\t\t<\/div>\n\t\t\t\t\t\t<\/div>\n\t\t\t\t<\/div>\n\t\t\t\t<div class=\"elementor-element elementor-element-2c44473 elementor-widget elementor-widget-heading\" data-id=\"2c44473\" data-element_type=\"widget\" data-e-type=\"widget\" data-widget_type=\"heading.default\">\n\t\t\t\t<div class=\"elementor-widget-container\">\n\t\t\t\t\t<h2 class=\"elementor-heading-title elementor-size-default\">Serveis de viticultura i gesti\u00f3 de vinyes<\/h2>\t\t\t\t<\/div>\n\t\t\t\t<\/div>\n\t\t\t\t<div class=\"elementor-element elementor-element-b0f2f3c elementor-widget elementor-widget-text-editor\" data-id=\"b0f2f3c\" data-element_type=\"widget\" data-e-type=\"widget\" data-widget_type=\"text-editor.default\">\n\t\t\t\t<div class=\"elementor-widget-container\">\n\t\t\t\t\t\t\t\t\t<div class=\"wpb_text_column wpb_content_element \"><div class=\"wpb_wrapper\"><div class=\"wpb_text_column wpb_content_element \"><div class=\"wpb_wrapper\"><div class=\"wpb_text_column wpb_content_element \"><div class=\"wpb_wrapper\"><p class=\"p1\">El nostre objectiu \u00e9s produir una verema de qualitat amb uns costos adequats a cada projecte, utilitzant estrat\u00e8gies de gesti\u00f3 i control t\u00e8cnic que permetin optimitzar els recursos i rendibilitzar rendibilitzar la viticultura.<\/p><p class=\"p1\">Per aquest motiu, <i>VINIC <\/i>emfatitza el seguiment continuat de les vinyes, aplicant una metodologia de treball basada en el rigor t\u00e8cnic i pressupostari. L\u2019experi\u00e8ncia adquirida al llarg dels anys, tant en noves plantacions com en vinyes de diverses regions vit\u00edcoles, ens ajuda a escollir la millor soluci\u00f3 segons cada circumst\u00e0ncia.<\/p><p class=\"p1\">Una estrat\u00e8gia vit\u00edcola encertada \u00e9s el pas indispensable per a l\u2019obtenci\u00f3 d\u2019un ra\u00efm de qualitat i un \u00e8xit empresarial. La formaci\u00f3 cont\u00ednua ens ajuda a con\u00e8ixer les noves t\u00e8cniques de control i gesti\u00f3 vit\u00edcola que permetin fer el seu projecte m\u00e9s rendible.<\/p><\/div><\/div><\/div><\/div><\/div><\/div>\t\t\t\t\t\t\t\t<\/div>\n\t\t\t\t<\/div>\n\t\t\t\t<div class=\"elementor-element elementor-element-a5d432d elementor-widget elementor-widget-heading\" data-id=\"a5d432d\" data-element_type=\"widget\" data-e-type=\"widget\" data-widget_type=\"heading.default\">\n\t\t\t\t<div class=\"elementor-widget-container\">\n\t\t\t\t\t<h3 class=\"elementor-heading-title elementor-size-default\">El nostre assessorament vit\u00edcola est\u00e0 especialitzat en:<\/h3>\t\t\t\t<\/div>\n\t\t\t\t<\/div>\n\t\t\t\t<div class=\"elementor-element elementor-element-b16727d elementor-widget-divider--view-line elementor-widget elementor-widget-divider\" data-id=\"b16727d\" data-element_type=\"widget\" data-e-type=\"widget\" data-widget_type=\"divider.default\">\n\t\t\t\t<div class=\"elementor-widget-container\">\n\t\t\t\t\t\t\t<div class=\"elementor-divider\">\n\t\t\t<span class=\"elementor-divider-separator\">\n\t\t\t\t\t\t<\/span>\n\t\t<\/div>\n\t\t\t\t\t\t<\/div>\n\t\t\t\t<\/div>\n\t\t\t\t<div class=\"elementor-element elementor-element-8b43d1c elementor-widget elementor-widget-text-editor\" data-id=\"8b43d1c\" data-element_type=\"widget\" data-e-type=\"widget\" data-widget_type=\"text-editor.default\">\n\t\t\t\t<div class=\"elementor-widget-container\">\n\t\t\t\t\t\t\t\t\t<div class=\"wpb_text_column wpb_content_element \"><div class=\"wpb_wrapper\"><p class=\"p1\">Direcci\u00f3 t\u00e8cnica de projectes vit\u00edcoles.<\/p><p>Transformaci\u00f3 a viticultura ecol\u00f2gica i biodin\u00e0mica.<\/p><p>Tr\u00e0mits d\u2019aquisici\u00f3 de drets de plantaci\u00f3 de vinya i autoritzacions.<\/p><p class=\"p1\">Control i gesti\u00f3 de costos agr\u00edcoles.<\/p><p class=\"p1\">Negociaci\u00f3 amb prove\u00efdors.<\/p><p class=\"p1\">Elaboraci\u00f3 i implementaci\u00f3 de projectes t\u00e8cnics.<\/p><p class=\"p1\">Disseny i replanteig digitalitzat de plantacions.<\/p><p class=\"p1\">Planificaci\u00f3 anual i seguiment del maneig vit\u00edcola.<\/p><p class=\"p1\">Estrat\u00e8gies de prevenci\u00f3 i lluita contra infeccions i plagues.<\/p><p class=\"p1\">Assessorament t\u00e8cnic en l\u2019elecci\u00f3 i aplicaci\u00f3 de fitosanitaris.<\/p><p class=\"p1\">Gesti\u00f3 agron\u00f2mica en producci\u00f3 ecol\u00f2gica i biodin\u00e0mica.<\/p><p>Implementaci\u00f3 de pr\u00e0ctiques regeneratives i maneig hol\u00edstic.<\/p><p class=\"p1\">Implantaci\u00f3 i gesti\u00f3 integral de plagues (G.I.P.).<\/p><p class=\"p1\">Control del rendiment productiu i moment \u00f2ptim de verema.<\/p><p class=\"p1\">Implantaci\u00f3 de t\u00e8cniques de tra\u00e7abilitat.<\/p><p class=\"p1\">Formaci\u00f3 i transfer\u00e8ncia t\u00e8cnica de recursos.<\/p><p class=\"p1\">Auditories i peritatges vit\u00edcoles.<\/p><\/div><\/div>\t\t\t\t\t\t\t\t<\/div>\n\t\t\t\t<\/div>\n\t\t\t\t\t<\/div>\n\t\t<\/div>\n\t\t\t\t<div class=\"elementor-column elementor-col-50 elementor-top-column elementor-element elementor-element-11bc55d6\" data-id=\"11bc55d6\" data-element_type=\"column\" data-e-type=\"column\">\n\t\t\t<div class=\"elementor-widget-wrap elementor-element-populated\">\n\t\t\t\t\t\t<div class=\"elementor-element elementor-element-0bade60 elementor-widget elementor-widget-image\" data-id=\"0bade60\" data-element_type=\"widget\" data-e-type=\"widget\" data-widget_type=\"image.default\">\n\t\t\t\t<div class=\"elementor-widget-container\">\n\t\t\t\t\t\t\t\t\t\t\t\t\t\t\t<img fetchpriority=\"high\" decoding=\"async\" width=\"1200\" height=\"1523\" src=\"https:\/\/vinic.es\/wp-content\/uploads\/2020\/03\/vitivinicola.jpg\" class=\"attachment-full size-full wp-image-2894\" alt=\"Imatge del servei de consultoria estrat\u00e8gica per a cellers. Persones tallant ra\u00efms\" srcset=\"https:\/\/vinic.es\/wp-content\/uploads\/2020\/03\/vitivinicola.jpg 1200w, https:\/\/vinic.es\/wp-content\/uploads\/2020\/03\/vitivinicola-236x300.jpg 236w, https:\/\/vinic.es\/wp-content\/uploads\/2020\/03\/vitivinicola-807x1024.jpg 807w, https:\/\/vinic.es\/wp-content\/uploads\/2020\/03\/vitivinicola-768x975.jpg 768w\" sizes=\"(max-width: 1200px) 100vw, 1200px\" \/>\t\t\t\t\t\t\t\t\t\t\t\t\t\t\t<\/div>\n\t\t\t\t<\/div>\n\t\t\t\t\t<\/div>\n\t\t<\/div>\n\t\t\t\t\t<\/div>\n\t\t<\/section>\n\t\t\t\t<\/div>\n\t\t","protected":false},"excerpt":{"rendered":"<p>Consultoria vit\u00edcola Serveis de viticultura i gesti\u00f3 de vinyes El nostre objectiu \u00e9s produir una verema de qualitat amb uns costos adequats a cada projecte, utilitzant estrat\u00e8gies de gesti\u00f3 i control t\u00e8cnic que permetin optimitzar els recursos i rendibilitzar rendibilitzar la viticultura. Per aquest motiu, VINIC emfatitza el seguiment continuat de les vinyes, aplicant una &#8230; <a title=\"Vit\u00edcola\" class=\"read-more\" href=\"https:\/\/vinic.es\/ca\/viticola\/\" aria-label=\"M\u00e9s informaci\u00f3 sobre Vit\u00edcola\">Read more<\/a><\/p>\n","protected":false},"author":1,"featured_media":0,"parent":0,"menu_order":0,"comment_status":"closed","ping_status":"closed","template":"","meta":{"_joinchat":[],"footnotes":""},"class_list":["post-2900","page","type-page","status-publish"],"yoast_head":"<!-- This site is optimized with the Yoast SEO plugin v27.6 - https:\/\/yoast.com\/product\/yoast-seo-wordpress\/ -->\n<title>Vinic Consulting - Viticultura i assessorament en vi\u00f1es<\/title>\n<meta name=\"description\" content=\"Experts en viticultura ecol\u00f2gica i biodin\u00e0mica. Assessorament integral per a plantacions de vinyes, drets de vi, i gesti\u00f3 sostenible a Catalunya.\" \/>\n<meta name=\"robots\" content=\"index, follow, max-snippet:-1, max-image-preview:large, max-video-preview:-1\" \/>\n<link rel=\"canonical\" href=\"https:\/\/vinic.es\/viticola\/\" \/>\n<meta property=\"og:locale\" content=\"ca_ES\" \/>\n<meta property=\"og:type\" content=\"article\" \/>\n<meta property=\"og:title\" content=\"Vinic Consulting - Viticultura i assessorament en vi\u00f1es\" \/>\n<meta property=\"og:description\" content=\"Experts en viticultura ecol\u00f2gica i biodin\u00e0mica. Assessorament integral per a plantacions de vinyes, drets de vi, i gesti\u00f3 sostenible a Catalunya.\" \/>\n<meta property=\"og:url\" content=\"https:\/\/vinic.es\/viticola\/\" \/>\n<meta property=\"og:site_name\" content=\"Vinic Consulting\" \/>\n<meta property=\"article:modified_time\" content=\"2025-02-04T14:19:15+00:00\" \/>\n<meta property=\"og:image\" content=\"https:\/\/vinic.es\/wp-content\/uploads\/2020\/03\/vitivinicola.jpg\" \/>\n\t<meta property=\"og:image:width\" content=\"1200\" \/>\n\t<meta property=\"og:image:height\" content=\"1523\" \/>\n\t<meta property=\"og:image:type\" content=\"image\/jpeg\" \/>\n<meta name=\"twitter:card\" content=\"summary_large_image\" \/>\n<meta name=\"twitter:label1\" content=\"Temps estimat de lectura\" \/>\n\t<meta name=\"twitter:data1\" content=\"2 minuts\" \/>\n<script type=\"application\/ld+json\" class=\"yoast-schema-graph\">{\"@context\":\"https:\\\/\\\/schema.org\",\"@graph\":[{\"@type\":\"WebPage\",\"@id\":\"https:\\\/\\\/vinic.es\\\/viticola\\\/\",\"url\":\"https:\\\/\\\/vinic.es\\\/viticola\\\/\",\"name\":\"Vinic Consulting - Viticultura i assessorament en vi\u00f1es\",\"isPartOf\":{\"@id\":\"https:\\\/\\\/vinic.es\\\/#website\"},\"primaryImageOfPage\":{\"@id\":\"https:\\\/\\\/vinic.es\\\/viticola\\\/#primaryimage\"},\"image\":{\"@id\":\"https:\\\/\\\/vinic.es\\\/viticola\\\/#primaryimage\"},\"thumbnailUrl\":\"https:\\\/\\\/vinic.es\\\/wp-content\\\/uploads\\\/2020\\\/03\\\/vitivinicola.jpg\",\"datePublished\":\"2020-03-11T12:23:03+00:00\",\"dateModified\":\"2025-02-04T14:19:15+00:00\",\"description\":\"Experts en viticultura ecol\u00f2gica i biodin\u00e0mica. Assessorament integral per a plantacions de vinyes, drets de vi, i gesti\u00f3 sostenible a Catalunya.\",\"breadcrumb\":{\"@id\":\"https:\\\/\\\/vinic.es\\\/viticola\\\/#breadcrumb\"},\"inLanguage\":\"ca\",\"potentialAction\":[{\"@type\":\"ReadAction\",\"target\":[\"https:\\\/\\\/vinic.es\\\/viticola\\\/\"]}]},{\"@type\":\"ImageObject\",\"inLanguage\":\"ca\",\"@id\":\"https:\\\/\\\/vinic.es\\\/viticola\\\/#primaryimage\",\"url\":\"https:\\\/\\\/vinic.es\\\/wp-content\\\/uploads\\\/2020\\\/03\\\/vitivinicola.jpg\",\"contentUrl\":\"https:\\\/\\\/vinic.es\\\/wp-content\\\/uploads\\\/2020\\\/03\\\/vitivinicola.jpg\"},{\"@type\":\"BreadcrumbList\",\"@id\":\"https:\\\/\\\/vinic.es\\\/viticola\\\/#breadcrumb\",\"itemListElement\":[{\"@type\":\"ListItem\",\"position\":1,\"name\":\"Portada\",\"item\":\"https:\\\/\\\/vinic.es\\\/\"},{\"@type\":\"ListItem\",\"position\":2,\"name\":\"Vit\u00edcola\"}]},{\"@type\":\"WebSite\",\"@id\":\"https:\\\/\\\/vinic.es\\\/#website\",\"url\":\"https:\\\/\\\/vinic.es\\\/\",\"name\":\"Vinic Consulting\",\"description\":\"Asesoramiento vit\u00edcola y enol\u00f3gico integral para empresas vitivin\u00edcolas. Vinic consulting: creaci\u00f3n, direcci\u00f3n y gesti\u00f3n de vi\u00f1edos y bodegas.\",\"publisher\":{\"@id\":\"https:\\\/\\\/vinic.es\\\/#organization\"},\"potentialAction\":[{\"@type\":\"SearchAction\",\"target\":{\"@type\":\"EntryPoint\",\"urlTemplate\":\"https:\\\/\\\/vinic.es\\\/?s={search_term_string}\"},\"query-input\":{\"@type\":\"PropertyValueSpecification\",\"valueRequired\":true,\"valueName\":\"search_term_string\"}}],\"inLanguage\":\"ca\"},{\"@type\":\"Organization\",\"@id\":\"https:\\\/\\\/vinic.es\\\/#organization\",\"name\":\"Vinic Consulting\",\"url\":\"https:\\\/\\\/vinic.es\\\/\",\"logo\":{\"@type\":\"ImageObject\",\"inLanguage\":\"ca\",\"@id\":\"https:\\\/\\\/vinic.es\\\/#\\\/schema\\\/logo\\\/image\\\/\",\"url\":\"https:\\\/\\\/vinic.es\\\/wp-content\\\/uploads\\\/2020\\\/03\\\/logo-vinic.png\",\"contentUrl\":\"https:\\\/\\\/vinic.es\\\/wp-content\\\/uploads\\\/2020\\\/03\\\/logo-vinic.png\",\"width\":130,\"height\":43,\"caption\":\"Vinic Consulting\"},\"image\":{\"@id\":\"https:\\\/\\\/vinic.es\\\/#\\\/schema\\\/logo\\\/image\\\/\"}}]}<\/script>\n<!-- \/ Yoast SEO plugin. -->","yoast_head_json":{"title":"Vinic Consulting - Viticultura i assessorament en vi\u00f1es","description":"Experts en viticultura ecol\u00f2gica i biodin\u00e0mica. Assessorament integral per a plantacions de vinyes, drets de vi, i gesti\u00f3 sostenible a Catalunya.","robots":{"index":"index","follow":"follow","max-snippet":"max-snippet:-1","max-image-preview":"max-image-preview:large","max-video-preview":"max-video-preview:-1"},"canonical":"https:\/\/vinic.es\/viticola\/","og_locale":"ca_ES","og_type":"article","og_title":"Vinic Consulting - Viticultura i assessorament en vi\u00f1es","og_description":"Experts en viticultura ecol\u00f2gica i biodin\u00e0mica. Assessorament integral per a plantacions de vinyes, drets de vi, i gesti\u00f3 sostenible a Catalunya.","og_url":"https:\/\/vinic.es\/viticola\/","og_site_name":"Vinic Consulting","article_modified_time":"2025-02-04T14:19:15+00:00","og_image":[{"width":1200,"height":1523,"url":"https:\/\/vinic.es\/wp-content\/uploads\/2020\/03\/vitivinicola.jpg","type":"image\/jpeg"}],"twitter_card":"summary_large_image","twitter_misc":{"Temps estimat de lectura":"2 minuts"},"schema":{"@context":"https:\/\/schema.org","@graph":[{"@type":"WebPage","@id":"https:\/\/vinic.es\/viticola\/","url":"https:\/\/vinic.es\/viticola\/","name":"Vinic Consulting - Viticultura i assessorament en vi\u00f1es","isPartOf":{"@id":"https:\/\/vinic.es\/#website"},"primaryImageOfPage":{"@id":"https:\/\/vinic.es\/viticola\/#primaryimage"},"image":{"@id":"https:\/\/vinic.es\/viticola\/#primaryimage"},"thumbnailUrl":"https:\/\/vinic.es\/wp-content\/uploads\/2020\/03\/vitivinicola.jpg","datePublished":"2020-03-11T12:23:03+00:00","dateModified":"2025-02-04T14:19:15+00:00","description":"Experts en viticultura ecol\u00f2gica i biodin\u00e0mica. Assessorament integral per a plantacions de vinyes, drets de vi, i gesti\u00f3 sostenible a Catalunya.","breadcrumb":{"@id":"https:\/\/vinic.es\/viticola\/#breadcrumb"},"inLanguage":"ca","potentialAction":[{"@type":"ReadAction","target":["https:\/\/vinic.es\/viticola\/"]}]},{"@type":"ImageObject","inLanguage":"ca","@id":"https:\/\/vinic.es\/viticola\/#primaryimage","url":"https:\/\/vinic.es\/wp-content\/uploads\/2020\/03\/vitivinicola.jpg","contentUrl":"https:\/\/vinic.es\/wp-content\/uploads\/2020\/03\/vitivinicola.jpg"},{"@type":"BreadcrumbList","@id":"https:\/\/vinic.es\/viticola\/#breadcrumb","itemListElement":[{"@type":"ListItem","position":1,"name":"Portada","item":"https:\/\/vinic.es\/"},{"@type":"ListItem","position":2,"name":"Vit\u00edcola"}]},{"@type":"WebSite","@id":"https:\/\/vinic.es\/#website","url":"https:\/\/vinic.es\/","name":"Vinic Consulting","description":"Asesoramiento vit\u00edcola y enol\u00f3gico integral para empresas vitivin\u00edcolas. Vinic consulting: creaci\u00f3n, direcci\u00f3n y gesti\u00f3n de vi\u00f1edos y bodegas.","publisher":{"@id":"https:\/\/vinic.es\/#organization"},"potentialAction":[{"@type":"SearchAction","target":{"@type":"EntryPoint","urlTemplate":"https:\/\/vinic.es\/?s={search_term_string}"},"query-input":{"@type":"PropertyValueSpecification","valueRequired":true,"valueName":"search_term_string"}}],"inLanguage":"ca"},{"@type":"Organization","@id":"https:\/\/vinic.es\/#organization","name":"Vinic Consulting","url":"https:\/\/vinic.es\/","logo":{"@type":"ImageObject","inLanguage":"ca","@id":"https:\/\/vinic.es\/#\/schema\/logo\/image\/","url":"https:\/\/vinic.es\/wp-content\/uploads\/2020\/03\/logo-vinic.png","contentUrl":"https:\/\/vinic.es\/wp-content\/uploads\/2020\/03\/logo-vinic.png","width":130,"height":43,"caption":"Vinic Consulting"},"image":{"@id":"https:\/\/vinic.es\/#\/schema\/logo\/image\/"}}]}},"_links":{"self":[{"href":"https:\/\/vinic.es\/ca\/wp-json\/wp\/v2\/pages\/2900","targetHints":{"allow":["GET"]}}],"collection":[{"href":"https:\/\/vinic.es\/ca\/wp-json\/wp\/v2\/pages"}],"about":[{"href":"https:\/\/vinic.es\/ca\/wp-json\/wp\/v2\/types\/page"}],"author":[{"embeddable":true,"href":"https:\/\/vinic.es\/ca\/wp-json\/wp\/v2\/users\/1"}],"replies":[{"embeddable":true,"href":"https:\/\/vinic.es\/ca\/wp-json\/wp\/v2\/comments?post=2900"}],"version-history":[{"count":25,"href":"https:\/\/vinic.es\/ca\/wp-json\/wp\/v2\/pages\/2900\/revisions"}],"predecessor-version":[{"id":3731,"href":"https:\/\/vinic.es\/ca\/wp-json\/wp\/v2\/pages\/2900\/revisions\/3731"}],"wp:attachment":[{"href":"https:\/\/vinic.es\/ca\/wp-json\/wp\/v2\/media?parent=2900"}],"curies":[{"name":"wp","href":"https:\/\/api.w.org\/{rel}","templated":true}]}}