{"id":2913,"date":"2020-03-11T12:42:13","date_gmt":"2020-03-11T12:42:13","guid":{"rendered":"https:\/\/vinic.es\/?page_id=2913"},"modified":"2025-02-04T14:19:51","modified_gmt":"2025-02-04T14:19:51","slug":"enologic","status":"publish","type":"page","link":"https:\/\/vinic.es\/ca\/enologic\/","title":{"rendered":"Enol\u00f2gic"},"content":{"rendered":"\t\t<div data-elementor-type=\"wp-page\" data-elementor-id=\"2913\" class=\"elementor elementor-2913\" data-elementor-post-type=\"page\">\n\t\t\t\t\t\t<section class=\"elementor-section elementor-top-section elementor-element elementor-element-3fc1a7ca elementor-section-content-middle elementor-section-boxed elementor-section-height-default elementor-section-height-default\" data-id=\"3fc1a7ca\" data-element_type=\"section\" data-e-type=\"section\">\n\t\t\t\t\t\t<div class=\"elementor-container elementor-column-gap-extended\">\n\t\t\t\t\t<div class=\"elementor-column elementor-col-50 elementor-top-column elementor-element elementor-element-6474621\" data-id=\"6474621\" data-element_type=\"column\" data-e-type=\"column\">\n\t\t\t<div class=\"elementor-widget-wrap elementor-element-populated\">\n\t\t\t\t\t\t<div class=\"elementor-element elementor-element-7b12427 elementor-widget elementor-widget-heading\" data-id=\"7b12427\" data-element_type=\"widget\" data-e-type=\"widget\" data-widget_type=\"heading.default\">\n\t\t\t\t<div class=\"elementor-widget-container\">\n\t\t\t\t\t<h1 class=\"elementor-heading-title elementor-size-default\">Consultoria enol\u00f2gica<\/h1>\t\t\t\t<\/div>\n\t\t\t\t<\/div>\n\t\t\t\t<div class=\"elementor-element elementor-element-f6ca865 elementor-widget-divider--view-line elementor-widget elementor-widget-divider\" data-id=\"f6ca865\" data-element_type=\"widget\" data-e-type=\"widget\" data-widget_type=\"divider.default\">\n\t\t\t\t<div class=\"elementor-widget-container\">\n\t\t\t\t\t\t\t<div class=\"elementor-divider\">\n\t\t\t<span class=\"elementor-divider-separator\">\n\t\t\t\t\t\t<\/span>\n\t\t<\/div>\n\t\t\t\t\t\t<\/div>\n\t\t\t\t<\/div>\n\t\t\t\t<div class=\"elementor-element elementor-element-b0f2f3c elementor-widget elementor-widget-text-editor\" data-id=\"b0f2f3c\" data-element_type=\"widget\" data-e-type=\"widget\" data-widget_type=\"text-editor.default\">\n\t\t\t\t<div class=\"elementor-widget-container\">\n\t\t\t\t\t\t\t\t\t<div class=\"wpb_text_column wpb_content_element \"><div class=\"wpb_wrapper\"><div class=\"wpb_text_column wpb_content_element \"><div class=\"wpb_wrapper\"><div class=\"wpb_text_column wpb_content_element \"><div class=\"wpb_wrapper\"><p class=\"p1\">Elaborar vins de qualitat, diferenciats i amb un control exhaustiu \u00e9s el nostre principal objectiu. L\u2019efici\u00e8ncia en un sector tant competitiu i canviant \u00e9s b\u00e0sic,\u00a0<strong>no sols \u00e9s indispensable la qualitat sin\u00f3 la seva gesti\u00f3.<\/strong><\/p><p class=\"p1\">La nostra experi\u00e8ncia contrastada en l\u2019elaboraci\u00f3, direcci\u00f3 i gesti\u00f3 de cellers ens permet optimitzar esfor\u00e7os, rendibilitzar estrat\u00e8gies d\u2019elaboraci\u00f3 i el que \u00e9s m\u00e9s important, elegir la millor soluci\u00f3 en cada moment.<\/p><p class=\"p1\">Con\u00e8ixer el mercat i la demanda dels consumidors \u00e9s imprescindible en l\u2019enologia moderna, per aix\u00f2, des de VINIC donem molta import\u00e0ncia en el desenvolupament de nous productes adaptats als diversos mercats.<\/p><\/div><\/div><\/div><\/div><\/div><\/div>\t\t\t\t\t\t\t\t<\/div>\n\t\t\t\t<\/div>\n\t\t\t\t<div class=\"elementor-element elementor-element-513d502 elementor-widget elementor-widget-heading\" data-id=\"513d502\" data-element_type=\"widget\" data-e-type=\"widget\" data-widget_type=\"heading.default\">\n\t\t\t\t<div class=\"elementor-widget-container\">\n\t\t\t\t\t<h2 class=\"elementor-heading-title elementor-size-default\">Serveis d'enologia i per a bodegues i elaboraci\u00f3 de vins<\/h2>\t\t\t\t<\/div>\n\t\t\t\t<\/div>\n\t\t\t\t\t<\/div>\n\t\t<\/div>\n\t\t\t\t<div class=\"elementor-column elementor-col-50 elementor-top-column elementor-element elementor-element-11bc55d6\" data-id=\"11bc55d6\" data-element_type=\"column\" data-e-type=\"column\">\n\t\t\t<div class=\"elementor-widget-wrap elementor-element-populated\">\n\t\t\t\t\t\t<div class=\"elementor-element elementor-element-0bade60 elementor-widget elementor-widget-image\" data-id=\"0bade60\" data-element_type=\"widget\" data-e-type=\"widget\" data-widget_type=\"image.default\">\n\t\t\t\t<div class=\"elementor-widget-container\">\n\t\t\t\t\t\t\t\t\t\t\t\t\t\t\t<img fetchpriority=\"high\" decoding=\"async\" width=\"1063\" height=\"711\" src=\"https:\/\/vinic.es\/wp-content\/uploads\/2020\/03\/bodega_estrategico.jpg\" class=\"attachment-full size-full wp-image-2905\" alt=\"Imatge del servei de consultoria enol\u00f2gica de Vinic Consulting. Fotografia d&#039;una bodega\" srcset=\"https:\/\/vinic.es\/wp-content\/uploads\/2020\/03\/bodega_estrategico.jpg 1063w, https:\/\/vinic.es\/wp-content\/uploads\/2020\/03\/bodega_estrategico-300x201.jpg 300w, https:\/\/vinic.es\/wp-content\/uploads\/2020\/03\/bodega_estrategico-1024x685.jpg 1024w, https:\/\/vinic.es\/wp-content\/uploads\/2020\/03\/bodega_estrategico-768x514.jpg 768w\" sizes=\"(max-width: 1063px) 100vw, 1063px\" \/>\t\t\t\t\t\t\t\t\t\t\t\t\t\t\t<\/div>\n\t\t\t\t<\/div>\n\t\t\t\t\t<\/div>\n\t\t<\/div>\n\t\t\t\t\t<\/div>\n\t\t<\/section>\n\t\t\t\t<section class=\"elementor-section elementor-top-section elementor-element elementor-element-b6f02e6 elementor-section-boxed elementor-section-height-default elementor-section-height-default\" data-id=\"b6f02e6\" data-element_type=\"section\" data-e-type=\"section\">\n\t\t\t\t\t\t<div class=\"elementor-container elementor-column-gap-default\">\n\t\t\t\t\t<div class=\"elementor-column elementor-col-50 elementor-top-column elementor-element elementor-element-bcd079e\" data-id=\"bcd079e\" data-element_type=\"column\" data-e-type=\"column\">\n\t\t\t<div class=\"elementor-widget-wrap elementor-element-populated\">\n\t\t\t\t\t\t<div class=\"elementor-element elementor-element-41f9860 elementor-widget elementor-widget-text-editor\" data-id=\"41f9860\" data-element_type=\"widget\" data-e-type=\"widget\" data-widget_type=\"text-editor.default\">\n\t\t\t\t<div class=\"elementor-widget-container\">\n\t\t\t\t\t\t\t\t\t<p>Direcci\u00f3 t\u00e8cnica de projectes.<\/p><p>Serveis enol\u00f2gics integrals en la vinificaci\u00f3 de negres, blancs i rosats.<\/p><p>Control i gesti\u00f3 de costos enol\u00f2gics.<\/p><p>Negociaci\u00f3 amb prove\u00efdors.<\/p><p>Programaci\u00f3 i gesti\u00f3 del proc\u00e9s productiu.<\/p><p>Estudi de les possibles millores a celler.<\/p><p>Disseny de cellers, instal\u00b7lacions i dimensionament d\u2019aquestes.<\/p>\t\t\t\t\t\t\t\t<\/div>\n\t\t\t\t<\/div>\n\t\t\t\t\t<\/div>\n\t\t<\/div>\n\t\t\t\t<div class=\"elementor-column elementor-col-50 elementor-top-column elementor-element elementor-element-99e0871\" data-id=\"99e0871\" data-element_type=\"column\" data-e-type=\"column\">\n\t\t\t<div class=\"elementor-widget-wrap elementor-element-populated\">\n\t\t\t\t\t\t<div class=\"elementor-element elementor-element-827996d elementor-widget elementor-widget-text-editor\" data-id=\"827996d\" data-element_type=\"widget\" data-e-type=\"widget\" data-widget_type=\"text-editor.default\">\n\t\t\t\t<div class=\"elementor-widget-container\">\n\t\t\t\t\t\t\t\t\t<div class=\"wpb_text_column wpb_content_element \"><div class=\"wpb_wrapper\"><div class=\"wpb_text_column wpb_content_element \"><div class=\"wpb_wrapper\"><p class=\"p1\">Assessorament integral en la crian\u00e7a del vi i les seves alternatives.<\/p><p>Assessorament en els processos de clarificaci\u00f3, filtraci\u00f3, estabilitzaci\u00f3 i pre-embotellat dels vins.<\/p><p class=\"p1\">Control microbiol\u00f2gic ambiental i dels materials utilitzats durant el proc\u00e9s d\u2019embotellat.<\/p><p class=\"p1\">Implantaci\u00f3 de t\u00e8cniques de tra\u00e7abilitat.<\/p><p class=\"p1\">Disseny, implementaci\u00f3 i manteniment de sistemes de gesti\u00f3 de qualitat.<\/p><p class=\"p1\">An\u00e0lisi de mercat, investigaci\u00f3 i desenvolupament de nous vins.<\/p><\/div><\/div><\/div><\/div>\t\t\t\t\t\t\t\t<\/div>\n\t\t\t\t<\/div>\n\t\t\t\t\t<\/div>\n\t\t<\/div>\n\t\t\t\t\t<\/div>\n\t\t<\/section>\n\t\t\t\t<\/div>\n\t\t","protected":false},"excerpt":{"rendered":"<p>Consultoria enol\u00f2gica Elaborar vins de qualitat, diferenciats i amb un control exhaustiu \u00e9s el nostre principal objectiu. L\u2019efici\u00e8ncia en un sector tant competitiu i canviant \u00e9s b\u00e0sic,\u00a0no sols \u00e9s indispensable la qualitat sin\u00f3 la seva gesti\u00f3. La nostra experi\u00e8ncia contrastada en l\u2019elaboraci\u00f3, direcci\u00f3 i gesti\u00f3 de cellers ens permet optimitzar esfor\u00e7os, rendibilitzar estrat\u00e8gies d\u2019elaboraci\u00f3 i &#8230; <a title=\"Enol\u00f2gic\" class=\"read-more\" href=\"https:\/\/vinic.es\/ca\/enologic\/\" aria-label=\"M\u00e9s informaci\u00f3 sobre Enol\u00f2gic\">Read more<\/a><\/p>\n","protected":false},"author":1,"featured_media":0,"parent":0,"menu_order":0,"comment_status":"closed","ping_status":"closed","template":"","meta":{"_joinchat":[],"footnotes":""},"class_list":["post-2913","page","type-page","status-publish"],"yoast_head":"<!-- This site is optimized with the Yoast SEO plugin v27.6 - https:\/\/yoast.com\/product\/yoast-seo-wordpress\/ -->\n<title>Vinic Consulting - en\u00f2legs experts i elaboraci\u00f3 de vins<\/title>\n<meta name=\"description\" content=\"Experts en enologia per a bodegues. Assessorem en l\u2019elaboraci\u00f3 de vins negres, rosats, escumosos, ecol\u00f2gics i m\u00e9s, amb t\u00e8cniques innovadores i sostenibles.\" \/>\n<meta name=\"robots\" content=\"index, follow, max-snippet:-1, max-image-preview:large, max-video-preview:-1\" \/>\n<link rel=\"canonical\" href=\"https:\/\/vinic.es\/enologico\/\" \/>\n<meta property=\"og:locale\" content=\"ca_ES\" \/>\n<meta property=\"og:type\" content=\"article\" \/>\n<meta property=\"og:title\" content=\"Vinic Consulting - en\u00f2legs experts i elaboraci\u00f3 de vins\" \/>\n<meta property=\"og:description\" content=\"Experts en enologia per a bodegues. Assessorem en l\u2019elaboraci\u00f3 de vins negres, rosats, escumosos, ecol\u00f2gics i m\u00e9s, amb t\u00e8cniques innovadores i sostenibles.\" \/>\n<meta property=\"og:url\" content=\"https:\/\/vinic.es\/enologico\/\" \/>\n<meta property=\"og:site_name\" content=\"Vinic Consulting\" \/>\n<meta property=\"article:modified_time\" content=\"2025-02-04T14:19:51+00:00\" \/>\n<meta property=\"og:image\" content=\"https:\/\/vinic.es\/wp-content\/uploads\/2020\/03\/bodega_estrategico.jpg\" \/>\n\t<meta property=\"og:image:width\" content=\"1063\" \/>\n\t<meta property=\"og:image:height\" content=\"711\" \/>\n\t<meta property=\"og:image:type\" content=\"image\/jpeg\" \/>\n<meta name=\"twitter:card\" content=\"summary_large_image\" \/>\n<meta name=\"twitter:label1\" content=\"Temps estimat de lectura\" \/>\n\t<meta name=\"twitter:data1\" content=\"2 minuts\" \/>\n<script type=\"application\/ld+json\" class=\"yoast-schema-graph\">{\"@context\":\"https:\\\/\\\/schema.org\",\"@graph\":[{\"@type\":\"WebPage\",\"@id\":\"https:\\\/\\\/vinic.es\\\/enologico\\\/\",\"url\":\"https:\\\/\\\/vinic.es\\\/enologico\\\/\",\"name\":\"Vinic Consulting - en\u00f2legs experts i elaboraci\u00f3 de vins\",\"isPartOf\":{\"@id\":\"https:\\\/\\\/vinic.es\\\/#website\"},\"primaryImageOfPage\":{\"@id\":\"https:\\\/\\\/vinic.es\\\/enologico\\\/#primaryimage\"},\"image\":{\"@id\":\"https:\\\/\\\/vinic.es\\\/enologico\\\/#primaryimage\"},\"thumbnailUrl\":\"https:\\\/\\\/vinic.es\\\/wp-content\\\/uploads\\\/2020\\\/03\\\/bodega_estrategico.jpg\",\"datePublished\":\"2020-03-11T12:42:13+00:00\",\"dateModified\":\"2025-02-04T14:19:51+00:00\",\"description\":\"Experts en enologia per a bodegues. Assessorem en l\u2019elaboraci\u00f3 de vins negres, rosats, escumosos, ecol\u00f2gics i m\u00e9s, amb t\u00e8cniques innovadores i sostenibles.\",\"breadcrumb\":{\"@id\":\"https:\\\/\\\/vinic.es\\\/enologico\\\/#breadcrumb\"},\"inLanguage\":\"ca\",\"potentialAction\":[{\"@type\":\"ReadAction\",\"target\":[\"https:\\\/\\\/vinic.es\\\/enologico\\\/\"]}]},{\"@type\":\"ImageObject\",\"inLanguage\":\"ca\",\"@id\":\"https:\\\/\\\/vinic.es\\\/enologico\\\/#primaryimage\",\"url\":\"https:\\\/\\\/vinic.es\\\/wp-content\\\/uploads\\\/2020\\\/03\\\/bodega_estrategico.jpg\",\"contentUrl\":\"https:\\\/\\\/vinic.es\\\/wp-content\\\/uploads\\\/2020\\\/03\\\/bodega_estrategico.jpg\"},{\"@type\":\"BreadcrumbList\",\"@id\":\"https:\\\/\\\/vinic.es\\\/enologico\\\/#breadcrumb\",\"itemListElement\":[{\"@type\":\"ListItem\",\"position\":1,\"name\":\"Portada\",\"item\":\"https:\\\/\\\/vinic.es\\\/\"},{\"@type\":\"ListItem\",\"position\":2,\"name\":\"Enol\u00f2gic\"}]},{\"@type\":\"WebSite\",\"@id\":\"https:\\\/\\\/vinic.es\\\/#website\",\"url\":\"https:\\\/\\\/vinic.es\\\/\",\"name\":\"Vinic Consulting\",\"description\":\"Asesoramiento vit\u00edcola y enol\u00f3gico integral para empresas vitivin\u00edcolas. Vinic consulting: creaci\u00f3n, direcci\u00f3n y gesti\u00f3n de vi\u00f1edos y bodegas.\",\"publisher\":{\"@id\":\"https:\\\/\\\/vinic.es\\\/#organization\"},\"potentialAction\":[{\"@type\":\"SearchAction\",\"target\":{\"@type\":\"EntryPoint\",\"urlTemplate\":\"https:\\\/\\\/vinic.es\\\/?s={search_term_string}\"},\"query-input\":{\"@type\":\"PropertyValueSpecification\",\"valueRequired\":true,\"valueName\":\"search_term_string\"}}],\"inLanguage\":\"ca\"},{\"@type\":\"Organization\",\"@id\":\"https:\\\/\\\/vinic.es\\\/#organization\",\"name\":\"Vinic Consulting\",\"url\":\"https:\\\/\\\/vinic.es\\\/\",\"logo\":{\"@type\":\"ImageObject\",\"inLanguage\":\"ca\",\"@id\":\"https:\\\/\\\/vinic.es\\\/#\\\/schema\\\/logo\\\/image\\\/\",\"url\":\"https:\\\/\\\/vinic.es\\\/wp-content\\\/uploads\\\/2020\\\/03\\\/logo-vinic.png\",\"contentUrl\":\"https:\\\/\\\/vinic.es\\\/wp-content\\\/uploads\\\/2020\\\/03\\\/logo-vinic.png\",\"width\":130,\"height\":43,\"caption\":\"Vinic Consulting\"},\"image\":{\"@id\":\"https:\\\/\\\/vinic.es\\\/#\\\/schema\\\/logo\\\/image\\\/\"}}]}<\/script>\n<!-- \/ Yoast SEO plugin. -->","yoast_head_json":{"title":"Vinic Consulting - en\u00f2legs experts i elaboraci\u00f3 de vins","description":"Experts en enologia per a bodegues. Assessorem en l\u2019elaboraci\u00f3 de vins negres, rosats, escumosos, ecol\u00f2gics i m\u00e9s, amb t\u00e8cniques innovadores i sostenibles.","robots":{"index":"index","follow":"follow","max-snippet":"max-snippet:-1","max-image-preview":"max-image-preview:large","max-video-preview":"max-video-preview:-1"},"canonical":"https:\/\/vinic.es\/enologico\/","og_locale":"ca_ES","og_type":"article","og_title":"Vinic Consulting - en\u00f2legs experts i elaboraci\u00f3 de vins","og_description":"Experts en enologia per a bodegues. Assessorem en l\u2019elaboraci\u00f3 de vins negres, rosats, escumosos, ecol\u00f2gics i m\u00e9s, amb t\u00e8cniques innovadores i sostenibles.","og_url":"https:\/\/vinic.es\/enologico\/","og_site_name":"Vinic Consulting","article_modified_time":"2025-02-04T14:19:51+00:00","og_image":[{"width":1063,"height":711,"url":"https:\/\/vinic.es\/wp-content\/uploads\/2020\/03\/bodega_estrategico.jpg","type":"image\/jpeg"}],"twitter_card":"summary_large_image","twitter_misc":{"Temps estimat de lectura":"2 minuts"},"schema":{"@context":"https:\/\/schema.org","@graph":[{"@type":"WebPage","@id":"https:\/\/vinic.es\/enologico\/","url":"https:\/\/vinic.es\/enologico\/","name":"Vinic Consulting - en\u00f2legs experts i elaboraci\u00f3 de vins","isPartOf":{"@id":"https:\/\/vinic.es\/#website"},"primaryImageOfPage":{"@id":"https:\/\/vinic.es\/enologico\/#primaryimage"},"image":{"@id":"https:\/\/vinic.es\/enologico\/#primaryimage"},"thumbnailUrl":"https:\/\/vinic.es\/wp-content\/uploads\/2020\/03\/bodega_estrategico.jpg","datePublished":"2020-03-11T12:42:13+00:00","dateModified":"2025-02-04T14:19:51+00:00","description":"Experts en enologia per a bodegues. Assessorem en l\u2019elaboraci\u00f3 de vins negres, rosats, escumosos, ecol\u00f2gics i m\u00e9s, amb t\u00e8cniques innovadores i sostenibles.","breadcrumb":{"@id":"https:\/\/vinic.es\/enologico\/#breadcrumb"},"inLanguage":"ca","potentialAction":[{"@type":"ReadAction","target":["https:\/\/vinic.es\/enologico\/"]}]},{"@type":"ImageObject","inLanguage":"ca","@id":"https:\/\/vinic.es\/enologico\/#primaryimage","url":"https:\/\/vinic.es\/wp-content\/uploads\/2020\/03\/bodega_estrategico.jpg","contentUrl":"https:\/\/vinic.es\/wp-content\/uploads\/2020\/03\/bodega_estrategico.jpg"},{"@type":"BreadcrumbList","@id":"https:\/\/vinic.es\/enologico\/#breadcrumb","itemListElement":[{"@type":"ListItem","position":1,"name":"Portada","item":"https:\/\/vinic.es\/"},{"@type":"ListItem","position":2,"name":"Enol\u00f2gic"}]},{"@type":"WebSite","@id":"https:\/\/vinic.es\/#website","url":"https:\/\/vinic.es\/","name":"Vinic Consulting","description":"Asesoramiento vit\u00edcola y enol\u00f3gico integral para empresas vitivin\u00edcolas. Vinic consulting: creaci\u00f3n, direcci\u00f3n y gesti\u00f3n de vi\u00f1edos y bodegas.","publisher":{"@id":"https:\/\/vinic.es\/#organization"},"potentialAction":[{"@type":"SearchAction","target":{"@type":"EntryPoint","urlTemplate":"https:\/\/vinic.es\/?s={search_term_string}"},"query-input":{"@type":"PropertyValueSpecification","valueRequired":true,"valueName":"search_term_string"}}],"inLanguage":"ca"},{"@type":"Organization","@id":"https:\/\/vinic.es\/#organization","name":"Vinic Consulting","url":"https:\/\/vinic.es\/","logo":{"@type":"ImageObject","inLanguage":"ca","@id":"https:\/\/vinic.es\/#\/schema\/logo\/image\/","url":"https:\/\/vinic.es\/wp-content\/uploads\/2020\/03\/logo-vinic.png","contentUrl":"https:\/\/vinic.es\/wp-content\/uploads\/2020\/03\/logo-vinic.png","width":130,"height":43,"caption":"Vinic Consulting"},"image":{"@id":"https:\/\/vinic.es\/#\/schema\/logo\/image\/"}}]}},"_links":{"self":[{"href":"https:\/\/vinic.es\/ca\/wp-json\/wp\/v2\/pages\/2913","targetHints":{"allow":["GET"]}}],"collection":[{"href":"https:\/\/vinic.es\/ca\/wp-json\/wp\/v2\/pages"}],"about":[{"href":"https:\/\/vinic.es\/ca\/wp-json\/wp\/v2\/types\/page"}],"author":[{"embeddable":true,"href":"https:\/\/vinic.es\/ca\/wp-json\/wp\/v2\/users\/1"}],"replies":[{"embeddable":true,"href":"https:\/\/vinic.es\/ca\/wp-json\/wp\/v2\/comments?post=2913"}],"version-history":[{"count":23,"href":"https:\/\/vinic.es\/ca\/wp-json\/wp\/v2\/pages\/2913\/revisions"}],"predecessor-version":[{"id":3734,"href":"https:\/\/vinic.es\/ca\/wp-json\/wp\/v2\/pages\/2913\/revisions\/3734"}],"wp:attachment":[{"href":"https:\/\/vinic.es\/ca\/wp-json\/wp\/v2\/media?parent=2913"}],"curies":[{"name":"wp","href":"https:\/\/api.w.org\/{rel}","templated":true}]}}