{"id":2961,"date":"2020-03-11T13:07:45","date_gmt":"2020-03-11T13:07:45","guid":{"rendered":"https:\/\/vinic.es\/?page_id=2961"},"modified":"2025-02-04T13:51:34","modified_gmt":"2025-02-04T13:51:34","slug":"financer","status":"publish","type":"page","link":"https:\/\/vinic.es\/ca\/financer\/","title":{"rendered":"Financer"},"content":{"rendered":"\t\t<div data-elementor-type=\"wp-page\" data-elementor-id=\"2961\" class=\"elementor elementor-2961\" data-elementor-post-type=\"page\">\n\t\t\t\t\t\t<section class=\"elementor-section elementor-top-section elementor-element elementor-element-35af5e3 elementor-section-boxed elementor-section-height-default elementor-section-height-default\" data-id=\"35af5e3\" data-element_type=\"section\" data-e-type=\"section\">\n\t\t\t\t\t\t<div class=\"elementor-container elementor-column-gap-default\">\n\t\t\t\t\t<div class=\"elementor-column elementor-col-100 elementor-top-column elementor-element elementor-element-d3d50fc\" data-id=\"d3d50fc\" data-element_type=\"column\" data-e-type=\"column\">\n\t\t\t<div class=\"elementor-widget-wrap elementor-element-populated\">\n\t\t\t\t\t\t<div class=\"elementor-element elementor-element-7b12427 elementor-widget elementor-widget-heading\" data-id=\"7b12427\" data-element_type=\"widget\" data-e-type=\"widget\" data-widget_type=\"heading.default\">\n\t\t\t\t<div class=\"elementor-widget-container\">\n\t\t\t\t\t<h1 class=\"elementor-heading-title elementor-size-default\">Consultoria financera i estrat\u00e8gica a Barcelona<\/h1>\t\t\t\t<\/div>\n\t\t\t\t<\/div>\n\t\t\t\t<div class=\"elementor-element elementor-element-f6ca865 elementor-widget-divider--view-line elementor-widget elementor-widget-divider\" data-id=\"f6ca865\" data-element_type=\"widget\" data-e-type=\"widget\" data-widget_type=\"divider.default\">\n\t\t\t\t<div class=\"elementor-widget-container\">\n\t\t\t\t\t\t\t<div class=\"elementor-divider\">\n\t\t\t<span class=\"elementor-divider-separator\">\n\t\t\t\t\t\t<\/span>\n\t\t<\/div>\n\t\t\t\t\t\t<\/div>\n\t\t\t\t<\/div>\n\t\t\t\t\t<\/div>\n\t\t<\/div>\n\t\t\t\t\t<\/div>\n\t\t<\/section>\n\t\t\t\t<section class=\"elementor-section elementor-top-section elementor-element elementor-element-3fc1a7ca elementor-section-boxed elementor-section-height-default elementor-section-height-default\" data-id=\"3fc1a7ca\" data-element_type=\"section\" data-e-type=\"section\">\n\t\t\t\t\t\t<div class=\"elementor-container elementor-column-gap-extended\">\n\t\t\t\t\t<div class=\"elementor-column elementor-col-50 elementor-top-column elementor-element elementor-element-6474621\" data-id=\"6474621\" data-element_type=\"column\" data-e-type=\"column\">\n\t\t\t<div class=\"elementor-widget-wrap elementor-element-populated\">\n\t\t\t\t\t\t<div class=\"elementor-element elementor-element-b3b64fa elementor-widget elementor-widget-heading\" data-id=\"b3b64fa\" data-element_type=\"widget\" data-e-type=\"widget\" data-widget_type=\"heading.default\">\n\t\t\t\t<div class=\"elementor-widget-container\">\n\t\t\t\t\t<h2 class=\"elementor-heading-title elementor-size-default\">Serveis financers per al sector vitivin\u00edcola<\/h2>\t\t\t\t<\/div>\n\t\t\t\t<\/div>\n\t\t\t\t<div class=\"elementor-element elementor-element-b0f2f3c elementor-widget elementor-widget-text-editor\" data-id=\"b0f2f3c\" data-element_type=\"widget\" data-e-type=\"widget\" data-widget_type=\"text-editor.default\">\n\t\t\t\t<div class=\"elementor-widget-container\">\n\t\t\t\t\t\t\t\t\t<div class=\"wpb_text_column wpb_content_element \"><div class=\"wpb_wrapper\"><div class=\"wpb_text_column wpb_content_element \"><div class=\"wpb_wrapper\"><div class=\"wpb_text_column wpb_content_element \"><div class=\"wpb_wrapper\"><div class=\"wpb_text_column wpb_content_element \"><div class=\"wpb_wrapper\"><p class=\"p1\"><i>VINIC consulting<\/i> coneix la import\u00e0ncia de la gesti\u00f3 financera vitivin\u00edcola, ja que aquesta engloba les decisions financeres que van des de les m\u00e9s estrat\u00e8giques en pol\u00edtica financera i d\u2019elecci\u00f3 d\u2019inversions, fins a les m\u00e9s purament t\u00e8cniques de gesti\u00f3 de la tresoreria. L\u2019enfoc financer que VINIC proposa \u00e9s \u00fanic: <strong>cercar la millora de la rendibilitat, controlant el risc d\u2019insolv\u00e8ncia.<\/strong><\/p><p class=\"p1\">La nostra experi\u00e8ncia en dirigir cellers ens ha ensenyat que sense una <strong>bona direcci\u00f3 financera, ser\u00e0 insuficient l\u2019obtenci\u00f3 de vins de qualitat<\/strong> per a rendibilitzar el projecte.<\/p><p class=\"p1\">Som especialistes en l\u2019elaboraci\u00f3 d\u2019estudis de viabilitat econ\u00f2mica.<\/p><\/div><\/div><\/div><\/div><\/div><\/div><\/div><\/div>\t\t\t\t\t\t\t\t<\/div>\n\t\t\t\t<\/div>\n\t\t\t\t<div class=\"elementor-element elementor-element-a5d432d elementor-widget elementor-widget-heading\" data-id=\"a5d432d\" data-element_type=\"widget\" data-e-type=\"widget\" data-widget_type=\"heading.default\">\n\t\t\t\t<div class=\"elementor-widget-container\">\n\t\t\t\t\t<h3 class=\"elementor-heading-title elementor-size-default\">An\u00e0lisi del producte<\/h3>\t\t\t\t<\/div>\n\t\t\t\t<\/div>\n\t\t\t\t<div class=\"elementor-element elementor-element-b16727d elementor-widget-divider--view-line elementor-widget elementor-widget-divider\" data-id=\"b16727d\" data-element_type=\"widget\" data-e-type=\"widget\" data-widget_type=\"divider.default\">\n\t\t\t\t<div class=\"elementor-widget-container\">\n\t\t\t\t\t\t\t<div class=\"elementor-divider\">\n\t\t\t<span class=\"elementor-divider-separator\">\n\t\t\t\t\t\t<\/span>\n\t\t<\/div>\n\t\t\t\t\t\t<\/div>\n\t\t\t\t<\/div>\n\t\t\t\t<div class=\"elementor-element elementor-element-8b43d1c elementor-widget elementor-widget-text-editor\" data-id=\"8b43d1c\" data-element_type=\"widget\" data-e-type=\"widget\" data-widget_type=\"text-editor.default\">\n\t\t\t\t<div class=\"elementor-widget-container\">\n\t\t\t\t\t\t\t\t\t<div class=\"wpb_text_column wpb_content_element \"><div class=\"wpb_wrapper\"><div class=\"wpb_text_column wpb_content_element \"><div class=\"wpb_wrapper\"><p class=\"p1\">Costos.<\/p><p class=\"p1\">Marges i preus de venda al public.<\/p><\/div><\/div><\/div><\/div>\t\t\t\t\t\t\t\t<\/div>\n\t\t\t\t<\/div>\n\t\t\t\t<div class=\"elementor-element elementor-element-8b1ee66 elementor-widget elementor-widget-heading\" data-id=\"8b1ee66\" data-element_type=\"widget\" data-e-type=\"widget\" data-widget_type=\"heading.default\">\n\t\t\t\t<div class=\"elementor-widget-container\">\n\t\t\t\t\t<h3 class=\"elementor-heading-title elementor-size-default\">An\u00e0lisi econ\u00f2mic i financer<\/h3>\t\t\t\t<\/div>\n\t\t\t\t<\/div>\n\t\t\t\t<div class=\"elementor-element elementor-element-90a3919 elementor-widget-divider--view-line elementor-widget elementor-widget-divider\" data-id=\"90a3919\" data-element_type=\"widget\" data-e-type=\"widget\" data-widget_type=\"divider.default\">\n\t\t\t\t<div class=\"elementor-widget-container\">\n\t\t\t\t\t\t\t<div class=\"elementor-divider\">\n\t\t\t<span class=\"elementor-divider-separator\">\n\t\t\t\t\t\t<\/span>\n\t\t<\/div>\n\t\t\t\t\t\t<\/div>\n\t\t\t\t<\/div>\n\t\t\t\t<div class=\"elementor-element elementor-element-446d363 elementor-widget elementor-widget-text-editor\" data-id=\"446d363\" data-element_type=\"widget\" data-e-type=\"widget\" data-widget_type=\"text-editor.default\">\n\t\t\t\t<div class=\"elementor-widget-container\">\n\t\t\t\t\t\t\t\t\t<div class=\"wpb_text_column wpb_content_element \"><div class=\"wpb_wrapper\"><div class=\"wpb_text_column wpb_content_element \"><div class=\"wpb_wrapper\"><div class=\"wpb_text_column wpb_content_element \"><div class=\"wpb_wrapper\"><p class=\"p1\">Plans d\u2019inversi\u00f3 i finan\u00e7ament.<\/p><p class=\"p2\">Comptes de resultats i cash flow.<\/p><p class=\"p2\">Punts d\u2019equilibri.<\/p><p class=\"p1\">Pressupostos de tresoreria.<\/p><p class=\"p1\">Balan\u00e7os de situaci\u00f3.<\/p><p class=\"p1\">Fons de maniobra.<\/p><p class=\"p3\">An\u00e0lisi de la rendibilitat del projecte.<\/p><p class=\"p4\">R\u00e0tio \u00f2ptims.<\/p><p class=\"p4\">Auditories.<\/p><p class=\"p4\">Ger\u00e8ncia.<\/p><\/div><\/div><\/div><\/div><\/div><\/div>\t\t\t\t\t\t\t\t<\/div>\n\t\t\t\t<\/div>\n\t\t\t\t\t<\/div>\n\t\t<\/div>\n\t\t\t\t<div class=\"elementor-column elementor-col-50 elementor-top-column elementor-element elementor-element-11bc55d6\" data-id=\"11bc55d6\" data-element_type=\"column\" data-e-type=\"column\">\n\t\t\t<div class=\"elementor-widget-wrap elementor-element-populated\">\n\t\t\t\t\t\t<div class=\"elementor-element elementor-element-ba4314c elementor-widget elementor-widget-heading\" data-id=\"ba4314c\" data-element_type=\"widget\" data-e-type=\"widget\" data-widget_type=\"heading.default\">\n\t\t\t\t<div class=\"elementor-widget-container\">\n\t\t\t\t\t<h3 class=\"elementor-heading-title elementor-size-default\">Auditories i ger\u00e8ncia<\/h3>\t\t\t\t<\/div>\n\t\t\t\t<\/div>\n\t\t\t\t<div class=\"elementor-element elementor-element-4fad5f5 elementor-widget-divider--view-line elementor-widget elementor-widget-divider\" data-id=\"4fad5f5\" data-element_type=\"widget\" data-e-type=\"widget\" data-widget_type=\"divider.default\">\n\t\t\t\t<div class=\"elementor-widget-container\">\n\t\t\t\t\t\t\t<div class=\"elementor-divider\">\n\t\t\t<span class=\"elementor-divider-separator\">\n\t\t\t\t\t\t<\/span>\n\t\t<\/div>\n\t\t\t\t\t\t<\/div>\n\t\t\t\t<\/div>\n\t\t\t\t<div class=\"elementor-element elementor-element-71c9e71 elementor-widget elementor-widget-text-editor\" data-id=\"71c9e71\" data-element_type=\"widget\" data-e-type=\"widget\" data-widget_type=\"text-editor.default\">\n\t\t\t\t<div class=\"elementor-widget-container\">\n\t\t\t\t\t\t\t\t\t<div class=\"wpb_text_column wpb_content_element \"><div class=\"wpb_wrapper\"><div class=\"wpb_text_column wpb_content_element \"><div class=\"wpb_wrapper\"><div class=\"wpb_text_column wpb_content_element \"><div class=\"wpb_wrapper\"><div class=\"wpb_text_column wpb_content_element \"><div class=\"wpb_wrapper\"><div class=\"wpb_text_column wpb_content_element \"><div class=\"wpb_wrapper\"><p class=\"p1\">VINIC Consulting tamb\u00e9 tramita i gestiona els requisits legals i administratius relacionats amb la implantaci\u00f3 de cultius i la gesti\u00f3 de projectes vitivin\u00edcoles, amb l\u2019objectiu de proporcionar al client la seguretat i tranquil\u00b7litat que ofereix l\u2019acompanyament especialitzat en aquest tipus de procediments legals administratius.<\/p><p class=\"p1\">El coneixement especialitzat de les actuacions i processos a seguir, fruit de l\u2019experi\u00e8ncia adquirida durant els anys,<span class=\"Apple-converted-space\">\u00a0 <\/span>proporciona l\u2019agilitat necess\u00e0ria perqu\u00e8 el client pugui focalitzar els seus esfor\u00e7os en la producci\u00f3 i elaboraci\u00f3 dels seus vins.<\/p><\/div><\/div><\/div><\/div><\/div><\/div><\/div><\/div><\/div><\/div>\t\t\t\t\t\t\t\t<\/div>\n\t\t\t\t<\/div>\n\t\t\t\t<div class=\"elementor-element elementor-element-5ceb759 elementor-widget elementor-widget-text-editor\" data-id=\"5ceb759\" data-element_type=\"widget\" data-e-type=\"widget\" data-widget_type=\"text-editor.default\">\n\t\t\t\t<div class=\"elementor-widget-container\">\n\t\t\t\t\t\t\t\t\t<div class=\"wpb_text_column wpb_content_element \"><div class=\"wpb_wrapper\"><div class=\"wpb_text_column wpb_content_element \"><div class=\"wpb_wrapper\"><div class=\"wpb_text_column wpb_content_element \"><div class=\"wpb_wrapper\"><div class=\"wpb_text_column wpb_content_element \"><div class=\"wpb_wrapper\"><p class=\"p1\">Expedients de plantaci\u00f3 i arrancada de vinyes.<\/p><p class=\"p1\">Tramitaci\u00f3 d\u2019operacions de transfer\u00e8ncia de drets a autoritzacions de plantaci\u00f3 entre viticultors.<\/p><p class=\"p1\">Gesti\u00f3 de transfer\u00e8ncia de drets<\/p><p class=\"p1\">Estudis t\u00e8cnics complementaris (ag\u00e8ncia de l\u2019aigua, administraci\u00f3 p\u00fablica, organismes oficials, \u2026).<\/p><p class=\"p1\">Tramitaci\u00f3 d\u2019altes i ampliacions de l\u2019activitat de vinyes i cellers en agricultura ecol\u00f2gica.<\/p><\/div><\/div><\/div><\/div><\/div><\/div><\/div><\/div>\t\t\t\t\t\t\t\t<\/div>\n\t\t\t\t<\/div>\n\t\t\t\t\t<\/div>\n\t\t<\/div>\n\t\t\t\t\t<\/div>\n\t\t<\/section>\n\t\t\t\t<section class=\"elementor-section elementor-top-section elementor-element elementor-element-dc715ff elementor-section-stretched elementor-section-boxed elementor-section-height-default elementor-section-height-default\" data-id=\"dc715ff\" data-element_type=\"section\" data-e-type=\"section\" data-settings=\"{&quot;stretch_section&quot;:&quot;section-stretched&quot;,&quot;background_background&quot;:&quot;classic&quot;}\">\n\t\t\t\t\t\t<div class=\"elementor-container elementor-column-gap-default\">\n\t\t\t\t\t<div class=\"elementor-column elementor-col-100 elementor-top-column elementor-element elementor-element-83d7880\" data-id=\"83d7880\" data-element_type=\"column\" data-e-type=\"column\">\n\t\t\t<div class=\"elementor-widget-wrap\">\n\t\t\t\t\t\t\t<\/div>\n\t\t<\/div>\n\t\t\t\t\t<\/div>\n\t\t<\/section>\n\t\t\t\t<\/div>\n\t\t","protected":false},"excerpt":{"rendered":"<p>Consultoria financera i estrat\u00e8gica a Barcelona Serveis financers per al sector vitivin\u00edcola VINIC consulting coneix la import\u00e0ncia de la gesti\u00f3 financera vitivin\u00edcola, ja que aquesta engloba les decisions financeres que van des de les m\u00e9s estrat\u00e8giques en pol\u00edtica financera i d\u2019elecci\u00f3 d\u2019inversions, fins a les m\u00e9s purament t\u00e8cniques de gesti\u00f3 de la tresoreria. L\u2019enfoc financer &#8230; <a title=\"Financer\" class=\"read-more\" href=\"https:\/\/vinic.es\/ca\/financer\/\" aria-label=\"M\u00e9s informaci\u00f3 sobre Financer\">Read more<\/a><\/p>\n","protected":false},"author":1,"featured_media":0,"parent":0,"menu_order":0,"comment_status":"closed","ping_status":"closed","template":"","meta":{"_joinchat":[],"footnotes":""},"class_list":["post-2961","page","type-page","status-publish"],"yoast_head":"<!-- This site is optimized with the Yoast SEO plugin v27.6 - https:\/\/yoast.com\/product\/yoast-seo-wordpress\/ -->\n<title>Vinic Consulting - assessoria financiera per a bodegues<\/title>\n<meta name=\"description\" content=\"Assessors financers i inversions per bodegues a Barcelona. Experts en gesti\u00f3 econ\u00f2mica, inversions en vi\u00f1es, PAC i estrat\u00e8gies de creixement sostenible.\" \/>\n<meta name=\"robots\" content=\"index, follow, max-snippet:-1, max-image-preview:large, max-video-preview:-1\" \/>\n<link rel=\"canonical\" href=\"https:\/\/vinic.es\/financiero\/\" \/>\n<meta property=\"og:locale\" content=\"ca_ES\" \/>\n<meta property=\"og:type\" content=\"article\" \/>\n<meta property=\"og:title\" content=\"Vinic Consulting - assessoria financiera per a bodegues\" \/>\n<meta property=\"og:description\" content=\"Assessors financers i inversions per bodegues a Barcelona. Experts en gesti\u00f3 econ\u00f2mica, inversions en vi\u00f1es, PAC i estrat\u00e8gies de creixement sostenible.\" \/>\n<meta property=\"og:url\" content=\"https:\/\/vinic.es\/financiero\/\" \/>\n<meta property=\"og:site_name\" content=\"Vinic Consulting\" \/>\n<meta property=\"article:modified_time\" content=\"2025-02-04T13:51:34+00:00\" \/>\n<meta name=\"twitter:card\" content=\"summary_large_image\" \/>\n<meta name=\"twitter:label1\" content=\"Temps estimat de lectura\" \/>\n\t<meta name=\"twitter:data1\" content=\"2 minuts\" \/>\n<script type=\"application\/ld+json\" class=\"yoast-schema-graph\">{\"@context\":\"https:\\\/\\\/schema.org\",\"@graph\":[{\"@type\":\"WebPage\",\"@id\":\"https:\\\/\\\/vinic.es\\\/financiero\\\/\",\"url\":\"https:\\\/\\\/vinic.es\\\/financiero\\\/\",\"name\":\"Vinic Consulting - assessoria financiera per a bodegues\",\"isPartOf\":{\"@id\":\"https:\\\/\\\/vinic.es\\\/#website\"},\"datePublished\":\"2020-03-11T13:07:45+00:00\",\"dateModified\":\"2025-02-04T13:51:34+00:00\",\"description\":\"Assessors financers i inversions per bodegues a Barcelona. Experts en gesti\u00f3 econ\u00f2mica, inversions en vi\u00f1es, PAC i estrat\u00e8gies de creixement sostenible.\",\"breadcrumb\":{\"@id\":\"https:\\\/\\\/vinic.es\\\/financiero\\\/#breadcrumb\"},\"inLanguage\":\"ca\",\"potentialAction\":[{\"@type\":\"ReadAction\",\"target\":[\"https:\\\/\\\/vinic.es\\\/financiero\\\/\"]}]},{\"@type\":\"BreadcrumbList\",\"@id\":\"https:\\\/\\\/vinic.es\\\/financiero\\\/#breadcrumb\",\"itemListElement\":[{\"@type\":\"ListItem\",\"position\":1,\"name\":\"Portada\",\"item\":\"https:\\\/\\\/vinic.es\\\/\"},{\"@type\":\"ListItem\",\"position\":2,\"name\":\"Financer\"}]},{\"@type\":\"WebSite\",\"@id\":\"https:\\\/\\\/vinic.es\\\/#website\",\"url\":\"https:\\\/\\\/vinic.es\\\/\",\"name\":\"Vinic Consulting\",\"description\":\"Asesoramiento vit\u00edcola y enol\u00f3gico integral para empresas vitivin\u00edcolas. Vinic consulting: creaci\u00f3n, direcci\u00f3n y gesti\u00f3n de vi\u00f1edos y bodegas.\",\"publisher\":{\"@id\":\"https:\\\/\\\/vinic.es\\\/#organization\"},\"potentialAction\":[{\"@type\":\"SearchAction\",\"target\":{\"@type\":\"EntryPoint\",\"urlTemplate\":\"https:\\\/\\\/vinic.es\\\/?s={search_term_string}\"},\"query-input\":{\"@type\":\"PropertyValueSpecification\",\"valueRequired\":true,\"valueName\":\"search_term_string\"}}],\"inLanguage\":\"ca\"},{\"@type\":\"Organization\",\"@id\":\"https:\\\/\\\/vinic.es\\\/#organization\",\"name\":\"Vinic Consulting\",\"url\":\"https:\\\/\\\/vinic.es\\\/\",\"logo\":{\"@type\":\"ImageObject\",\"inLanguage\":\"ca\",\"@id\":\"https:\\\/\\\/vinic.es\\\/#\\\/schema\\\/logo\\\/image\\\/\",\"url\":\"https:\\\/\\\/vinic.es\\\/wp-content\\\/uploads\\\/2020\\\/03\\\/logo-vinic.png\",\"contentUrl\":\"https:\\\/\\\/vinic.es\\\/wp-content\\\/uploads\\\/2020\\\/03\\\/logo-vinic.png\",\"width\":130,\"height\":43,\"caption\":\"Vinic Consulting\"},\"image\":{\"@id\":\"https:\\\/\\\/vinic.es\\\/#\\\/schema\\\/logo\\\/image\\\/\"}}]}<\/script>\n<!-- \/ Yoast SEO plugin. -->","yoast_head_json":{"title":"Vinic Consulting - assessoria financiera per a bodegues","description":"Assessors financers i inversions per bodegues a Barcelona. Experts en gesti\u00f3 econ\u00f2mica, inversions en vi\u00f1es, PAC i estrat\u00e8gies de creixement sostenible.","robots":{"index":"index","follow":"follow","max-snippet":"max-snippet:-1","max-image-preview":"max-image-preview:large","max-video-preview":"max-video-preview:-1"},"canonical":"https:\/\/vinic.es\/financiero\/","og_locale":"ca_ES","og_type":"article","og_title":"Vinic Consulting - assessoria financiera per a bodegues","og_description":"Assessors financers i inversions per bodegues a Barcelona. Experts en gesti\u00f3 econ\u00f2mica, inversions en vi\u00f1es, PAC i estrat\u00e8gies de creixement sostenible.","og_url":"https:\/\/vinic.es\/financiero\/","og_site_name":"Vinic Consulting","article_modified_time":"2025-02-04T13:51:34+00:00","twitter_card":"summary_large_image","twitter_misc":{"Temps estimat de lectura":"2 minuts"},"schema":{"@context":"https:\/\/schema.org","@graph":[{"@type":"WebPage","@id":"https:\/\/vinic.es\/financiero\/","url":"https:\/\/vinic.es\/financiero\/","name":"Vinic Consulting - assessoria financiera per a bodegues","isPartOf":{"@id":"https:\/\/vinic.es\/#website"},"datePublished":"2020-03-11T13:07:45+00:00","dateModified":"2025-02-04T13:51:34+00:00","description":"Assessors financers i inversions per bodegues a Barcelona. Experts en gesti\u00f3 econ\u00f2mica, inversions en vi\u00f1es, PAC i estrat\u00e8gies de creixement sostenible.","breadcrumb":{"@id":"https:\/\/vinic.es\/financiero\/#breadcrumb"},"inLanguage":"ca","potentialAction":[{"@type":"ReadAction","target":["https:\/\/vinic.es\/financiero\/"]}]},{"@type":"BreadcrumbList","@id":"https:\/\/vinic.es\/financiero\/#breadcrumb","itemListElement":[{"@type":"ListItem","position":1,"name":"Portada","item":"https:\/\/vinic.es\/"},{"@type":"ListItem","position":2,"name":"Financer"}]},{"@type":"WebSite","@id":"https:\/\/vinic.es\/#website","url":"https:\/\/vinic.es\/","name":"Vinic Consulting","description":"Asesoramiento vit\u00edcola y enol\u00f3gico integral para empresas vitivin\u00edcolas. Vinic consulting: creaci\u00f3n, direcci\u00f3n y gesti\u00f3n de vi\u00f1edos y bodegas.","publisher":{"@id":"https:\/\/vinic.es\/#organization"},"potentialAction":[{"@type":"SearchAction","target":{"@type":"EntryPoint","urlTemplate":"https:\/\/vinic.es\/?s={search_term_string}"},"query-input":{"@type":"PropertyValueSpecification","valueRequired":true,"valueName":"search_term_string"}}],"inLanguage":"ca"},{"@type":"Organization","@id":"https:\/\/vinic.es\/#organization","name":"Vinic Consulting","url":"https:\/\/vinic.es\/","logo":{"@type":"ImageObject","inLanguage":"ca","@id":"https:\/\/vinic.es\/#\/schema\/logo\/image\/","url":"https:\/\/vinic.es\/wp-content\/uploads\/2020\/03\/logo-vinic.png","contentUrl":"https:\/\/vinic.es\/wp-content\/uploads\/2020\/03\/logo-vinic.png","width":130,"height":43,"caption":"Vinic Consulting"},"image":{"@id":"https:\/\/vinic.es\/#\/schema\/logo\/image\/"}}]}},"_links":{"self":[{"href":"https:\/\/vinic.es\/ca\/wp-json\/wp\/v2\/pages\/2961","targetHints":{"allow":["GET"]}}],"collection":[{"href":"https:\/\/vinic.es\/ca\/wp-json\/wp\/v2\/pages"}],"about":[{"href":"https:\/\/vinic.es\/ca\/wp-json\/wp\/v2\/types\/page"}],"author":[{"embeddable":true,"href":"https:\/\/vinic.es\/ca\/wp-json\/wp\/v2\/users\/1"}],"replies":[{"embeddable":true,"href":"https:\/\/vinic.es\/ca\/wp-json\/wp\/v2\/comments?post=2961"}],"version-history":[{"count":19,"href":"https:\/\/vinic.es\/ca\/wp-json\/wp\/v2\/pages\/2961\/revisions"}],"predecessor-version":[{"id":3702,"href":"https:\/\/vinic.es\/ca\/wp-json\/wp\/v2\/pages\/2961\/revisions\/3702"}],"wp:attachment":[{"href":"https:\/\/vinic.es\/ca\/wp-json\/wp\/v2\/media?parent=2961"}],"curies":[{"name":"wp","href":"https:\/\/api.w.org\/{rel}","templated":true}]}}