{"id":2984,"date":"2020-03-11T13:23:20","date_gmt":"2020-03-11T13:23:20","guid":{"rendered":"https:\/\/vinic.es\/?page_id=2984"},"modified":"2025-02-04T14:20:44","modified_gmt":"2025-02-04T14:20:44","slug":"estrategic","status":"publish","type":"page","link":"https:\/\/vinic.es\/ca\/estrategic\/","title":{"rendered":"Estrat\u00e8gic"},"content":{"rendered":"\t\t<div data-elementor-type=\"wp-page\" data-elementor-id=\"2984\" class=\"elementor elementor-2984\" data-elementor-post-type=\"page\">\n\t\t\t\t\t\t<section class=\"elementor-section elementor-top-section elementor-element elementor-element-3fc1a7ca elementor-section-boxed elementor-section-height-default elementor-section-height-default\" data-id=\"3fc1a7ca\" data-element_type=\"section\" data-e-type=\"section\">\n\t\t\t\t\t\t<div class=\"elementor-container elementor-column-gap-extended\">\n\t\t\t\t\t<div class=\"elementor-column elementor-col-50 elementor-top-column elementor-element elementor-element-6474621\" data-id=\"6474621\" data-element_type=\"column\" data-e-type=\"column\">\n\t\t\t<div class=\"elementor-widget-wrap elementor-element-populated\">\n\t\t\t\t\t\t<div class=\"elementor-element elementor-element-7b12427 elementor-widget elementor-widget-heading\" data-id=\"7b12427\" data-element_type=\"widget\" data-e-type=\"widget\" data-widget_type=\"heading.default\">\n\t\t\t\t<div class=\"elementor-widget-container\">\n\t\t\t\t\t<h2 class=\"elementor-heading-title elementor-size-default\">Consulting Estrat\u00e8gic<\/h2>\t\t\t\t<\/div>\n\t\t\t\t<\/div>\n\t\t\t\t<div class=\"elementor-element elementor-element-f6ca865 elementor-widget-divider--view-line elementor-widget elementor-widget-divider\" data-id=\"f6ca865\" data-element_type=\"widget\" data-e-type=\"widget\" data-widget_type=\"divider.default\">\n\t\t\t\t<div class=\"elementor-widget-container\">\n\t\t\t\t\t\t\t<div class=\"elementor-divider\">\n\t\t\t<span class=\"elementor-divider-separator\">\n\t\t\t\t\t\t<\/span>\n\t\t<\/div>\n\t\t\t\t\t\t<\/div>\n\t\t\t\t<\/div>\n\t\t\t\t<div class=\"elementor-element elementor-element-b0f2f3c elementor-widget elementor-widget-text-editor\" data-id=\"b0f2f3c\" data-element_type=\"widget\" data-e-type=\"widget\" data-widget_type=\"text-editor.default\">\n\t\t\t\t<div class=\"elementor-widget-container\">\n\t\t\t\t\t\t\t\t\t<div class=\"wpb_text_column wpb_content_element \"><div class=\"wpb_wrapper\"><div class=\"wpb_text_column wpb_content_element \"><div class=\"wpb_wrapper\"><div class=\"wpb_text_column wpb_content_element \"><div class=\"wpb_wrapper\">Els cellers d\u2019avui en dia s\u2019enfronten m\u00e9s que mai, a forts canvis econ\u00f2mics i de consum, fet que comporta la necess\u00e0ria presa de decisions dins l\u2019\u00e0mbit empresarial adaptant-se al canviant i complex m\u00f3n per poder ser competitiu, on la direcci\u00f3 estrat\u00e8gica \u00e9s imprescindible per aconseguir uns bons resultats pels cellers.<\/div><\/div><\/div><\/div><\/div><\/div>\t\t\t\t\t\t\t\t<\/div>\n\t\t\t\t<\/div>\n\t\t\t\t<div class=\"elementor-element elementor-element-a2baad0 elementor-widget elementor-widget-heading\" data-id=\"a2baad0\" data-element_type=\"widget\" data-e-type=\"widget\" data-widget_type=\"heading.default\">\n\t\t\t\t<div class=\"elementor-widget-container\">\n\t\t\t\t\t<h3 class=\"elementor-heading-title elementor-size-default\">VINIC \u00e9s especialista en la direcci\u00f3 estrat\u00e8gica i proposem un Consulting basat en tres punts d\u2019actuaci\u00f3:<\/h3>\t\t\t\t<\/div>\n\t\t\t\t<\/div>\n\t\t\t\t<div class=\"elementor-element elementor-element-c3d0db6 elementor-widget-divider--view-line elementor-widget elementor-widget-divider\" data-id=\"c3d0db6\" data-element_type=\"widget\" data-e-type=\"widget\" data-widget_type=\"divider.default\">\n\t\t\t\t<div class=\"elementor-widget-container\">\n\t\t\t\t\t\t\t<div class=\"elementor-divider\">\n\t\t\t<span class=\"elementor-divider-separator\">\n\t\t\t\t\t\t<\/span>\n\t\t<\/div>\n\t\t\t\t\t\t<\/div>\n\t\t\t\t<\/div>\n\t\t\t\t<div class=\"elementor-element elementor-element-8b43d1c elementor-widget elementor-widget-text-editor\" data-id=\"8b43d1c\" data-element_type=\"widget\" data-e-type=\"widget\" data-widget_type=\"text-editor.default\">\n\t\t\t\t<div class=\"elementor-widget-container\">\n\t\t\t\t\t\t\t\t\t<div class=\"wpb_text_column wpb_content_element \"><div class=\"wpb_wrapper\"><p class=\"p1\"><strong style=\"color: #000;\"><span class=\"s1\"><strong>Definici\u00f3 d\u2019objectius estrat\u00e8gics<\/strong><\/span><\/strong><\/p><p class=\"p1\">Definir la filosofia i missi\u00f3 de la bodega.<\/p><p class=\"p1\">Establir objectius a curt i llarg pla\u00e7 per obtenir la missi\u00f3 del celler.<\/p><\/div><\/div>\t\t\t\t\t\t\t\t<\/div>\n\t\t\t\t<\/div>\n\t\t\t\t<div class=\"elementor-element elementor-element-4a7b877 elementor-widget elementor-widget-text-editor\" data-id=\"4a7b877\" data-element_type=\"widget\" data-e-type=\"widget\" data-widget_type=\"text-editor.default\">\n\t\t\t\t<div class=\"elementor-widget-container\">\n\t\t\t\t\t\t\t\t\t<div class=\"wpb_text_column wpb_content_element \"><div class=\"wpb_wrapper\"><p class=\"p1\"><strong style=\"color: #000;\"><span class=\"s1\"><strong>Planificaci\u00f3 estrat\u00e8gica<\/strong><\/span><\/strong><\/p><p class=\"p1\">Formular diverses estrat\u00e8gies possibles i elegir la m\u00e9s adient.<\/p><p class=\"p2\">Desenvolupar una estructura organitzativa per aconseguir l\u2019estrat\u00e8gia.<\/p><\/div><\/div>\t\t\t\t\t\t\t\t<\/div>\n\t\t\t\t<\/div>\n\t\t\t\t\t<\/div>\n\t\t<\/div>\n\t\t\t\t<div class=\"elementor-column elementor-col-50 elementor-top-column elementor-element elementor-element-11bc55d6\" data-id=\"11bc55d6\" data-element_type=\"column\" data-e-type=\"column\">\n\t\t\t<div class=\"elementor-widget-wrap elementor-element-populated\">\n\t\t\t\t\t\t<div class=\"elementor-element elementor-element-0bade60 elementor-widget elementor-widget-image\" data-id=\"0bade60\" data-element_type=\"widget\" data-e-type=\"widget\" data-widget_type=\"image.default\">\n\t\t\t\t<div class=\"elementor-widget-container\">\n\t\t\t\t\t\t\t\t\t\t\t\t\t\t\t<img fetchpriority=\"high\" decoding=\"async\" width=\"1200\" height=\"800\" src=\"https:\/\/vinic.es\/wp-content\/uploads\/2020\/03\/immenta_estrategica.jpg\" class=\"attachment-full size-full wp-image-2978\" alt=\"Imatge del servei de consultoria estrat\u00e8gica per a cellers. Persona amb ra\u00efm a les mans\" srcset=\"https:\/\/vinic.es\/wp-content\/uploads\/2020\/03\/immenta_estrategica.jpg 1200w, https:\/\/vinic.es\/wp-content\/uploads\/2020\/03\/immenta_estrategica-300x200.jpg 300w, https:\/\/vinic.es\/wp-content\/uploads\/2020\/03\/immenta_estrategica-1024x683.jpg 1024w, https:\/\/vinic.es\/wp-content\/uploads\/2020\/03\/immenta_estrategica-768x512.jpg 768w\" sizes=\"(max-width: 1200px) 100vw, 1200px\" \/>\t\t\t\t\t\t\t\t\t\t\t\t\t\t\t<\/div>\n\t\t\t\t<\/div>\n\t\t\t\t<div class=\"elementor-element elementor-element-e41138a elementor-widget elementor-widget-text-editor\" data-id=\"e41138a\" data-element_type=\"widget\" data-e-type=\"widget\" data-widget_type=\"text-editor.default\">\n\t\t\t\t<div class=\"elementor-widget-container\">\n\t\t\t\t\t\t\t\t\t<div class=\"wpb_text_column wpb_content_element \"><div class=\"wpb_wrapper\"><div class=\"wpb_text_column wpb_content_element \"><div class=\"wpb_wrapper\"><p class=\"p1\"><strong style=\"color: #000;\"><span class=\"s1\"><strong>Implementaci\u00f3 estrat\u00e8gica<\/strong><\/span><\/strong><\/p><p class=\"p1\">Assegurar les activitats necess\u00e0ries per obtenir que l\u2019estrat\u00e8gia es compleixi amb efectivitat.<\/p><p class=\"p1\">Controlar l\u2019efic\u00e0cia de l\u2019estrat\u00e8gia per aconseguir els objectius de la bodega.<\/p><\/div><\/div><\/div><\/div>\t\t\t\t\t\t\t\t<\/div>\n\t\t\t\t<\/div>\n\t\t\t\t<div class=\"elementor-element elementor-element-a38e7e7 elementor-widget elementor-widget-text-editor\" data-id=\"a38e7e7\" data-element_type=\"widget\" data-e-type=\"widget\" data-widget_type=\"text-editor.default\">\n\t\t\t\t<div class=\"elementor-widget-container\">\n\t\t\t\t\t\t\t\t\t<p>El proc\u00e9s de direcci\u00f3 estrat\u00e8gica requereix d\u2019una planificaci\u00f3 i d\u2019un proc\u00e9s continuat de presa de<span class=\"Apple-converted-space\">\u00a0 <\/span>decisions, que fixa per avan\u00e7at qu\u00e8 cal fer, com fer-ho, quan fer-ho i qui ho far\u00e0. <strong>No es preocupi, treballarem per aconseguir la millor estrat\u00e8gia per al seu celler, ja que \u00e9s la clau de l\u2019\u00e8xit.<\/strong><\/p>\t\t\t\t\t\t\t\t<\/div>\n\t\t\t\t<\/div>\n\t\t\t\t\t<\/div>\n\t\t<\/div>\n\t\t\t\t\t<\/div>\n\t\t<\/section>\n\t\t\t\t<\/div>\n\t\t","protected":false},"excerpt":{"rendered":"<p>Consulting Estrat\u00e8gic Els cellers d\u2019avui en dia s\u2019enfronten m\u00e9s que mai, a forts canvis econ\u00f2mics i de consum, fet que comporta la necess\u00e0ria presa de decisions dins l\u2019\u00e0mbit empresarial adaptant-se al canviant i complex m\u00f3n per poder ser competitiu, on la direcci\u00f3 estrat\u00e8gica \u00e9s imprescindible per aconseguir uns bons resultats pels cellers. VINIC \u00e9s especialista &#8230; <a title=\"Estrat\u00e8gic\" class=\"read-more\" href=\"https:\/\/vinic.es\/ca\/estrategic\/\" aria-label=\"M\u00e9s informaci\u00f3 sobre Estrat\u00e8gic\">Read more<\/a><\/p>\n","protected":false},"author":1,"featured_media":0,"parent":0,"menu_order":0,"comment_status":"closed","ping_status":"closed","template":"","meta":{"_joinchat":[],"footnotes":""},"class_list":["post-2984","page","type-page","status-publish"],"yoast_head":"<!-- This site is optimized with the Yoast SEO plugin v27.6 - https:\/\/yoast.com\/product\/yoast-seo-wordpress\/ -->\n<title>Consulting Estrat\u00e8gic. Especialistes en cellers | Vinic.es<\/title>\n<meta name=\"description\" content=\"Els cellers d&#039;avui dia s&#039;enfronten m\u00e9s que mai a forts canvis econ\u00f2mics i de consum, per aix\u00f2, cal prendre decisions.\" \/>\n<meta name=\"robots\" content=\"index, follow, max-snippet:-1, max-image-preview:large, max-video-preview:-1\" \/>\n<link rel=\"canonical\" href=\"https:\/\/vinic.es\/estrategico\/\" \/>\n<meta property=\"og:locale\" content=\"ca_ES\" \/>\n<meta property=\"og:type\" content=\"article\" \/>\n<meta property=\"og:title\" content=\"Consulting Estrat\u00e8gic. Especialistes en cellers | Vinic.es\" \/>\n<meta property=\"og:description\" content=\"Els cellers d&#039;avui dia s&#039;enfronten m\u00e9s que mai a forts canvis econ\u00f2mics i de consum, per aix\u00f2, cal prendre decisions.\" \/>\n<meta property=\"og:url\" content=\"https:\/\/vinic.es\/estrategico\/\" \/>\n<meta property=\"og:site_name\" content=\"Vinic Consulting\" \/>\n<meta property=\"article:modified_time\" content=\"2025-02-04T14:20:44+00:00\" \/>\n<meta property=\"og:image\" content=\"https:\/\/vinic.es\/wp-content\/uploads\/2020\/03\/immenta_estrategica.jpg\" \/>\n\t<meta property=\"og:image:width\" content=\"1200\" \/>\n\t<meta property=\"og:image:height\" content=\"800\" \/>\n\t<meta property=\"og:image:type\" content=\"image\/jpeg\" \/>\n<meta name=\"twitter:card\" content=\"summary_large_image\" \/>\n<meta name=\"twitter:label1\" content=\"Temps estimat de lectura\" \/>\n\t<meta name=\"twitter:data1\" content=\"2 minuts\" \/>\n<script type=\"application\/ld+json\" class=\"yoast-schema-graph\">{\"@context\":\"https:\\\/\\\/schema.org\",\"@graph\":[{\"@type\":\"WebPage\",\"@id\":\"https:\\\/\\\/vinic.es\\\/estrategico\\\/\",\"url\":\"https:\\\/\\\/vinic.es\\\/estrategico\\\/\",\"name\":\"Consulting Estrat\u00e8gic. Especialistes en cellers | Vinic.es\",\"isPartOf\":{\"@id\":\"https:\\\/\\\/vinic.es\\\/#website\"},\"primaryImageOfPage\":{\"@id\":\"https:\\\/\\\/vinic.es\\\/estrategico\\\/#primaryimage\"},\"image\":{\"@id\":\"https:\\\/\\\/vinic.es\\\/estrategico\\\/#primaryimage\"},\"thumbnailUrl\":\"https:\\\/\\\/vinic.es\\\/wp-content\\\/uploads\\\/2020\\\/03\\\/immenta_estrategica.jpg\",\"datePublished\":\"2020-03-11T13:23:20+00:00\",\"dateModified\":\"2025-02-04T14:20:44+00:00\",\"description\":\"Els cellers d'avui dia s'enfronten m\u00e9s que mai a forts canvis econ\u00f2mics i de consum, per aix\u00f2, cal prendre decisions.\",\"breadcrumb\":{\"@id\":\"https:\\\/\\\/vinic.es\\\/estrategico\\\/#breadcrumb\"},\"inLanguage\":\"ca\",\"potentialAction\":[{\"@type\":\"ReadAction\",\"target\":[\"https:\\\/\\\/vinic.es\\\/estrategico\\\/\"]}]},{\"@type\":\"ImageObject\",\"inLanguage\":\"ca\",\"@id\":\"https:\\\/\\\/vinic.es\\\/estrategico\\\/#primaryimage\",\"url\":\"https:\\\/\\\/vinic.es\\\/wp-content\\\/uploads\\\/2020\\\/03\\\/immenta_estrategica.jpg\",\"contentUrl\":\"https:\\\/\\\/vinic.es\\\/wp-content\\\/uploads\\\/2020\\\/03\\\/immenta_estrategica.jpg\"},{\"@type\":\"BreadcrumbList\",\"@id\":\"https:\\\/\\\/vinic.es\\\/estrategico\\\/#breadcrumb\",\"itemListElement\":[{\"@type\":\"ListItem\",\"position\":1,\"name\":\"Portada\",\"item\":\"https:\\\/\\\/vinic.es\\\/\"},{\"@type\":\"ListItem\",\"position\":2,\"name\":\"Estrat\u00e8gic\"}]},{\"@type\":\"WebSite\",\"@id\":\"https:\\\/\\\/vinic.es\\\/#website\",\"url\":\"https:\\\/\\\/vinic.es\\\/\",\"name\":\"Vinic Consulting\",\"description\":\"Asesoramiento vit\u00edcola y enol\u00f3gico integral para empresas vitivin\u00edcolas. Vinic consulting: creaci\u00f3n, direcci\u00f3n y gesti\u00f3n de vi\u00f1edos y bodegas.\",\"publisher\":{\"@id\":\"https:\\\/\\\/vinic.es\\\/#organization\"},\"potentialAction\":[{\"@type\":\"SearchAction\",\"target\":{\"@type\":\"EntryPoint\",\"urlTemplate\":\"https:\\\/\\\/vinic.es\\\/?s={search_term_string}\"},\"query-input\":{\"@type\":\"PropertyValueSpecification\",\"valueRequired\":true,\"valueName\":\"search_term_string\"}}],\"inLanguage\":\"ca\"},{\"@type\":\"Organization\",\"@id\":\"https:\\\/\\\/vinic.es\\\/#organization\",\"name\":\"Vinic Consulting\",\"url\":\"https:\\\/\\\/vinic.es\\\/\",\"logo\":{\"@type\":\"ImageObject\",\"inLanguage\":\"ca\",\"@id\":\"https:\\\/\\\/vinic.es\\\/#\\\/schema\\\/logo\\\/image\\\/\",\"url\":\"https:\\\/\\\/vinic.es\\\/wp-content\\\/uploads\\\/2020\\\/03\\\/logo-vinic.png\",\"contentUrl\":\"https:\\\/\\\/vinic.es\\\/wp-content\\\/uploads\\\/2020\\\/03\\\/logo-vinic.png\",\"width\":130,\"height\":43,\"caption\":\"Vinic Consulting\"},\"image\":{\"@id\":\"https:\\\/\\\/vinic.es\\\/#\\\/schema\\\/logo\\\/image\\\/\"}}]}<\/script>\n<!-- \/ Yoast SEO plugin. -->","yoast_head_json":{"title":"Consulting Estrat\u00e8gic. Especialistes en cellers | Vinic.es","description":"Els cellers d'avui dia s'enfronten m\u00e9s que mai a forts canvis econ\u00f2mics i de consum, per aix\u00f2, cal prendre decisions.","robots":{"index":"index","follow":"follow","max-snippet":"max-snippet:-1","max-image-preview":"max-image-preview:large","max-video-preview":"max-video-preview:-1"},"canonical":"https:\/\/vinic.es\/estrategico\/","og_locale":"ca_ES","og_type":"article","og_title":"Consulting Estrat\u00e8gic. Especialistes en cellers | Vinic.es","og_description":"Els cellers d'avui dia s'enfronten m\u00e9s que mai a forts canvis econ\u00f2mics i de consum, per aix\u00f2, cal prendre decisions.","og_url":"https:\/\/vinic.es\/estrategico\/","og_site_name":"Vinic Consulting","article_modified_time":"2025-02-04T14:20:44+00:00","og_image":[{"width":1200,"height":800,"url":"https:\/\/vinic.es\/wp-content\/uploads\/2020\/03\/immenta_estrategica.jpg","type":"image\/jpeg"}],"twitter_card":"summary_large_image","twitter_misc":{"Temps estimat de lectura":"2 minuts"},"schema":{"@context":"https:\/\/schema.org","@graph":[{"@type":"WebPage","@id":"https:\/\/vinic.es\/estrategico\/","url":"https:\/\/vinic.es\/estrategico\/","name":"Consulting Estrat\u00e8gic. Especialistes en cellers | Vinic.es","isPartOf":{"@id":"https:\/\/vinic.es\/#website"},"primaryImageOfPage":{"@id":"https:\/\/vinic.es\/estrategico\/#primaryimage"},"image":{"@id":"https:\/\/vinic.es\/estrategico\/#primaryimage"},"thumbnailUrl":"https:\/\/vinic.es\/wp-content\/uploads\/2020\/03\/immenta_estrategica.jpg","datePublished":"2020-03-11T13:23:20+00:00","dateModified":"2025-02-04T14:20:44+00:00","description":"Els cellers d'avui dia s'enfronten m\u00e9s que mai a forts canvis econ\u00f2mics i de consum, per aix\u00f2, cal prendre decisions.","breadcrumb":{"@id":"https:\/\/vinic.es\/estrategico\/#breadcrumb"},"inLanguage":"ca","potentialAction":[{"@type":"ReadAction","target":["https:\/\/vinic.es\/estrategico\/"]}]},{"@type":"ImageObject","inLanguage":"ca","@id":"https:\/\/vinic.es\/estrategico\/#primaryimage","url":"https:\/\/vinic.es\/wp-content\/uploads\/2020\/03\/immenta_estrategica.jpg","contentUrl":"https:\/\/vinic.es\/wp-content\/uploads\/2020\/03\/immenta_estrategica.jpg"},{"@type":"BreadcrumbList","@id":"https:\/\/vinic.es\/estrategico\/#breadcrumb","itemListElement":[{"@type":"ListItem","position":1,"name":"Portada","item":"https:\/\/vinic.es\/"},{"@type":"ListItem","position":2,"name":"Estrat\u00e8gic"}]},{"@type":"WebSite","@id":"https:\/\/vinic.es\/#website","url":"https:\/\/vinic.es\/","name":"Vinic Consulting","description":"Asesoramiento vit\u00edcola y enol\u00f3gico integral para empresas vitivin\u00edcolas. Vinic consulting: creaci\u00f3n, direcci\u00f3n y gesti\u00f3n de vi\u00f1edos y bodegas.","publisher":{"@id":"https:\/\/vinic.es\/#organization"},"potentialAction":[{"@type":"SearchAction","target":{"@type":"EntryPoint","urlTemplate":"https:\/\/vinic.es\/?s={search_term_string}"},"query-input":{"@type":"PropertyValueSpecification","valueRequired":true,"valueName":"search_term_string"}}],"inLanguage":"ca"},{"@type":"Organization","@id":"https:\/\/vinic.es\/#organization","name":"Vinic Consulting","url":"https:\/\/vinic.es\/","logo":{"@type":"ImageObject","inLanguage":"ca","@id":"https:\/\/vinic.es\/#\/schema\/logo\/image\/","url":"https:\/\/vinic.es\/wp-content\/uploads\/2020\/03\/logo-vinic.png","contentUrl":"https:\/\/vinic.es\/wp-content\/uploads\/2020\/03\/logo-vinic.png","width":130,"height":43,"caption":"Vinic Consulting"},"image":{"@id":"https:\/\/vinic.es\/#\/schema\/logo\/image\/"}}]}},"_links":{"self":[{"href":"https:\/\/vinic.es\/ca\/wp-json\/wp\/v2\/pages\/2984","targetHints":{"allow":["GET"]}}],"collection":[{"href":"https:\/\/vinic.es\/ca\/wp-json\/wp\/v2\/pages"}],"about":[{"href":"https:\/\/vinic.es\/ca\/wp-json\/wp\/v2\/types\/page"}],"author":[{"embeddable":true,"href":"https:\/\/vinic.es\/ca\/wp-json\/wp\/v2\/users\/1"}],"replies":[{"embeddable":true,"href":"https:\/\/vinic.es\/ca\/wp-json\/wp\/v2\/comments?post=2984"}],"version-history":[{"count":9,"href":"https:\/\/vinic.es\/ca\/wp-json\/wp\/v2\/pages\/2984\/revisions"}],"predecessor-version":[{"id":3737,"href":"https:\/\/vinic.es\/ca\/wp-json\/wp\/v2\/pages\/2984\/revisions\/3737"}],"wp:attachment":[{"href":"https:\/\/vinic.es\/ca\/wp-json\/wp\/v2\/media?parent=2984"}],"curies":[{"name":"wp","href":"https:\/\/api.w.org\/{rel}","templated":true}]}}