{"id":3003,"date":"2020-03-11T13:34:46","date_gmt":"2020-03-11T13:34:46","guid":{"rendered":"https:\/\/vinic.es\/?page_id=3003"},"modified":"2025-02-04T14:18:11","modified_gmt":"2025-02-04T14:18:11","slug":"marketing","status":"publish","type":"page","link":"https:\/\/vinic.es\/ca\/marketing\/","title":{"rendered":"Marketing"},"content":{"rendered":"\t\t<div data-elementor-type=\"wp-page\" data-elementor-id=\"3003\" class=\"elementor elementor-3003\" data-elementor-post-type=\"page\">\n\t\t\t\t\t\t<section class=\"elementor-section elementor-top-section elementor-element elementor-element-3fc1a7ca elementor-section-boxed elementor-section-height-default elementor-section-height-default\" data-id=\"3fc1a7ca\" data-element_type=\"section\" data-e-type=\"section\">\n\t\t\t\t\t\t<div class=\"elementor-container elementor-column-gap-extended\">\n\t\t\t\t\t<div class=\"elementor-column elementor-col-50 elementor-top-column elementor-element elementor-element-6474621\" data-id=\"6474621\" data-element_type=\"column\" data-e-type=\"column\">\n\t\t\t<div class=\"elementor-widget-wrap elementor-element-populated\">\n\t\t\t\t\t\t<div class=\"elementor-element elementor-element-7b12427 elementor-widget elementor-widget-heading\" data-id=\"7b12427\" data-element_type=\"widget\" data-e-type=\"widget\" data-widget_type=\"heading.default\">\n\t\t\t\t<div class=\"elementor-widget-container\">\n\t\t\t\t\t<h1 class=\"elementor-heading-title elementor-size-default\">Consulting Marketing<\/h1>\t\t\t\t<\/div>\n\t\t\t\t<\/div>\n\t\t\t\t<div class=\"elementor-element elementor-element-f6ca865 elementor-widget-divider--view-line elementor-widget elementor-widget-divider\" data-id=\"f6ca865\" data-element_type=\"widget\" data-e-type=\"widget\" data-widget_type=\"divider.default\">\n\t\t\t\t<div class=\"elementor-widget-container\">\n\t\t\t\t\t\t\t<div class=\"elementor-divider\">\n\t\t\t<span class=\"elementor-divider-separator\">\n\t\t\t\t\t\t<\/span>\n\t\t<\/div>\n\t\t\t\t\t\t<\/div>\n\t\t\t\t<\/div>\n\t\t\t\t<div class=\"elementor-element elementor-element-b0f2f3c elementor-widget elementor-widget-text-editor\" data-id=\"b0f2f3c\" data-element_type=\"widget\" data-e-type=\"widget\" data-widget_type=\"text-editor.default\">\n\t\t\t\t<div class=\"elementor-widget-container\">\n\t\t\t\t\t\t\t\t\t<div><div><div><div><div><div><div><div><div><div><p>La import\u00e0ncia del marketing \u00e9s cada cop m\u00e9s rellevant, per aix\u00f2 VINIC posa a l\u2019abast dels cellers els seus serveis de marketing espec\u00edfic en el m\u00f3n del vi, la nostra experi\u00e8ncia obtinguda durant anys en diferents \u00e0rees de les empreses vitivin\u00edcoles, ens ajuden a comprendre amb facilitat les interrelacions entre elles i el fet b\u00e0sic d\u2019un bon marketing del vi.<\/p><p>Hem de con\u00e8ixer el client i satisfer les seves necessitats, el nostre coneixement del marketing del vi ens permet aportar la millor soluci\u00f3 en cada cas i proporcionar al celler eines concretes per fer cr\u00e9ixer la seva marca.<\/p><\/div><\/div><\/div><\/div><\/div><\/div><\/div><\/div><\/div><\/div>\t\t\t\t\t\t\t\t<\/div>\n\t\t\t\t<\/div>\n\t\t\t\t\t<\/div>\n\t\t<\/div>\n\t\t\t\t<div class=\"elementor-column elementor-col-50 elementor-top-column elementor-element elementor-element-11bc55d6\" data-id=\"11bc55d6\" data-element_type=\"column\" data-e-type=\"column\">\n\t\t\t<div class=\"elementor-widget-wrap elementor-element-populated\">\n\t\t\t\t\t\t<div class=\"elementor-element elementor-element-0bade60 elementor-widget elementor-widget-image\" data-id=\"0bade60\" data-element_type=\"widget\" data-e-type=\"widget\" data-widget_type=\"image.default\">\n\t\t\t\t<div class=\"elementor-widget-container\">\n\t\t\t\t\t\t\t\t\t\t\t\t\t\t\t<img fetchpriority=\"high\" decoding=\"async\" width=\"1200\" height=\"800\" src=\"https:\/\/vinic.es\/wp-content\/uploads\/2020\/03\/marketing.jpg\" class=\"attachment-full size-full wp-image-2997\" alt=\"Imatge del servei de consultoria en m\u00e0rqueting per a bodegues de Vinic Consulting\" srcset=\"https:\/\/vinic.es\/wp-content\/uploads\/2020\/03\/marketing.jpg 1200w, https:\/\/vinic.es\/wp-content\/uploads\/2020\/03\/marketing-300x200.jpg 300w, https:\/\/vinic.es\/wp-content\/uploads\/2020\/03\/marketing-1024x683.jpg 1024w, https:\/\/vinic.es\/wp-content\/uploads\/2020\/03\/marketing-768x512.jpg 768w\" sizes=\"(max-width: 1200px) 100vw, 1200px\" \/>\t\t\t\t\t\t\t\t\t\t\t\t\t\t\t<\/div>\n\t\t\t\t<\/div>\n\t\t\t\t\t<\/div>\n\t\t<\/div>\n\t\t\t\t\t<\/div>\n\t\t<\/section>\n\t\t\t\t<section class=\"elementor-section elementor-top-section elementor-element elementor-element-714b0d2 elementor-section-boxed elementor-section-height-default elementor-section-height-default\" data-id=\"714b0d2\" data-element_type=\"section\" data-e-type=\"section\">\n\t\t\t\t\t\t<div class=\"elementor-container elementor-column-gap-extended\">\n\t\t\t\t\t<div class=\"elementor-column elementor-col-50 elementor-top-column elementor-element elementor-element-5d753fe\" data-id=\"5d753fe\" data-element_type=\"column\" data-e-type=\"column\">\n\t\t\t<div class=\"elementor-widget-wrap elementor-element-populated\">\n\t\t\t\t\t\t<div class=\"elementor-element elementor-element-90a83c7 elementor-widget elementor-widget-heading\" data-id=\"90a83c7\" data-element_type=\"widget\" data-e-type=\"widget\" data-widget_type=\"heading.default\">\n\t\t\t\t<div class=\"elementor-widget-container\">\n\t\t\t\t\t<h2 class=\"elementor-heading-title elementor-size-default\">Per aquest motiu treballem centrant els esfor\u00e7os en 3 \u00e0rees concretes:<\/h2>\t\t\t\t<\/div>\n\t\t\t\t<\/div>\n\t\t\t\t<div class=\"elementor-element elementor-element-d26d6cf elementor-widget-divider--view-line elementor-widget elementor-widget-divider\" data-id=\"d26d6cf\" data-element_type=\"widget\" data-e-type=\"widget\" data-widget_type=\"divider.default\">\n\t\t\t\t<div class=\"elementor-widget-container\">\n\t\t\t\t\t\t\t<div class=\"elementor-divider\">\n\t\t\t<span class=\"elementor-divider-separator\">\n\t\t\t\t\t\t<\/span>\n\t\t<\/div>\n\t\t\t\t\t\t<\/div>\n\t\t\t\t<\/div>\n\t\t\t\t<div class=\"elementor-element elementor-element-4eded7e elementor-widget elementor-widget-text-editor\" data-id=\"4eded7e\" data-element_type=\"widget\" data-e-type=\"widget\" data-widget_type=\"text-editor.default\">\n\t\t\t\t<div class=\"elementor-widget-container\">\n\t\t\t\t\t\t\t\t\t<div class=\"wpb_text_column wpb_content_element \"><div class=\"wpb_wrapper\"><div class=\"wpb_text_column wpb_content_element \"><div class=\"wpb_wrapper\"><p class=\"p1\"><strong style=\"color: #000;\"><span class=\"s1\"><strong>COMUNICACI\u00d3<\/strong><\/span><\/strong><\/p><p class=\"p1\">Disseny gr\u00e0fic i packaging.<\/p><p class=\"p1\">Imatge corporativa.<\/p><p class=\"p1\">Desenvolupament de marca \u201cbrand design\u201d.<\/p><p class=\"p1\">Desenvolupament web i publicitat online.<\/p><p class=\"p1\">Marketing relacional i de continguts.<\/p><p class=\"p1\">Aplicacions per a smartphone.<\/p><p class=\"p1\">Social media marketing.<\/p><\/div><\/div><\/div><\/div>\t\t\t\t\t\t\t\t<\/div>\n\t\t\t\t<\/div>\n\t\t\t\t\t<\/div>\n\t\t<\/div>\n\t\t\t\t<div class=\"elementor-column elementor-col-50 elementor-top-column elementor-element elementor-element-834e06e\" data-id=\"834e06e\" data-element_type=\"column\" data-e-type=\"column\">\n\t\t\t<div class=\"elementor-widget-wrap elementor-element-populated\">\n\t\t\t\t\t\t<div class=\"elementor-element elementor-element-0a00fa1 elementor-widget elementor-widget-text-editor\" data-id=\"0a00fa1\" data-element_type=\"widget\" data-e-type=\"widget\" data-widget_type=\"text-editor.default\">\n\t\t\t\t<div class=\"elementor-widget-container\">\n\t\t\t\t\t\t\t\t\t<div class=\"wpb_text_column wpb_content_element \"><div class=\"wpb_wrapper\"><div class=\"wpb_text_column wpb_content_element \"><div class=\"wpb_wrapper\"><p class=\"p1\"><strong style=\"color: #000;\"><span class=\"s1\"><strong>NEGOCI I MERCAT<\/strong><\/span><\/strong><\/p><p class=\"p1\">Estudis de mercat.<\/p><p class=\"p1\">Segmentaci\u00f3 del mercat.<\/p><p class=\"p1\">Plans de Marketing.<\/p><p class=\"p1\">Marketing estrat\u00e8gic.<\/p><p class=\"p1\">B2B, B2C.<\/p><\/div><\/div><\/div><\/div>\t\t\t\t\t\t\t\t<\/div>\n\t\t\t\t<\/div>\n\t\t\t\t<div class=\"elementor-element elementor-element-c541ddf elementor-widget elementor-widget-text-editor\" data-id=\"c541ddf\" data-element_type=\"widget\" data-e-type=\"widget\" data-widget_type=\"text-editor.default\">\n\t\t\t\t<div class=\"elementor-widget-container\">\n\t\t\t\t\t\t\t\t\t<div class=\"wpb_text_column wpb_content_element \"><div class=\"wpb_wrapper\"><div class=\"wpb_text_column wpb_content_element \"><div class=\"wpb_wrapper\"><p class=\"p1\"><strong style=\"color: #000;\"><span class=\"s1\"><strong>PRODUCTE<\/strong><\/span><\/strong><\/p><p class=\"p1\">Pol\u00edtica de preus.<\/p><p class=\"p1\">Gamma de productes.<\/p><p class=\"p1\">Posicionament respecte la compet\u00e8ncia<\/p><\/div><\/div><\/div><\/div>\t\t\t\t\t\t\t\t<\/div>\n\t\t\t\t<\/div>\n\t\t\t\t\t<\/div>\n\t\t<\/div>\n\t\t\t\t\t<\/div>\n\t\t<\/section>\n\t\t\t\t<\/div>\n\t\t","protected":false},"excerpt":{"rendered":"<p>Consulting Marketing La import\u00e0ncia del marketing \u00e9s cada cop m\u00e9s rellevant, per aix\u00f2 VINIC posa a l\u2019abast dels cellers els seus serveis de marketing espec\u00edfic en el m\u00f3n del vi, la nostra experi\u00e8ncia obtinguda durant anys en diferents \u00e0rees de les empreses vitivin\u00edcoles, ens ajuden a comprendre amb facilitat les interrelacions entre elles i el &#8230; <a title=\"Marketing\" class=\"read-more\" href=\"https:\/\/vinic.es\/ca\/marketing\/\" aria-label=\"M\u00e9s informaci\u00f3 sobre Marketing\">Read more<\/a><\/p>\n","protected":false},"author":1,"featured_media":0,"parent":0,"menu_order":0,"comment_status":"closed","ping_status":"closed","template":"","meta":{"_joinchat":[],"footnotes":""},"class_list":["post-3003","page","type-page","status-publish"],"yoast_head":"<!-- This site is optimized with the Yoast SEO plugin v27.6 - https:\/\/yoast.com\/product\/yoast-seo-wordpress\/ -->\n<title>Consulting M\u00e0rqueting per a cellers | Vinic.es<\/title>\n<meta name=\"description\" content=\"El M\u00e0rqueting \u00e9s cada vegada m\u00e9s rellevant, \u00e9s per aix\u00f2 que Vinic posa a l&#039;abast dels cellers seus serveis de m\u00e0rqueting espec\u00edfic en el m\u00f3n de el vi.\" \/>\n<meta name=\"robots\" content=\"index, follow, max-snippet:-1, max-image-preview:large, max-video-preview:-1\" \/>\n<link rel=\"canonical\" href=\"https:\/\/vinic.es\/marketing\/\" \/>\n<meta property=\"og:locale\" content=\"ca_ES\" \/>\n<meta property=\"og:type\" content=\"article\" \/>\n<meta property=\"og:title\" content=\"Consulting M\u00e0rqueting per a cellers | Vinic.es\" \/>\n<meta property=\"og:description\" content=\"El M\u00e0rqueting \u00e9s cada vegada m\u00e9s rellevant, \u00e9s per aix\u00f2 que Vinic posa a l&#039;abast dels cellers seus serveis de m\u00e0rqueting espec\u00edfic en el m\u00f3n de el vi.\" \/>\n<meta property=\"og:url\" content=\"https:\/\/vinic.es\/marketing\/\" \/>\n<meta property=\"og:site_name\" content=\"Vinic Consulting\" \/>\n<meta property=\"article:modified_time\" content=\"2025-02-04T14:18:11+00:00\" \/>\n<meta property=\"og:image\" content=\"https:\/\/vinic.es\/wp-content\/uploads\/2020\/03\/marketing.jpg\" \/>\n\t<meta property=\"og:image:width\" content=\"1200\" \/>\n\t<meta property=\"og:image:height\" content=\"800\" \/>\n\t<meta property=\"og:image:type\" content=\"image\/jpeg\" \/>\n<meta name=\"twitter:card\" content=\"summary_large_image\" \/>\n<meta name=\"twitter:label1\" content=\"Temps estimat de lectura\" \/>\n\t<meta name=\"twitter:data1\" content=\"1 minut\" \/>\n<script type=\"application\/ld+json\" class=\"yoast-schema-graph\">{\"@context\":\"https:\\\/\\\/schema.org\",\"@graph\":[{\"@type\":\"WebPage\",\"@id\":\"https:\\\/\\\/vinic.es\\\/marketing\\\/\",\"url\":\"https:\\\/\\\/vinic.es\\\/marketing\\\/\",\"name\":\"Consulting M\u00e0rqueting per a cellers | Vinic.es\",\"isPartOf\":{\"@id\":\"https:\\\/\\\/vinic.es\\\/#website\"},\"primaryImageOfPage\":{\"@id\":\"https:\\\/\\\/vinic.es\\\/marketing\\\/#primaryimage\"},\"image\":{\"@id\":\"https:\\\/\\\/vinic.es\\\/marketing\\\/#primaryimage\"},\"thumbnailUrl\":\"https:\\\/\\\/vinic.es\\\/wp-content\\\/uploads\\\/2020\\\/03\\\/marketing.jpg\",\"datePublished\":\"2020-03-11T13:34:46+00:00\",\"dateModified\":\"2025-02-04T14:18:11+00:00\",\"description\":\"El M\u00e0rqueting \u00e9s cada vegada m\u00e9s rellevant, \u00e9s per aix\u00f2 que Vinic posa a l'abast dels cellers seus serveis de m\u00e0rqueting espec\u00edfic en el m\u00f3n de el vi.\",\"breadcrumb\":{\"@id\":\"https:\\\/\\\/vinic.es\\\/marketing\\\/#breadcrumb\"},\"inLanguage\":\"ca\",\"potentialAction\":[{\"@type\":\"ReadAction\",\"target\":[\"https:\\\/\\\/vinic.es\\\/marketing\\\/\"]}]},{\"@type\":\"ImageObject\",\"inLanguage\":\"ca\",\"@id\":\"https:\\\/\\\/vinic.es\\\/marketing\\\/#primaryimage\",\"url\":\"https:\\\/\\\/vinic.es\\\/wp-content\\\/uploads\\\/2020\\\/03\\\/marketing.jpg\",\"contentUrl\":\"https:\\\/\\\/vinic.es\\\/wp-content\\\/uploads\\\/2020\\\/03\\\/marketing.jpg\"},{\"@type\":\"BreadcrumbList\",\"@id\":\"https:\\\/\\\/vinic.es\\\/marketing\\\/#breadcrumb\",\"itemListElement\":[{\"@type\":\"ListItem\",\"position\":1,\"name\":\"Portada\",\"item\":\"https:\\\/\\\/vinic.es\\\/\"},{\"@type\":\"ListItem\",\"position\":2,\"name\":\"Marketing\"}]},{\"@type\":\"WebSite\",\"@id\":\"https:\\\/\\\/vinic.es\\\/#website\",\"url\":\"https:\\\/\\\/vinic.es\\\/\",\"name\":\"Vinic Consulting\",\"description\":\"Asesoramiento vit\u00edcola y enol\u00f3gico integral para empresas vitivin\u00edcolas. Vinic consulting: creaci\u00f3n, direcci\u00f3n y gesti\u00f3n de vi\u00f1edos y bodegas.\",\"publisher\":{\"@id\":\"https:\\\/\\\/vinic.es\\\/#organization\"},\"potentialAction\":[{\"@type\":\"SearchAction\",\"target\":{\"@type\":\"EntryPoint\",\"urlTemplate\":\"https:\\\/\\\/vinic.es\\\/?s={search_term_string}\"},\"query-input\":{\"@type\":\"PropertyValueSpecification\",\"valueRequired\":true,\"valueName\":\"search_term_string\"}}],\"inLanguage\":\"ca\"},{\"@type\":\"Organization\",\"@id\":\"https:\\\/\\\/vinic.es\\\/#organization\",\"name\":\"Vinic Consulting\",\"url\":\"https:\\\/\\\/vinic.es\\\/\",\"logo\":{\"@type\":\"ImageObject\",\"inLanguage\":\"ca\",\"@id\":\"https:\\\/\\\/vinic.es\\\/#\\\/schema\\\/logo\\\/image\\\/\",\"url\":\"https:\\\/\\\/vinic.es\\\/wp-content\\\/uploads\\\/2020\\\/03\\\/logo-vinic.png\",\"contentUrl\":\"https:\\\/\\\/vinic.es\\\/wp-content\\\/uploads\\\/2020\\\/03\\\/logo-vinic.png\",\"width\":130,\"height\":43,\"caption\":\"Vinic Consulting\"},\"image\":{\"@id\":\"https:\\\/\\\/vinic.es\\\/#\\\/schema\\\/logo\\\/image\\\/\"}}]}<\/script>\n<!-- \/ Yoast SEO plugin. -->","yoast_head_json":{"title":"Consulting M\u00e0rqueting per a cellers | Vinic.es","description":"El M\u00e0rqueting \u00e9s cada vegada m\u00e9s rellevant, \u00e9s per aix\u00f2 que Vinic posa a l'abast dels cellers seus serveis de m\u00e0rqueting espec\u00edfic en el m\u00f3n de el vi.","robots":{"index":"index","follow":"follow","max-snippet":"max-snippet:-1","max-image-preview":"max-image-preview:large","max-video-preview":"max-video-preview:-1"},"canonical":"https:\/\/vinic.es\/marketing\/","og_locale":"ca_ES","og_type":"article","og_title":"Consulting M\u00e0rqueting per a cellers | Vinic.es","og_description":"El M\u00e0rqueting \u00e9s cada vegada m\u00e9s rellevant, \u00e9s per aix\u00f2 que Vinic posa a l'abast dels cellers seus serveis de m\u00e0rqueting espec\u00edfic en el m\u00f3n de el vi.","og_url":"https:\/\/vinic.es\/marketing\/","og_site_name":"Vinic Consulting","article_modified_time":"2025-02-04T14:18:11+00:00","og_image":[{"width":1200,"height":800,"url":"https:\/\/vinic.es\/wp-content\/uploads\/2020\/03\/marketing.jpg","type":"image\/jpeg"}],"twitter_card":"summary_large_image","twitter_misc":{"Temps estimat de lectura":"1 minut"},"schema":{"@context":"https:\/\/schema.org","@graph":[{"@type":"WebPage","@id":"https:\/\/vinic.es\/marketing\/","url":"https:\/\/vinic.es\/marketing\/","name":"Consulting M\u00e0rqueting per a cellers | Vinic.es","isPartOf":{"@id":"https:\/\/vinic.es\/#website"},"primaryImageOfPage":{"@id":"https:\/\/vinic.es\/marketing\/#primaryimage"},"image":{"@id":"https:\/\/vinic.es\/marketing\/#primaryimage"},"thumbnailUrl":"https:\/\/vinic.es\/wp-content\/uploads\/2020\/03\/marketing.jpg","datePublished":"2020-03-11T13:34:46+00:00","dateModified":"2025-02-04T14:18:11+00:00","description":"El M\u00e0rqueting \u00e9s cada vegada m\u00e9s rellevant, \u00e9s per aix\u00f2 que Vinic posa a l'abast dels cellers seus serveis de m\u00e0rqueting espec\u00edfic en el m\u00f3n de el vi.","breadcrumb":{"@id":"https:\/\/vinic.es\/marketing\/#breadcrumb"},"inLanguage":"ca","potentialAction":[{"@type":"ReadAction","target":["https:\/\/vinic.es\/marketing\/"]}]},{"@type":"ImageObject","inLanguage":"ca","@id":"https:\/\/vinic.es\/marketing\/#primaryimage","url":"https:\/\/vinic.es\/wp-content\/uploads\/2020\/03\/marketing.jpg","contentUrl":"https:\/\/vinic.es\/wp-content\/uploads\/2020\/03\/marketing.jpg"},{"@type":"BreadcrumbList","@id":"https:\/\/vinic.es\/marketing\/#breadcrumb","itemListElement":[{"@type":"ListItem","position":1,"name":"Portada","item":"https:\/\/vinic.es\/"},{"@type":"ListItem","position":2,"name":"Marketing"}]},{"@type":"WebSite","@id":"https:\/\/vinic.es\/#website","url":"https:\/\/vinic.es\/","name":"Vinic Consulting","description":"Asesoramiento vit\u00edcola y enol\u00f3gico integral para empresas vitivin\u00edcolas. Vinic consulting: creaci\u00f3n, direcci\u00f3n y gesti\u00f3n de vi\u00f1edos y bodegas.","publisher":{"@id":"https:\/\/vinic.es\/#organization"},"potentialAction":[{"@type":"SearchAction","target":{"@type":"EntryPoint","urlTemplate":"https:\/\/vinic.es\/?s={search_term_string}"},"query-input":{"@type":"PropertyValueSpecification","valueRequired":true,"valueName":"search_term_string"}}],"inLanguage":"ca"},{"@type":"Organization","@id":"https:\/\/vinic.es\/#organization","name":"Vinic Consulting","url":"https:\/\/vinic.es\/","logo":{"@type":"ImageObject","inLanguage":"ca","@id":"https:\/\/vinic.es\/#\/schema\/logo\/image\/","url":"https:\/\/vinic.es\/wp-content\/uploads\/2020\/03\/logo-vinic.png","contentUrl":"https:\/\/vinic.es\/wp-content\/uploads\/2020\/03\/logo-vinic.png","width":130,"height":43,"caption":"Vinic Consulting"},"image":{"@id":"https:\/\/vinic.es\/#\/schema\/logo\/image\/"}}]}},"_links":{"self":[{"href":"https:\/\/vinic.es\/ca\/wp-json\/wp\/v2\/pages\/3003","targetHints":{"allow":["GET"]}}],"collection":[{"href":"https:\/\/vinic.es\/ca\/wp-json\/wp\/v2\/pages"}],"about":[{"href":"https:\/\/vinic.es\/ca\/wp-json\/wp\/v2\/types\/page"}],"author":[{"embeddable":true,"href":"https:\/\/vinic.es\/ca\/wp-json\/wp\/v2\/users\/1"}],"replies":[{"embeddable":true,"href":"https:\/\/vinic.es\/ca\/wp-json\/wp\/v2\/comments?post=3003"}],"version-history":[{"count":16,"href":"https:\/\/vinic.es\/ca\/wp-json\/wp\/v2\/pages\/3003\/revisions"}],"predecessor-version":[{"id":3728,"href":"https:\/\/vinic.es\/ca\/wp-json\/wp\/v2\/pages\/3003\/revisions\/3728"}],"wp:attachment":[{"href":"https:\/\/vinic.es\/ca\/wp-json\/wp\/v2\/media?parent=3003"}],"curies":[{"name":"wp","href":"https:\/\/api.w.org\/{rel}","templated":true}]}}