{"id":3017,"date":"2020-03-11T13:40:56","date_gmt":"2020-03-11T13:40:56","guid":{"rendered":"https:\/\/vinic.es\/?page_id=3017"},"modified":"2025-02-04T14:17:45","modified_gmt":"2025-02-04T14:17:45","slug":"projectes-a-mida","status":"publish","type":"page","link":"https:\/\/vinic.es\/ca\/projectes-a-mida\/","title":{"rendered":"Projectes a Mida"},"content":{"rendered":"\t\t<div data-elementor-type=\"wp-page\" data-elementor-id=\"3017\" class=\"elementor elementor-3017\" data-elementor-post-type=\"page\">\n\t\t\t\t\t\t<section class=\"elementor-section elementor-top-section elementor-element elementor-element-3fc1a7ca elementor-section-boxed elementor-section-height-default elementor-section-height-default\" data-id=\"3fc1a7ca\" data-element_type=\"section\" data-e-type=\"section\">\n\t\t\t\t\t\t<div class=\"elementor-container elementor-column-gap-default\">\n\t\t\t\t\t<div class=\"elementor-column elementor-col-50 elementor-top-column elementor-element elementor-element-6474621\" data-id=\"6474621\" data-element_type=\"column\" data-e-type=\"column\">\n\t\t\t<div class=\"elementor-widget-wrap elementor-element-populated\">\n\t\t\t\t\t\t<div class=\"elementor-element elementor-element-7b12427 elementor-widget elementor-widget-heading\" data-id=\"7b12427\" data-element_type=\"widget\" data-e-type=\"widget\" data-widget_type=\"heading.default\">\n\t\t\t\t<div class=\"elementor-widget-container\">\n\t\t\t\t\t<h2 class=\"elementor-heading-title elementor-size-default\">Projectes a Mida<\/h2>\t\t\t\t<\/div>\n\t\t\t\t<\/div>\n\t\t\t\t<div class=\"elementor-element elementor-element-f6ca865 elementor-widget-divider--view-line elementor-widget elementor-widget-divider\" data-id=\"f6ca865\" data-element_type=\"widget\" data-e-type=\"widget\" data-widget_type=\"divider.default\">\n\t\t\t\t<div class=\"elementor-widget-container\">\n\t\t\t\t\t\t\t<div class=\"elementor-divider\">\n\t\t\t<span class=\"elementor-divider-separator\">\n\t\t\t\t\t\t<\/span>\n\t\t<\/div>\n\t\t\t\t\t\t<\/div>\n\t\t\t\t<\/div>\n\t\t\t\t<div class=\"elementor-element elementor-element-b0f2f3c elementor-widget elementor-widget-text-editor\" data-id=\"b0f2f3c\" data-element_type=\"widget\" data-e-type=\"widget\" data-widget_type=\"text-editor.default\">\n\t\t\t\t<div class=\"elementor-widget-container\">\n\t\t\t\t\t\t\t\t\t<div class=\"wpb_text_column wpb_content_element \"><div class=\"wpb_wrapper\"><div class=\"wpb_text_column wpb_content_element \"><div class=\"wpb_wrapper\"><div class=\"wpb_text_column wpb_content_element \"><div class=\"wpb_wrapper\"><div class=\"wpb_text_column wpb_content_element \"><div class=\"wpb_wrapper\"><p class=\"p1\">VINIC no sols treballa amb cellers i empreses vitivin\u00edcoles, tamb\u00e9 t\u00e9 un espai reservat dins l\u2019assessorament, dedicat a petits clients amants i entusiastes del vi que volen complir el seu somni, ja sigui plantant la seva pr\u00f2pia vinya o elaborant el seu vi.<\/p><p class=\"p1\">A banda de complir el seu somni, li podem realitzar un projecte t\u00e8cnic de viabilitat , aix\u00ed podr\u00e0 visualitzar els diferents passos i inversions que haur\u00e0 de realitzar en les diverses etapes del seu projecte.<\/p><p class=\"p1\">Li oferim la possibilitat d\u2019elaborar un vi per a vost\u00e8 o per a la seva empresa, personalitzat segons l\u2019ocasi\u00f3, amb el n\u00famero de botelles que desitgi, escollint i dissenyant-ne l\u2019etiqueta i amb l\u2019ajuda del nostre equip.<\/p><\/div><\/div><\/div><\/div><\/div><\/div><\/div><\/div>\t\t\t\t\t\t\t\t<\/div>\n\t\t\t\t<\/div>\n\t\t\t\t<div class=\"elementor-element elementor-element-a5d432d elementor-widget elementor-widget-heading\" data-id=\"a5d432d\" data-element_type=\"widget\" data-e-type=\"widget\" data-widget_type=\"heading.default\">\n\t\t\t\t<div class=\"elementor-widget-container\">\n\t\t\t\t\t<h3 class=\"elementor-heading-title elementor-size-default\">VINIC apostem per la cultura del vi oferint-li:<\/h3>\t\t\t\t<\/div>\n\t\t\t\t<\/div>\n\t\t\t\t<div class=\"elementor-element elementor-element-b16727d elementor-widget-divider--view-line elementor-widget elementor-widget-divider\" data-id=\"b16727d\" data-element_type=\"widget\" data-e-type=\"widget\" data-widget_type=\"divider.default\">\n\t\t\t\t<div class=\"elementor-widget-container\">\n\t\t\t\t\t\t\t<div class=\"elementor-divider\">\n\t\t\t<span class=\"elementor-divider-separator\">\n\t\t\t\t\t\t<\/span>\n\t\t<\/div>\n\t\t\t\t\t\t<\/div>\n\t\t\t\t<\/div>\n\t\t\t\t<div class=\"elementor-element elementor-element-8b43d1c elementor-widget elementor-widget-text-editor\" data-id=\"8b43d1c\" data-element_type=\"widget\" data-e-type=\"widget\" data-widget_type=\"text-editor.default\">\n\t\t\t\t<div class=\"elementor-widget-container\">\n\t\t\t\t\t\t\t\t\t<div class=\"wpb_text_column wpb_content_element \"><div class=\"wpb_wrapper\"><div class=\"wpb_text_column wpb_content_element \"><div class=\"wpb_wrapper\"><p class=\"p1\">Cursets de cata a empreses o particulars, impartits per en\u00f2legs professionals.<\/p><p class=\"p1\">Veremes per a grups, realitzant l\u2019entrada de verema i vivint el naixement del vi.<\/p><p class=\"p1\">Experi\u00e8ncies en l\u2019elaboraci\u00f3 del vi, participar en l\u2019elaboraci\u00f3 del vi, des del proc\u00e9s de premsat fins a l\u2019entrada en b\u00f3tes i embotellat.<\/p><p class=\"p1\">Estem oberts a qualsevol proposta relacionada amb el vi, <strong>la teva passi\u00f3 \u00e9s la nostra,<\/strong> no dubtis en contactar amb nosaltres.<\/p><\/div><\/div><\/div><\/div>\t\t\t\t\t\t\t\t<\/div>\n\t\t\t\t<\/div>\n\t\t\t\t\t<\/div>\n\t\t<\/div>\n\t\t\t\t<div class=\"elementor-column elementor-col-50 elementor-top-column elementor-element elementor-element-11bc55d6\" data-id=\"11bc55d6\" data-element_type=\"column\" data-e-type=\"column\">\n\t\t\t<div class=\"elementor-widget-wrap elementor-element-populated\">\n\t\t\t\t\t\t<div class=\"elementor-element elementor-element-0bade60 elementor-widget elementor-widget-image\" data-id=\"0bade60\" data-element_type=\"widget\" data-e-type=\"widget\" data-widget_type=\"image.default\">\n\t\t\t\t<div class=\"elementor-widget-container\">\n\t\t\t\t\t\t\t\t\t\t\t\t\t\t\t<img fetchpriority=\"high\" decoding=\"async\" width=\"805\" height=\"795\" src=\"https:\/\/vinic.es\/wp-content\/uploads\/2020\/03\/proyectos_medida.jpg\" class=\"attachment-full size-full wp-image-3013\" alt=\"Fotografia de taps de suro de vi vistos des de dalt\" srcset=\"https:\/\/vinic.es\/wp-content\/uploads\/2020\/03\/proyectos_medida.jpg 805w, https:\/\/vinic.es\/wp-content\/uploads\/2020\/03\/proyectos_medida-300x296.jpg 300w, https:\/\/vinic.es\/wp-content\/uploads\/2020\/03\/proyectos_medida-768x758.jpg 768w\" sizes=\"(max-width: 805px) 100vw, 805px\" \/>\t\t\t\t\t\t\t\t\t\t\t\t\t\t\t<\/div>\n\t\t\t\t<\/div>\n\t\t\t\t\t<\/div>\n\t\t<\/div>\n\t\t\t\t\t<\/div>\n\t\t<\/section>\n\t\t\t\t<\/div>\n\t\t","protected":false},"excerpt":{"rendered":"<p>Projectes a Mida VINIC no sols treballa amb cellers i empreses vitivin\u00edcoles, tamb\u00e9 t\u00e9 un espai reservat dins l\u2019assessorament, dedicat a petits clients amants i entusiastes del vi que volen complir el seu somni, ja sigui plantant la seva pr\u00f2pia vinya o elaborant el seu vi. A banda de complir el seu somni, li podem &#8230; <a title=\"Projectes a Mida\" class=\"read-more\" href=\"https:\/\/vinic.es\/ca\/projectes-a-mida\/\" aria-label=\"M\u00e9s informaci\u00f3 sobre Projectes a Mida\">Read more<\/a><\/p>\n","protected":false},"author":1,"featured_media":0,"parent":0,"menu_order":0,"comment_status":"closed","ping_status":"closed","template":"","meta":{"_joinchat":[],"footnotes":""},"class_list":["post-3017","page","type-page","status-publish"],"yoast_head":"<!-- This site is optimized with the Yoast SEO plugin v27.6 - https:\/\/yoast.com\/product\/yoast-seo-wordpress\/ -->\n<title>Projectes a mida per a amants de el vi | Vinic.es<\/title>\n<meta name=\"description\" content=\"En Vinic, a m\u00e9s de treballar amb cellers i empreses vitivin\u00edcoles tamb\u00e9 assessorem els petits clients amants de el vi que volen complir el seu somni.\" \/>\n<meta name=\"robots\" content=\"index, follow, max-snippet:-1, max-image-preview:large, max-video-preview:-1\" \/>\n<link rel=\"canonical\" href=\"https:\/\/vinic.es\/proyectos-a-medida\/\" \/>\n<meta property=\"og:locale\" content=\"ca_ES\" \/>\n<meta property=\"og:type\" content=\"article\" \/>\n<meta property=\"og:title\" content=\"Projectes a mida per a amants de el vi | Vinic.es\" \/>\n<meta property=\"og:description\" content=\"En Vinic, a m\u00e9s de treballar amb cellers i empreses vitivin\u00edcoles tamb\u00e9 assessorem els petits clients amants de el vi que volen complir el seu somni.\" \/>\n<meta property=\"og:url\" content=\"https:\/\/vinic.es\/proyectos-a-medida\/\" \/>\n<meta property=\"og:site_name\" content=\"Vinic Consulting\" \/>\n<meta property=\"article:modified_time\" content=\"2025-02-04T14:17:45+00:00\" \/>\n<meta property=\"og:image\" content=\"https:\/\/vinic.es\/wp-content\/uploads\/2020\/03\/proyectos_medida.jpg\" \/>\n\t<meta property=\"og:image:width\" content=\"805\" \/>\n\t<meta property=\"og:image:height\" content=\"795\" \/>\n\t<meta property=\"og:image:type\" content=\"image\/jpeg\" \/>\n<meta name=\"twitter:card\" content=\"summary_large_image\" \/>\n<meta name=\"twitter:label1\" content=\"Temps estimat de lectura\" \/>\n\t<meta name=\"twitter:data1\" content=\"2 minuts\" \/>\n<script type=\"application\/ld+json\" class=\"yoast-schema-graph\">{\"@context\":\"https:\\\/\\\/schema.org\",\"@graph\":[{\"@type\":\"WebPage\",\"@id\":\"https:\\\/\\\/vinic.es\\\/proyectos-a-medida\\\/\",\"url\":\"https:\\\/\\\/vinic.es\\\/proyectos-a-medida\\\/\",\"name\":\"Projectes a mida per a amants de el vi | Vinic.es\",\"isPartOf\":{\"@id\":\"https:\\\/\\\/vinic.es\\\/#website\"},\"primaryImageOfPage\":{\"@id\":\"https:\\\/\\\/vinic.es\\\/proyectos-a-medida\\\/#primaryimage\"},\"image\":{\"@id\":\"https:\\\/\\\/vinic.es\\\/proyectos-a-medida\\\/#primaryimage\"},\"thumbnailUrl\":\"https:\\\/\\\/vinic.es\\\/wp-content\\\/uploads\\\/2020\\\/03\\\/proyectos_medida.jpg\",\"datePublished\":\"2020-03-11T13:40:56+00:00\",\"dateModified\":\"2025-02-04T14:17:45+00:00\",\"description\":\"En Vinic, a m\u00e9s de treballar amb cellers i empreses vitivin\u00edcoles tamb\u00e9 assessorem els petits clients amants de el vi que volen complir el seu somni.\",\"breadcrumb\":{\"@id\":\"https:\\\/\\\/vinic.es\\\/proyectos-a-medida\\\/#breadcrumb\"},\"inLanguage\":\"ca\",\"potentialAction\":[{\"@type\":\"ReadAction\",\"target\":[\"https:\\\/\\\/vinic.es\\\/proyectos-a-medida\\\/\"]}]},{\"@type\":\"ImageObject\",\"inLanguage\":\"ca\",\"@id\":\"https:\\\/\\\/vinic.es\\\/proyectos-a-medida\\\/#primaryimage\",\"url\":\"https:\\\/\\\/vinic.es\\\/wp-content\\\/uploads\\\/2020\\\/03\\\/proyectos_medida.jpg\",\"contentUrl\":\"https:\\\/\\\/vinic.es\\\/wp-content\\\/uploads\\\/2020\\\/03\\\/proyectos_medida.jpg\"},{\"@type\":\"BreadcrumbList\",\"@id\":\"https:\\\/\\\/vinic.es\\\/proyectos-a-medida\\\/#breadcrumb\",\"itemListElement\":[{\"@type\":\"ListItem\",\"position\":1,\"name\":\"Portada\",\"item\":\"https:\\\/\\\/vinic.es\\\/\"},{\"@type\":\"ListItem\",\"position\":2,\"name\":\"Projectes a Mida\"}]},{\"@type\":\"WebSite\",\"@id\":\"https:\\\/\\\/vinic.es\\\/#website\",\"url\":\"https:\\\/\\\/vinic.es\\\/\",\"name\":\"Vinic Consulting\",\"description\":\"Asesoramiento vit\u00edcola y enol\u00f3gico integral para empresas vitivin\u00edcolas. Vinic consulting: creaci\u00f3n, direcci\u00f3n y gesti\u00f3n de vi\u00f1edos y bodegas.\",\"publisher\":{\"@id\":\"https:\\\/\\\/vinic.es\\\/#organization\"},\"potentialAction\":[{\"@type\":\"SearchAction\",\"target\":{\"@type\":\"EntryPoint\",\"urlTemplate\":\"https:\\\/\\\/vinic.es\\\/?s={search_term_string}\"},\"query-input\":{\"@type\":\"PropertyValueSpecification\",\"valueRequired\":true,\"valueName\":\"search_term_string\"}}],\"inLanguage\":\"ca\"},{\"@type\":\"Organization\",\"@id\":\"https:\\\/\\\/vinic.es\\\/#organization\",\"name\":\"Vinic Consulting\",\"url\":\"https:\\\/\\\/vinic.es\\\/\",\"logo\":{\"@type\":\"ImageObject\",\"inLanguage\":\"ca\",\"@id\":\"https:\\\/\\\/vinic.es\\\/#\\\/schema\\\/logo\\\/image\\\/\",\"url\":\"https:\\\/\\\/vinic.es\\\/wp-content\\\/uploads\\\/2020\\\/03\\\/logo-vinic.png\",\"contentUrl\":\"https:\\\/\\\/vinic.es\\\/wp-content\\\/uploads\\\/2020\\\/03\\\/logo-vinic.png\",\"width\":130,\"height\":43,\"caption\":\"Vinic Consulting\"},\"image\":{\"@id\":\"https:\\\/\\\/vinic.es\\\/#\\\/schema\\\/logo\\\/image\\\/\"}}]}<\/script>\n<!-- \/ Yoast SEO plugin. -->","yoast_head_json":{"title":"Projectes a mida per a amants de el vi | Vinic.es","description":"En Vinic, a m\u00e9s de treballar amb cellers i empreses vitivin\u00edcoles tamb\u00e9 assessorem els petits clients amants de el vi que volen complir el seu somni.","robots":{"index":"index","follow":"follow","max-snippet":"max-snippet:-1","max-image-preview":"max-image-preview:large","max-video-preview":"max-video-preview:-1"},"canonical":"https:\/\/vinic.es\/proyectos-a-medida\/","og_locale":"ca_ES","og_type":"article","og_title":"Projectes a mida per a amants de el vi | Vinic.es","og_description":"En Vinic, a m\u00e9s de treballar amb cellers i empreses vitivin\u00edcoles tamb\u00e9 assessorem els petits clients amants de el vi que volen complir el seu somni.","og_url":"https:\/\/vinic.es\/proyectos-a-medida\/","og_site_name":"Vinic Consulting","article_modified_time":"2025-02-04T14:17:45+00:00","og_image":[{"width":805,"height":795,"url":"https:\/\/vinic.es\/wp-content\/uploads\/2020\/03\/proyectos_medida.jpg","type":"image\/jpeg"}],"twitter_card":"summary_large_image","twitter_misc":{"Temps estimat de lectura":"2 minuts"},"schema":{"@context":"https:\/\/schema.org","@graph":[{"@type":"WebPage","@id":"https:\/\/vinic.es\/proyectos-a-medida\/","url":"https:\/\/vinic.es\/proyectos-a-medida\/","name":"Projectes a mida per a amants de el vi | Vinic.es","isPartOf":{"@id":"https:\/\/vinic.es\/#website"},"primaryImageOfPage":{"@id":"https:\/\/vinic.es\/proyectos-a-medida\/#primaryimage"},"image":{"@id":"https:\/\/vinic.es\/proyectos-a-medida\/#primaryimage"},"thumbnailUrl":"https:\/\/vinic.es\/wp-content\/uploads\/2020\/03\/proyectos_medida.jpg","datePublished":"2020-03-11T13:40:56+00:00","dateModified":"2025-02-04T14:17:45+00:00","description":"En Vinic, a m\u00e9s de treballar amb cellers i empreses vitivin\u00edcoles tamb\u00e9 assessorem els petits clients amants de el vi que volen complir el seu somni.","breadcrumb":{"@id":"https:\/\/vinic.es\/proyectos-a-medida\/#breadcrumb"},"inLanguage":"ca","potentialAction":[{"@type":"ReadAction","target":["https:\/\/vinic.es\/proyectos-a-medida\/"]}]},{"@type":"ImageObject","inLanguage":"ca","@id":"https:\/\/vinic.es\/proyectos-a-medida\/#primaryimage","url":"https:\/\/vinic.es\/wp-content\/uploads\/2020\/03\/proyectos_medida.jpg","contentUrl":"https:\/\/vinic.es\/wp-content\/uploads\/2020\/03\/proyectos_medida.jpg"},{"@type":"BreadcrumbList","@id":"https:\/\/vinic.es\/proyectos-a-medida\/#breadcrumb","itemListElement":[{"@type":"ListItem","position":1,"name":"Portada","item":"https:\/\/vinic.es\/"},{"@type":"ListItem","position":2,"name":"Projectes a Mida"}]},{"@type":"WebSite","@id":"https:\/\/vinic.es\/#website","url":"https:\/\/vinic.es\/","name":"Vinic Consulting","description":"Asesoramiento vit\u00edcola y enol\u00f3gico integral para empresas vitivin\u00edcolas. Vinic consulting: creaci\u00f3n, direcci\u00f3n y gesti\u00f3n de vi\u00f1edos y bodegas.","publisher":{"@id":"https:\/\/vinic.es\/#organization"},"potentialAction":[{"@type":"SearchAction","target":{"@type":"EntryPoint","urlTemplate":"https:\/\/vinic.es\/?s={search_term_string}"},"query-input":{"@type":"PropertyValueSpecification","valueRequired":true,"valueName":"search_term_string"}}],"inLanguage":"ca"},{"@type":"Organization","@id":"https:\/\/vinic.es\/#organization","name":"Vinic Consulting","url":"https:\/\/vinic.es\/","logo":{"@type":"ImageObject","inLanguage":"ca","@id":"https:\/\/vinic.es\/#\/schema\/logo\/image\/","url":"https:\/\/vinic.es\/wp-content\/uploads\/2020\/03\/logo-vinic.png","contentUrl":"https:\/\/vinic.es\/wp-content\/uploads\/2020\/03\/logo-vinic.png","width":130,"height":43,"caption":"Vinic Consulting"},"image":{"@id":"https:\/\/vinic.es\/#\/schema\/logo\/image\/"}}]}},"_links":{"self":[{"href":"https:\/\/vinic.es\/ca\/wp-json\/wp\/v2\/pages\/3017","targetHints":{"allow":["GET"]}}],"collection":[{"href":"https:\/\/vinic.es\/ca\/wp-json\/wp\/v2\/pages"}],"about":[{"href":"https:\/\/vinic.es\/ca\/wp-json\/wp\/v2\/types\/page"}],"author":[{"embeddable":true,"href":"https:\/\/vinic.es\/ca\/wp-json\/wp\/v2\/users\/1"}],"replies":[{"embeddable":true,"href":"https:\/\/vinic.es\/ca\/wp-json\/wp\/v2\/comments?post=3017"}],"version-history":[{"count":11,"href":"https:\/\/vinic.es\/ca\/wp-json\/wp\/v2\/pages\/3017\/revisions"}],"predecessor-version":[{"id":3725,"href":"https:\/\/vinic.es\/ca\/wp-json\/wp\/v2\/pages\/3017\/revisions\/3725"}],"wp:attachment":[{"href":"https:\/\/vinic.es\/ca\/wp-json\/wp\/v2\/media?parent=3017"}],"curies":[{"name":"wp","href":"https:\/\/api.w.org\/{rel}","templated":true}]}}