{"id":2950,"date":"2020-03-11T12:58:31","date_gmt":"2020-03-11T12:58:31","guid":{"rendered":"https:\/\/vinic.es\/?page_id=2950"},"modified":"2024-12-16T10:04:33","modified_gmt":"2024-12-16T10:04:33","slug":"viticulture","status":"publish","type":"page","link":"https:\/\/vinic.es\/en\/viticulture\/","title":{"rendered":"Viticulture"},"content":{"rendered":"\t\t<div data-elementor-type=\"wp-page\" data-elementor-id=\"2950\" class=\"elementor elementor-2950\" data-elementor-post-type=\"page\">\n\t\t\t\t\t\t<section class=\"elementor-section elementor-top-section elementor-element elementor-element-3fc1a7ca elementor-section-boxed elementor-section-height-default elementor-section-height-default\" data-id=\"3fc1a7ca\" data-element_type=\"section\" data-e-type=\"section\">\n\t\t\t\t\t\t<div class=\"elementor-container elementor-column-gap-default\">\n\t\t\t\t\t<div class=\"elementor-column elementor-col-50 elementor-top-column elementor-element elementor-element-6474621\" data-id=\"6474621\" data-element_type=\"column\" data-e-type=\"column\">\n\t\t\t<div class=\"elementor-widget-wrap elementor-element-populated\">\n\t\t\t\t\t\t<div class=\"elementor-element elementor-element-7b12427 elementor-widget elementor-widget-heading\" data-id=\"7b12427\" data-element_type=\"widget\" data-e-type=\"widget\" data-widget_type=\"heading.default\">\n\t\t\t\t<div class=\"elementor-widget-container\">\n\t\t\t\t\t<h1 class=\"elementor-heading-title elementor-size-default\">Viticulture Consulting<\/h1>\t\t\t\t<\/div>\n\t\t\t\t<\/div>\n\t\t\t\t<div class=\"elementor-element elementor-element-f6ca865 elementor-widget-divider--view-line elementor-widget elementor-widget-divider\" data-id=\"f6ca865\" data-element_type=\"widget\" data-e-type=\"widget\" data-widget_type=\"divider.default\">\n\t\t\t\t<div class=\"elementor-widget-container\">\n\t\t\t\t\t\t\t<div class=\"elementor-divider\">\n\t\t\t<span class=\"elementor-divider-separator\">\n\t\t\t\t\t\t<\/span>\n\t\t<\/div>\n\t\t\t\t\t\t<\/div>\n\t\t\t\t<\/div>\n\t\t\t\t<div class=\"elementor-element elementor-element-b0f2f3c elementor-widget elementor-widget-text-editor\" data-id=\"b0f2f3c\" data-element_type=\"widget\" data-e-type=\"widget\" data-widget_type=\"text-editor.default\">\n\t\t\t\t<div class=\"elementor-widget-container\">\n\t\t\t\t\t\t\t\t\t<div class=\"wpb_text_column wpb_content_element \"><div class=\"wpb_wrapper\"><div class=\"wpb_text_column wpb_content_element \"><div class=\"wpb_wrapper\"><div class=\"wpb_text_column wpb_content_element \"><div class=\"wpb_wrapper\"><p class=\"p1\">Our objective is to produce a high quality wine harvest at a cost budgeted for each project, applying management and technical control strategies that allow you to optimise resources and profitability.<\/p><p class=\"p1\">In order to do so, <i>VINIC<\/i> focuses on the continuous monitoring of the vineyard applying a work methodology based on strict technical and budget controls. Our extensive experience gained through many years of work in new plantations as well as in vineyards in various regions, allow us to choose the best solutions for each circumstance.<\/p><p class=\"p1\">A good wine strategy is an essential step in obtaining quality grapes and business success. Through continuous training, we are able to apply <span class=\"s1\">new vine management<\/span> and control techniques to make your project more profitable.<\/p><\/div><\/div><\/div><\/div><\/div><\/div>\t\t\t\t\t\t\t\t<\/div>\n\t\t\t\t<\/div>\n\t\t\t\t<div class=\"elementor-element elementor-element-a5d432d elementor-widget elementor-widget-heading\" data-id=\"a5d432d\" data-element_type=\"widget\" data-e-type=\"widget\" data-widget_type=\"heading.default\">\n\t\t\t\t<div class=\"elementor-widget-container\">\n\t\t\t\t\t<h2 class=\"elementor-heading-title elementor-size-default\">Our viticultural advice is specialized in:<\/h2>\t\t\t\t<\/div>\n\t\t\t\t<\/div>\n\t\t\t\t<div class=\"elementor-element elementor-element-b16727d elementor-widget-divider--view-line elementor-widget elementor-widget-divider\" data-id=\"b16727d\" data-element_type=\"widget\" data-e-type=\"widget\" data-widget_type=\"divider.default\">\n\t\t\t\t<div class=\"elementor-widget-container\">\n\t\t\t\t\t\t\t<div class=\"elementor-divider\">\n\t\t\t<span class=\"elementor-divider-separator\">\n\t\t\t\t\t\t<\/span>\n\t\t<\/div>\n\t\t\t\t\t\t<\/div>\n\t\t\t\t<\/div>\n\t\t\t\t<div class=\"elementor-element elementor-element-8b43d1c elementor-widget elementor-widget-text-editor\" data-id=\"8b43d1c\" data-element_type=\"widget\" data-e-type=\"widget\" data-widget_type=\"text-editor.default\">\n\t\t\t\t<div class=\"elementor-widget-container\">\n\t\t\t\t\t\t\t\t\t<div class=\"wpb_text_column wpb_content_element \"><div class=\"wpb_wrapper\"><p class=\"p1\">Technical project management<\/p><p class=\"p1\">Agricultural cost control and management<\/p><p class=\"p1\">Negotiation with suppliers<\/p><p class=\"p1\">Preparing and implementing technical projects<\/p><p class=\"p1\">Plantation design and digital simulation<\/p><p class=\"p1\">Annual planning and vine handling control<\/p><p class=\"p1\">Pest control and disease prevention strategies<\/p><p class=\"p1\">Technical advice in the selection and application of phytosanitaries<\/p><p class=\"p1\">Change to organic and biodynamic viticulture<\/p><p>Implementation of holistic and regenerative practices.<\/p><p class=\"p4\">Establishment and integral plagues management<\/p><p class=\"p1\">Control of production and optimal timing for harvesting<\/p><p class=\"p1\">Use of traceability techniques<\/p><p class=\"p1\">Training and technical transfer of resources<\/p><p class=\"p1\">Vine audits and inspections<\/p><\/div><\/div>\t\t\t\t\t\t\t\t<\/div>\n\t\t\t\t<\/div>\n\t\t\t\t\t<\/div>\n\t\t<\/div>\n\t\t\t\t<div class=\"elementor-column elementor-col-50 elementor-top-column elementor-element elementor-element-11bc55d6\" data-id=\"11bc55d6\" data-element_type=\"column\" data-e-type=\"column\">\n\t\t\t<div class=\"elementor-widget-wrap elementor-element-populated\">\n\t\t\t\t\t\t<div class=\"elementor-element elementor-element-0bade60 elementor-widget elementor-widget-image\" data-id=\"0bade60\" data-element_type=\"widget\" data-e-type=\"widget\" data-widget_type=\"image.default\">\n\t\t\t\t<div class=\"elementor-widget-container\">\n\t\t\t\t\t\t\t\t\t\t\t\t\t\t\t<img fetchpriority=\"high\" decoding=\"async\" width=\"1200\" height=\"1523\" src=\"https:\/\/vinic.es\/wp-content\/uploads\/2020\/03\/vitivinicola.jpg\" class=\"attachment-full size-full wp-image-2894\" alt=\"Imatge del servei de consultoria estrat\u00e8gica per a cellers. Persones tallant ra\u00efms\" srcset=\"https:\/\/vinic.es\/wp-content\/uploads\/2020\/03\/vitivinicola.jpg 1200w, https:\/\/vinic.es\/wp-content\/uploads\/2020\/03\/vitivinicola-236x300.jpg 236w, https:\/\/vinic.es\/wp-content\/uploads\/2020\/03\/vitivinicola-807x1024.jpg 807w, https:\/\/vinic.es\/wp-content\/uploads\/2020\/03\/vitivinicola-768x975.jpg 768w\" sizes=\"(max-width: 1200px) 100vw, 1200px\" \/>\t\t\t\t\t\t\t\t\t\t\t\t\t\t\t<\/div>\n\t\t\t\t<\/div>\n\t\t\t\t\t<\/div>\n\t\t<\/div>\n\t\t\t\t\t<\/div>\n\t\t<\/section>\n\t\t\t\t<\/div>\n\t\t","protected":false},"excerpt":{"rendered":"<p>Viticulture Consulting Our objective is to produce a high quality wine harvest at a cost budgeted for each project, applying management and technical control strategies that allow you to optimise resources and profitability. In order to do so, VINIC focuses on the continuous monitoring of the vineyard applying a work methodology based on strict technical &#8230; <a title=\"Viticulture\" class=\"read-more\" href=\"https:\/\/vinic.es\/en\/viticulture\/\" aria-label=\"Read more about Viticulture\">Read more<\/a><\/p>\n","protected":false},"author":1,"featured_media":0,"parent":0,"menu_order":0,"comment_status":"closed","ping_status":"closed","template":"","meta":{"_joinchat":[],"footnotes":""},"class_list":["post-2950","page","type-page","status-publish"],"yoast_head":"<!-- This site is optimized with the Yoast SEO plugin v27.6 - https:\/\/yoast.com\/product\/yoast-seo-wordpress\/ -->\n<title>Viticulture Consulting - Vinic.es<\/title>\n<meta name=\"description\" content=\"Our objective is to produce a high quality wine harvest at a cost budgeted for each project, applying management and technical control strategies.\" \/>\n<meta name=\"robots\" content=\"index, follow, max-snippet:-1, max-image-preview:large, max-video-preview:-1\" \/>\n<link rel=\"canonical\" href=\"https:\/\/vinic.es\/viticola\/\" \/>\n<meta property=\"og:locale\" content=\"en_US\" \/>\n<meta property=\"og:type\" content=\"article\" \/>\n<meta property=\"og:title\" content=\"Viticulture Consulting - Vinic.es\" \/>\n<meta property=\"og:description\" content=\"Our objective is to produce a high quality wine harvest at a cost budgeted for each project, applying management and technical control strategies.\" \/>\n<meta property=\"og:url\" content=\"https:\/\/vinic.es\/viticola\/\" \/>\n<meta property=\"og:site_name\" content=\"Vinic Consulting\" \/>\n<meta property=\"article:modified_time\" content=\"2024-12-16T10:04:33+00:00\" \/>\n<meta property=\"og:image\" content=\"https:\/\/vinic.es\/wp-content\/uploads\/2020\/03\/vitivinicola.jpg\" \/>\n\t<meta property=\"og:image:width\" content=\"1200\" \/>\n\t<meta property=\"og:image:height\" content=\"1523\" \/>\n\t<meta property=\"og:image:type\" content=\"image\/jpeg\" \/>\n<meta name=\"twitter:card\" content=\"summary_large_image\" \/>\n<meta name=\"twitter:label1\" content=\"Est. reading time\" \/>\n\t<meta name=\"twitter:data1\" content=\"2 minutes\" \/>\n<script type=\"application\/ld+json\" class=\"yoast-schema-graph\">{\"@context\":\"https:\\\/\\\/schema.org\",\"@graph\":[{\"@type\":\"WebPage\",\"@id\":\"https:\\\/\\\/vinic.es\\\/viticola\\\/\",\"url\":\"https:\\\/\\\/vinic.es\\\/viticola\\\/\",\"name\":\"Viticulture Consulting - Vinic.es\",\"isPartOf\":{\"@id\":\"https:\\\/\\\/vinic.es\\\/#website\"},\"primaryImageOfPage\":{\"@id\":\"https:\\\/\\\/vinic.es\\\/viticola\\\/#primaryimage\"},\"image\":{\"@id\":\"https:\\\/\\\/vinic.es\\\/viticola\\\/#primaryimage\"},\"thumbnailUrl\":\"https:\\\/\\\/vinic.es\\\/wp-content\\\/uploads\\\/2020\\\/03\\\/vitivinicola.jpg\",\"datePublished\":\"2020-03-11T12:58:31+00:00\",\"dateModified\":\"2024-12-16T10:04:33+00:00\",\"description\":\"Our objective is to produce a high quality wine harvest at a cost budgeted for each project, applying management and technical control strategies.\",\"breadcrumb\":{\"@id\":\"https:\\\/\\\/vinic.es\\\/viticola\\\/#breadcrumb\"},\"inLanguage\":\"en-US\",\"potentialAction\":[{\"@type\":\"ReadAction\",\"target\":[\"https:\\\/\\\/vinic.es\\\/viticola\\\/\"]}]},{\"@type\":\"ImageObject\",\"inLanguage\":\"en-US\",\"@id\":\"https:\\\/\\\/vinic.es\\\/viticola\\\/#primaryimage\",\"url\":\"https:\\\/\\\/vinic.es\\\/wp-content\\\/uploads\\\/2020\\\/03\\\/vitivinicola.jpg\",\"contentUrl\":\"https:\\\/\\\/vinic.es\\\/wp-content\\\/uploads\\\/2020\\\/03\\\/vitivinicola.jpg\"},{\"@type\":\"BreadcrumbList\",\"@id\":\"https:\\\/\\\/vinic.es\\\/viticola\\\/#breadcrumb\",\"itemListElement\":[{\"@type\":\"ListItem\",\"position\":1,\"name\":\"Portada\",\"item\":\"https:\\\/\\\/vinic.es\\\/\"},{\"@type\":\"ListItem\",\"position\":2,\"name\":\"Viticulture\"}]},{\"@type\":\"WebSite\",\"@id\":\"https:\\\/\\\/vinic.es\\\/#website\",\"url\":\"https:\\\/\\\/vinic.es\\\/\",\"name\":\"Vinic Consulting\",\"description\":\"Asesoramiento vit\u00edcola y enol\u00f3gico integral para empresas vitivin\u00edcolas. Vinic consulting: creaci\u00f3n, direcci\u00f3n y gesti\u00f3n de vi\u00f1edos y bodegas.\",\"publisher\":{\"@id\":\"https:\\\/\\\/vinic.es\\\/#organization\"},\"potentialAction\":[{\"@type\":\"SearchAction\",\"target\":{\"@type\":\"EntryPoint\",\"urlTemplate\":\"https:\\\/\\\/vinic.es\\\/?s={search_term_string}\"},\"query-input\":{\"@type\":\"PropertyValueSpecification\",\"valueRequired\":true,\"valueName\":\"search_term_string\"}}],\"inLanguage\":\"en-US\"},{\"@type\":\"Organization\",\"@id\":\"https:\\\/\\\/vinic.es\\\/#organization\",\"name\":\"Vinic Consulting\",\"url\":\"https:\\\/\\\/vinic.es\\\/\",\"logo\":{\"@type\":\"ImageObject\",\"inLanguage\":\"en-US\",\"@id\":\"https:\\\/\\\/vinic.es\\\/#\\\/schema\\\/logo\\\/image\\\/\",\"url\":\"https:\\\/\\\/vinic.es\\\/wp-content\\\/uploads\\\/2020\\\/03\\\/logo-vinic.png\",\"contentUrl\":\"https:\\\/\\\/vinic.es\\\/wp-content\\\/uploads\\\/2020\\\/03\\\/logo-vinic.png\",\"width\":130,\"height\":43,\"caption\":\"Vinic Consulting\"},\"image\":{\"@id\":\"https:\\\/\\\/vinic.es\\\/#\\\/schema\\\/logo\\\/image\\\/\"}}]}<\/script>\n<!-- \/ Yoast SEO plugin. -->","yoast_head_json":{"title":"Viticulture Consulting - Vinic.es","description":"Our objective is to produce a high quality wine harvest at a cost budgeted for each project, applying management and technical control strategies.","robots":{"index":"index","follow":"follow","max-snippet":"max-snippet:-1","max-image-preview":"max-image-preview:large","max-video-preview":"max-video-preview:-1"},"canonical":"https:\/\/vinic.es\/viticola\/","og_locale":"en_US","og_type":"article","og_title":"Viticulture Consulting - Vinic.es","og_description":"Our objective is to produce a high quality wine harvest at a cost budgeted for each project, applying management and technical control strategies.","og_url":"https:\/\/vinic.es\/viticola\/","og_site_name":"Vinic Consulting","article_modified_time":"2024-12-16T10:04:33+00:00","og_image":[{"width":1200,"height":1523,"url":"https:\/\/vinic.es\/wp-content\/uploads\/2020\/03\/vitivinicola.jpg","type":"image\/jpeg"}],"twitter_card":"summary_large_image","twitter_misc":{"Est. reading time":"2 minutes"},"schema":{"@context":"https:\/\/schema.org","@graph":[{"@type":"WebPage","@id":"https:\/\/vinic.es\/viticola\/","url":"https:\/\/vinic.es\/viticola\/","name":"Viticulture Consulting - Vinic.es","isPartOf":{"@id":"https:\/\/vinic.es\/#website"},"primaryImageOfPage":{"@id":"https:\/\/vinic.es\/viticola\/#primaryimage"},"image":{"@id":"https:\/\/vinic.es\/viticola\/#primaryimage"},"thumbnailUrl":"https:\/\/vinic.es\/wp-content\/uploads\/2020\/03\/vitivinicola.jpg","datePublished":"2020-03-11T12:58:31+00:00","dateModified":"2024-12-16T10:04:33+00:00","description":"Our objective is to produce a high quality wine harvest at a cost budgeted for each project, applying management and technical control strategies.","breadcrumb":{"@id":"https:\/\/vinic.es\/viticola\/#breadcrumb"},"inLanguage":"en-US","potentialAction":[{"@type":"ReadAction","target":["https:\/\/vinic.es\/viticola\/"]}]},{"@type":"ImageObject","inLanguage":"en-US","@id":"https:\/\/vinic.es\/viticola\/#primaryimage","url":"https:\/\/vinic.es\/wp-content\/uploads\/2020\/03\/vitivinicola.jpg","contentUrl":"https:\/\/vinic.es\/wp-content\/uploads\/2020\/03\/vitivinicola.jpg"},{"@type":"BreadcrumbList","@id":"https:\/\/vinic.es\/viticola\/#breadcrumb","itemListElement":[{"@type":"ListItem","position":1,"name":"Portada","item":"https:\/\/vinic.es\/"},{"@type":"ListItem","position":2,"name":"Viticulture"}]},{"@type":"WebSite","@id":"https:\/\/vinic.es\/#website","url":"https:\/\/vinic.es\/","name":"Vinic Consulting","description":"Asesoramiento vit\u00edcola y enol\u00f3gico integral para empresas vitivin\u00edcolas. Vinic consulting: creaci\u00f3n, direcci\u00f3n y gesti\u00f3n de vi\u00f1edos y bodegas.","publisher":{"@id":"https:\/\/vinic.es\/#organization"},"potentialAction":[{"@type":"SearchAction","target":{"@type":"EntryPoint","urlTemplate":"https:\/\/vinic.es\/?s={search_term_string}"},"query-input":{"@type":"PropertyValueSpecification","valueRequired":true,"valueName":"search_term_string"}}],"inLanguage":"en-US"},{"@type":"Organization","@id":"https:\/\/vinic.es\/#organization","name":"Vinic Consulting","url":"https:\/\/vinic.es\/","logo":{"@type":"ImageObject","inLanguage":"en-US","@id":"https:\/\/vinic.es\/#\/schema\/logo\/image\/","url":"https:\/\/vinic.es\/wp-content\/uploads\/2020\/03\/logo-vinic.png","contentUrl":"https:\/\/vinic.es\/wp-content\/uploads\/2020\/03\/logo-vinic.png","width":130,"height":43,"caption":"Vinic Consulting"},"image":{"@id":"https:\/\/vinic.es\/#\/schema\/logo\/image\/"}}]}},"_links":{"self":[{"href":"https:\/\/vinic.es\/en\/wp-json\/wp\/v2\/pages\/2950","targetHints":{"allow":["GET"]}}],"collection":[{"href":"https:\/\/vinic.es\/en\/wp-json\/wp\/v2\/pages"}],"about":[{"href":"https:\/\/vinic.es\/en\/wp-json\/wp\/v2\/types\/page"}],"author":[{"embeddable":true,"href":"https:\/\/vinic.es\/en\/wp-json\/wp\/v2\/users\/1"}],"replies":[{"embeddable":true,"href":"https:\/\/vinic.es\/en\/wp-json\/wp\/v2\/comments?post=2950"}],"version-history":[{"count":12,"href":"https:\/\/vinic.es\/en\/wp-json\/wp\/v2\/pages\/2950\/revisions"}],"predecessor-version":[{"id":3637,"href":"https:\/\/vinic.es\/en\/wp-json\/wp\/v2\/pages\/2950\/revisions\/3637"}],"wp:attachment":[{"href":"https:\/\/vinic.es\/en\/wp-json\/wp\/v2\/media?parent=2950"}],"curies":[{"name":"wp","href":"https:\/\/api.w.org\/{rel}","templated":true}]}}