{"id":2988,"date":"2020-03-11T13:25:31","date_gmt":"2020-03-11T13:25:31","guid":{"rendered":"https:\/\/vinic.es\/?page_id=2988"},"modified":"2020-03-22T17:37:45","modified_gmt":"2020-03-22T17:37:45","slug":"strategic","status":"publish","type":"page","link":"https:\/\/vinic.es\/en\/strategic\/","title":{"rendered":"Strategic"},"content":{"rendered":"\t\t<div data-elementor-type=\"wp-page\" data-elementor-id=\"2988\" class=\"elementor elementor-2988\" data-elementor-post-type=\"page\">\n\t\t\t\t\t\t<section class=\"elementor-section elementor-top-section elementor-element elementor-element-3fc1a7ca elementor-section-boxed elementor-section-height-default elementor-section-height-default\" data-id=\"3fc1a7ca\" data-element_type=\"section\" data-e-type=\"section\">\n\t\t\t\t\t\t<div class=\"elementor-container elementor-column-gap-extended\">\n\t\t\t\t\t<div class=\"elementor-column elementor-col-50 elementor-top-column elementor-element elementor-element-6474621\" data-id=\"6474621\" data-element_type=\"column\" data-e-type=\"column\">\n\t\t\t<div class=\"elementor-widget-wrap elementor-element-populated\">\n\t\t\t\t\t\t<div class=\"elementor-element elementor-element-7b12427 elementor-widget elementor-widget-heading\" data-id=\"7b12427\" data-element_type=\"widget\" data-e-type=\"widget\" data-widget_type=\"heading.default\">\n\t\t\t\t<div class=\"elementor-widget-container\">\n\t\t\t\t\t<h2 class=\"elementor-heading-title elementor-size-default\">Strategic Consulting<\/h2>\t\t\t\t<\/div>\n\t\t\t\t<\/div>\n\t\t\t\t<div class=\"elementor-element elementor-element-f6ca865 elementor-widget-divider--view-line elementor-widget elementor-widget-divider\" data-id=\"f6ca865\" data-element_type=\"widget\" data-e-type=\"widget\" data-widget_type=\"divider.default\">\n\t\t\t\t<div class=\"elementor-widget-container\">\n\t\t\t\t\t\t\t<div class=\"elementor-divider\">\n\t\t\t<span class=\"elementor-divider-separator\">\n\t\t\t\t\t\t<\/span>\n\t\t<\/div>\n\t\t\t\t\t\t<\/div>\n\t\t\t\t<\/div>\n\t\t\t\t<div class=\"elementor-element elementor-element-b0f2f3c elementor-widget elementor-widget-text-editor\" data-id=\"b0f2f3c\" data-element_type=\"widget\" data-e-type=\"widget\" data-widget_type=\"text-editor.default\">\n\t\t\t\t<div class=\"elementor-widget-container\">\n\t\t\t\t\t\t\t\t\t<div class=\"wpb_text_column wpb_content_element \"><div class=\"wpb_wrapper\"><div class=\"wpb_text_column wpb_content_element \"><div class=\"wpb_wrapper\"><div class=\"wpb_text_column wpb_content_element \"><div class=\"wpb_wrapper\">More than ever, <span class=\"s1\">today\u2019s wineries face strong<\/span> economic and consumer changes and for that reason, it is necessary to make business decisions in order to adapt to a changeable and complex environment and be competitive. Strategic management is essential to achieving good results in the wine making business.<\/div><\/div><\/div><\/div><\/div><\/div>\t\t\t\t\t\t\t\t<\/div>\n\t\t\t\t<\/div>\n\t\t\t\t<div class=\"elementor-element elementor-element-a2baad0 elementor-widget elementor-widget-heading\" data-id=\"a2baad0\" data-element_type=\"widget\" data-e-type=\"widget\" data-widget_type=\"heading.default\">\n\t\t\t\t<div class=\"elementor-widget-container\">\n\t\t\t\t\t<h3 class=\"elementor-heading-title elementor-size-default\">At VINIC we are specialists in strategic management and we offer consultancy services based on three areas:<\/h3>\t\t\t\t<\/div>\n\t\t\t\t<\/div>\n\t\t\t\t<div class=\"elementor-element elementor-element-c3d0db6 elementor-widget-divider--view-line elementor-widget elementor-widget-divider\" data-id=\"c3d0db6\" data-element_type=\"widget\" data-e-type=\"widget\" data-widget_type=\"divider.default\">\n\t\t\t\t<div class=\"elementor-widget-container\">\n\t\t\t\t\t\t\t<div class=\"elementor-divider\">\n\t\t\t<span class=\"elementor-divider-separator\">\n\t\t\t\t\t\t<\/span>\n\t\t<\/div>\n\t\t\t\t\t\t<\/div>\n\t\t\t\t<\/div>\n\t\t\t\t<div class=\"elementor-element elementor-element-8b43d1c elementor-widget elementor-widget-text-editor\" data-id=\"8b43d1c\" data-element_type=\"widget\" data-e-type=\"widget\" data-widget_type=\"text-editor.default\">\n\t\t\t\t<div class=\"elementor-widget-container\">\n\t\t\t\t\t\t\t\t\t<div class=\"wpb_text_column wpb_content_element \"><div class=\"wpb_wrapper\"><p class=\"p1\"><strong style=\"color: #000;\"><span class=\"s1\"><strong><span class=\"s2\">Defining strategic objectives<\/span><\/strong><\/span><\/strong><\/p><p class=\"p2\">Define the winery\u2019s philosophy and mission.<\/p><p class=\"p3\">Establish short and long term objectives to accomplish the winery\u2019s mission.<\/p><\/div><\/div>\t\t\t\t\t\t\t\t<\/div>\n\t\t\t\t<\/div>\n\t\t\t\t<div class=\"elementor-element elementor-element-4a7b877 elementor-widget elementor-widget-text-editor\" data-id=\"4a7b877\" data-element_type=\"widget\" data-e-type=\"widget\" data-widget_type=\"text-editor.default\">\n\t\t\t\t<div class=\"elementor-widget-container\">\n\t\t\t\t\t\t\t\t\t<div class=\"wpb_text_column wpb_content_element \"><div class=\"wpb_wrapper\"><p class=\"p1\"><strong style=\"color: #000;\"><span class=\"s1\"><strong><span class=\"s2\">Strategic Planning<\/span><\/strong><\/span><\/strong><\/p><p class=\"p4\">Prepare several possible strategies and choose the most adequate.<\/p><p class=\"p4\">Develop an organizational structure to accomplish the strategy.<\/p><\/div><\/div>\t\t\t\t\t\t\t\t<\/div>\n\t\t\t\t<\/div>\n\t\t\t\t\t<\/div>\n\t\t<\/div>\n\t\t\t\t<div class=\"elementor-column elementor-col-50 elementor-top-column elementor-element elementor-element-11bc55d6\" data-id=\"11bc55d6\" data-element_type=\"column\" data-e-type=\"column\">\n\t\t\t<div class=\"elementor-widget-wrap elementor-element-populated\">\n\t\t\t\t\t\t<div class=\"elementor-element elementor-element-0bade60 elementor-widget elementor-widget-image\" data-id=\"0bade60\" data-element_type=\"widget\" data-e-type=\"widget\" data-widget_type=\"image.default\">\n\t\t\t\t<div class=\"elementor-widget-container\">\n\t\t\t\t\t\t\t\t\t\t\t\t\t\t\t<img fetchpriority=\"high\" decoding=\"async\" width=\"1200\" height=\"800\" src=\"https:\/\/vinic.es\/wp-content\/uploads\/2020\/03\/immenta_estrategica.jpg\" class=\"attachment-full size-full wp-image-2978\" alt=\"Imatge del servei de consultoria estrat\u00e8gica per a cellers. Persona amb ra\u00efm a les mans\" srcset=\"https:\/\/vinic.es\/wp-content\/uploads\/2020\/03\/immenta_estrategica.jpg 1200w, https:\/\/vinic.es\/wp-content\/uploads\/2020\/03\/immenta_estrategica-300x200.jpg 300w, https:\/\/vinic.es\/wp-content\/uploads\/2020\/03\/immenta_estrategica-1024x683.jpg 1024w, https:\/\/vinic.es\/wp-content\/uploads\/2020\/03\/immenta_estrategica-768x512.jpg 768w\" sizes=\"(max-width: 1200px) 100vw, 1200px\" \/>\t\t\t\t\t\t\t\t\t\t\t\t\t\t\t<\/div>\n\t\t\t\t<\/div>\n\t\t\t\t<div class=\"elementor-element elementor-element-e41138a elementor-widget elementor-widget-text-editor\" data-id=\"e41138a\" data-element_type=\"widget\" data-e-type=\"widget\" data-widget_type=\"text-editor.default\">\n\t\t\t\t<div class=\"elementor-widget-container\">\n\t\t\t\t\t\t\t\t\t<div class=\"wpb_text_column wpb_content_element \"><div class=\"wpb_wrapper\"><div class=\"wpb_text_column wpb_content_element \"><div class=\"wpb_wrapper\"><p class=\"p1\"><strong style=\"color: #000;\"><span class=\"s1\"><strong>Implementation strategy<\/strong><\/span><\/strong><\/p><p class=\"p2\">Carry out the necessary activities to make sure the strategy is accomplished in an efficient way.<\/p><p class=\"p2\">Control the effectiveness of the strategy to achieve the winery\u2019s objectives.<\/p><\/div><\/div><\/div><\/div>\t\t\t\t\t\t\t\t<\/div>\n\t\t\t\t<\/div>\n\t\t\t\t<div class=\"elementor-element elementor-element-a38e7e7 elementor-widget elementor-widget-text-editor\" data-id=\"a38e7e7\" data-element_type=\"widget\" data-e-type=\"widget\" data-widget_type=\"text-editor.default\">\n\t\t\t\t<div class=\"elementor-widget-container\">\n\t\t\t\t\t\t\t\t\t<p>The strategic management process requires planning and a continuous decision making process, to decide in advance what to do and how, when and who will do it. <strong><b>You do not have to worry as we will <\/b><span class=\"s1\"><b>prepare the best<\/b><\/span><b> possible strategy for your winery, a key for success.<\/b><\/strong><\/p>\t\t\t\t\t\t\t\t<\/div>\n\t\t\t\t<\/div>\n\t\t\t\t\t<\/div>\n\t\t<\/div>\n\t\t\t\t\t<\/div>\n\t\t<\/section>\n\t\t\t\t<\/div>\n\t\t","protected":false},"excerpt":{"rendered":"<p>Strategic Consulting More than ever, today\u2019s wineries face strong economic and consumer changes and for that reason, it is necessary to make business decisions in order to adapt to a changeable and complex environment and be competitive. Strategic management is essential to achieving good results in the wine making business. At VINIC we are specialists &#8230; <a title=\"Strategic\" class=\"read-more\" href=\"https:\/\/vinic.es\/en\/strategic\/\" aria-label=\"Read more about Strategic\">Read more<\/a><\/p>\n","protected":false},"author":1,"featured_media":0,"parent":0,"menu_order":0,"comment_status":"closed","ping_status":"closed","template":"","meta":{"_joinchat":[],"footnotes":""},"class_list":["post-2988","page","type-page","status-publish"],"yoast_head":"<!-- This site is optimized with the Yoast SEO plugin v27.6 - https:\/\/yoast.com\/product\/yoast-seo-wordpress\/ -->\n<title>Strategic Consulting | Vinic.es<\/title>\n<meta name=\"description\" content=\"More than ever, today\u2019s wineries face strong economic and consumer changes and for that reason, it is necessary to make business decisions in order to adapt\" \/>\n<meta name=\"robots\" content=\"index, follow, max-snippet:-1, max-image-preview:large, max-video-preview:-1\" \/>\n<link rel=\"canonical\" href=\"https:\/\/vinic.es\/en\/strategic\/\" \/>\n<meta property=\"og:locale\" content=\"en_US\" \/>\n<meta property=\"og:type\" content=\"article\" \/>\n<meta property=\"og:title\" content=\"Strategic Consulting | Vinic.es\" \/>\n<meta property=\"og:description\" content=\"More than ever, today\u2019s wineries face strong economic and consumer changes and for that reason, it is necessary to make business decisions in order to adapt\" \/>\n<meta property=\"og:url\" content=\"https:\/\/vinic.es\/en\/strategic\/\" \/>\n<meta property=\"og:site_name\" content=\"Vinic Consulting\" \/>\n<meta property=\"article:modified_time\" content=\"2020-03-22T17:37:45+00:00\" \/>\n<meta property=\"og:image\" content=\"https:\/\/vinic.es\/wp-content\/uploads\/2020\/03\/immenta_estrategica.jpg\" \/>\n<meta name=\"twitter:card\" content=\"summary_large_image\" \/>\n<meta name=\"twitter:label1\" content=\"Est. reading time\" \/>\n\t<meta name=\"twitter:data1\" content=\"1 minute\" \/>\n<script type=\"application\/ld+json\" class=\"yoast-schema-graph\">{\"@context\":\"https:\\\/\\\/schema.org\",\"@graph\":[{\"@type\":\"WebPage\",\"@id\":\"https:\\\/\\\/vinic.es\\\/en\\\/strategic\\\/\",\"url\":\"https:\\\/\\\/vinic.es\\\/en\\\/strategic\\\/\",\"name\":\"Strategic Consulting | Vinic.es\",\"isPartOf\":{\"@id\":\"https:\\\/\\\/vinic.es\\\/#website\"},\"primaryImageOfPage\":{\"@id\":\"https:\\\/\\\/vinic.es\\\/en\\\/strategic\\\/#primaryimage\"},\"image\":{\"@id\":\"https:\\\/\\\/vinic.es\\\/en\\\/strategic\\\/#primaryimage\"},\"thumbnailUrl\":\"https:\\\/\\\/vinic.es\\\/wp-content\\\/uploads\\\/2020\\\/03\\\/immenta_estrategica.jpg\",\"datePublished\":\"2020-03-11T13:25:31+00:00\",\"dateModified\":\"2020-03-22T17:37:45+00:00\",\"description\":\"More than ever, today\u2019s wineries face strong economic and consumer changes and for that reason, it is necessary to make business decisions in order to adapt\",\"breadcrumb\":{\"@id\":\"https:\\\/\\\/vinic.es\\\/en\\\/strategic\\\/#breadcrumb\"},\"inLanguage\":\"en-US\",\"potentialAction\":[{\"@type\":\"ReadAction\",\"target\":[\"https:\\\/\\\/vinic.es\\\/en\\\/strategic\\\/\"]}]},{\"@type\":\"ImageObject\",\"inLanguage\":\"en-US\",\"@id\":\"https:\\\/\\\/vinic.es\\\/en\\\/strategic\\\/#primaryimage\",\"url\":\"https:\\\/\\\/vinic.es\\\/wp-content\\\/uploads\\\/2020\\\/03\\\/immenta_estrategica.jpg\",\"contentUrl\":\"https:\\\/\\\/vinic.es\\\/wp-content\\\/uploads\\\/2020\\\/03\\\/immenta_estrategica.jpg\"},{\"@type\":\"BreadcrumbList\",\"@id\":\"https:\\\/\\\/vinic.es\\\/en\\\/strategic\\\/#breadcrumb\",\"itemListElement\":[{\"@type\":\"ListItem\",\"position\":1,\"name\":\"Portada\",\"item\":\"https:\\\/\\\/vinic.es\\\/\"},{\"@type\":\"ListItem\",\"position\":2,\"name\":\"Strategic\"}]},{\"@type\":\"WebSite\",\"@id\":\"https:\\\/\\\/vinic.es\\\/#website\",\"url\":\"https:\\\/\\\/vinic.es\\\/\",\"name\":\"Vinic Consulting\",\"description\":\"Asesoramiento vit\u00edcola y enol\u00f3gico integral para empresas vitivin\u00edcolas. Vinic consulting: creaci\u00f3n, direcci\u00f3n y gesti\u00f3n de vi\u00f1edos y bodegas.\",\"publisher\":{\"@id\":\"https:\\\/\\\/vinic.es\\\/#organization\"},\"potentialAction\":[{\"@type\":\"SearchAction\",\"target\":{\"@type\":\"EntryPoint\",\"urlTemplate\":\"https:\\\/\\\/vinic.es\\\/?s={search_term_string}\"},\"query-input\":{\"@type\":\"PropertyValueSpecification\",\"valueRequired\":true,\"valueName\":\"search_term_string\"}}],\"inLanguage\":\"en-US\"},{\"@type\":\"Organization\",\"@id\":\"https:\\\/\\\/vinic.es\\\/#organization\",\"name\":\"Vinic Consulting\",\"url\":\"https:\\\/\\\/vinic.es\\\/\",\"logo\":{\"@type\":\"ImageObject\",\"inLanguage\":\"en-US\",\"@id\":\"https:\\\/\\\/vinic.es\\\/#\\\/schema\\\/logo\\\/image\\\/\",\"url\":\"https:\\\/\\\/vinic.es\\\/wp-content\\\/uploads\\\/2020\\\/03\\\/logo-vinic.png\",\"contentUrl\":\"https:\\\/\\\/vinic.es\\\/wp-content\\\/uploads\\\/2020\\\/03\\\/logo-vinic.png\",\"width\":130,\"height\":43,\"caption\":\"Vinic Consulting\"},\"image\":{\"@id\":\"https:\\\/\\\/vinic.es\\\/#\\\/schema\\\/logo\\\/image\\\/\"}}]}<\/script>\n<!-- \/ Yoast SEO plugin. -->","yoast_head_json":{"title":"Strategic Consulting | Vinic.es","description":"More than ever, today\u2019s wineries face strong economic and consumer changes and for that reason, it is necessary to make business decisions in order to adapt","robots":{"index":"index","follow":"follow","max-snippet":"max-snippet:-1","max-image-preview":"max-image-preview:large","max-video-preview":"max-video-preview:-1"},"canonical":"https:\/\/vinic.es\/en\/strategic\/","og_locale":"en_US","og_type":"article","og_title":"Strategic Consulting | Vinic.es","og_description":"More than ever, today\u2019s wineries face strong economic and consumer changes and for that reason, it is necessary to make business decisions in order to adapt","og_url":"https:\/\/vinic.es\/en\/strategic\/","og_site_name":"Vinic Consulting","article_modified_time":"2020-03-22T17:37:45+00:00","og_image":[{"url":"https:\/\/vinic.es\/wp-content\/uploads\/2020\/03\/immenta_estrategica.jpg","type":"","width":"","height":""}],"twitter_card":"summary_large_image","twitter_misc":{"Est. reading time":"1 minute"},"schema":{"@context":"https:\/\/schema.org","@graph":[{"@type":"WebPage","@id":"https:\/\/vinic.es\/en\/strategic\/","url":"https:\/\/vinic.es\/en\/strategic\/","name":"Strategic Consulting | Vinic.es","isPartOf":{"@id":"https:\/\/vinic.es\/#website"},"primaryImageOfPage":{"@id":"https:\/\/vinic.es\/en\/strategic\/#primaryimage"},"image":{"@id":"https:\/\/vinic.es\/en\/strategic\/#primaryimage"},"thumbnailUrl":"https:\/\/vinic.es\/wp-content\/uploads\/2020\/03\/immenta_estrategica.jpg","datePublished":"2020-03-11T13:25:31+00:00","dateModified":"2020-03-22T17:37:45+00:00","description":"More than ever, today\u2019s wineries face strong economic and consumer changes and for that reason, it is necessary to make business decisions in order to adapt","breadcrumb":{"@id":"https:\/\/vinic.es\/en\/strategic\/#breadcrumb"},"inLanguage":"en-US","potentialAction":[{"@type":"ReadAction","target":["https:\/\/vinic.es\/en\/strategic\/"]}]},{"@type":"ImageObject","inLanguage":"en-US","@id":"https:\/\/vinic.es\/en\/strategic\/#primaryimage","url":"https:\/\/vinic.es\/wp-content\/uploads\/2020\/03\/immenta_estrategica.jpg","contentUrl":"https:\/\/vinic.es\/wp-content\/uploads\/2020\/03\/immenta_estrategica.jpg"},{"@type":"BreadcrumbList","@id":"https:\/\/vinic.es\/en\/strategic\/#breadcrumb","itemListElement":[{"@type":"ListItem","position":1,"name":"Portada","item":"https:\/\/vinic.es\/"},{"@type":"ListItem","position":2,"name":"Strategic"}]},{"@type":"WebSite","@id":"https:\/\/vinic.es\/#website","url":"https:\/\/vinic.es\/","name":"Vinic Consulting","description":"Asesoramiento vit\u00edcola y enol\u00f3gico integral para empresas vitivin\u00edcolas. Vinic consulting: creaci\u00f3n, direcci\u00f3n y gesti\u00f3n de vi\u00f1edos y bodegas.","publisher":{"@id":"https:\/\/vinic.es\/#organization"},"potentialAction":[{"@type":"SearchAction","target":{"@type":"EntryPoint","urlTemplate":"https:\/\/vinic.es\/?s={search_term_string}"},"query-input":{"@type":"PropertyValueSpecification","valueRequired":true,"valueName":"search_term_string"}}],"inLanguage":"en-US"},{"@type":"Organization","@id":"https:\/\/vinic.es\/#organization","name":"Vinic Consulting","url":"https:\/\/vinic.es\/","logo":{"@type":"ImageObject","inLanguage":"en-US","@id":"https:\/\/vinic.es\/#\/schema\/logo\/image\/","url":"https:\/\/vinic.es\/wp-content\/uploads\/2020\/03\/logo-vinic.png","contentUrl":"https:\/\/vinic.es\/wp-content\/uploads\/2020\/03\/logo-vinic.png","width":130,"height":43,"caption":"Vinic Consulting"},"image":{"@id":"https:\/\/vinic.es\/#\/schema\/logo\/image\/"}}]}},"_links":{"self":[{"href":"https:\/\/vinic.es\/en\/wp-json\/wp\/v2\/pages\/2988","targetHints":{"allow":["GET"]}}],"collection":[{"href":"https:\/\/vinic.es\/en\/wp-json\/wp\/v2\/pages"}],"about":[{"href":"https:\/\/vinic.es\/en\/wp-json\/wp\/v2\/types\/page"}],"author":[{"embeddable":true,"href":"https:\/\/vinic.es\/en\/wp-json\/wp\/v2\/users\/1"}],"replies":[{"embeddable":true,"href":"https:\/\/vinic.es\/en\/wp-json\/wp\/v2\/comments?post=2988"}],"version-history":[{"count":7,"href":"https:\/\/vinic.es\/en\/wp-json\/wp\/v2\/pages\/2988\/revisions"}],"predecessor-version":[{"id":3236,"href":"https:\/\/vinic.es\/en\/wp-json\/wp\/v2\/pages\/2988\/revisions\/3236"}],"wp:attachment":[{"href":"https:\/\/vinic.es\/en\/wp-json\/wp\/v2\/media?parent=2988"}],"curies":[{"name":"wp","href":"https:\/\/api.w.org\/{rel}","templated":true}]}}