{"id":3035,"date":"2020-03-11T14:15:27","date_gmt":"2020-03-11T14:15:27","guid":{"rendered":"https:\/\/vinic.es\/?page_id=3035"},"modified":"2023-05-08T09:48:11","modified_gmt":"2023-05-08T09:48:11","slug":"contact","status":"publish","type":"page","link":"https:\/\/vinic.es\/en\/contact\/","title":{"rendered":"Contact"},"content":{"rendered":"\t\t<div data-elementor-type=\"wp-page\" data-elementor-id=\"3035\" class=\"elementor elementor-3035\" data-elementor-post-type=\"page\">\n\t\t\t\t\t\t<section class=\"elementor-section elementor-top-section elementor-element elementor-element-3fc1a7ca elementor-section-boxed elementor-section-height-default elementor-section-height-default\" data-id=\"3fc1a7ca\" data-element_type=\"section\" data-e-type=\"section\">\n\t\t\t\t\t\t<div class=\"elementor-container elementor-column-gap-default\">\n\t\t\t\t\t<div class=\"elementor-column elementor-col-33 elementor-top-column elementor-element elementor-element-11bc55d6\" data-id=\"11bc55d6\" data-element_type=\"column\" data-e-type=\"column\">\n\t\t\t<div class=\"elementor-widget-wrap elementor-element-populated\">\n\t\t\t\t\t\t<div class=\"elementor-element elementor-element-062a839 elementor-widget elementor-widget-heading\" data-id=\"062a839\" data-element_type=\"widget\" data-e-type=\"widget\" data-widget_type=\"heading.default\">\n\t\t\t\t<div class=\"elementor-widget-container\">\n\t\t\t\t\t<h2 class=\"elementor-heading-title elementor-size-default\">Contact<\/h2>\t\t\t\t<\/div>\n\t\t\t\t<\/div>\n\t\t\t\t<div class=\"elementor-element elementor-element-f50f288 elementor-widget-divider--view-line elementor-widget elementor-widget-divider\" data-id=\"f50f288\" data-element_type=\"widget\" data-e-type=\"widget\" data-widget_type=\"divider.default\">\n\t\t\t\t<div class=\"elementor-widget-container\">\n\t\t\t\t\t\t\t<div class=\"elementor-divider\">\n\t\t\t<span class=\"elementor-divider-separator\">\n\t\t\t\t\t\t<\/span>\n\t\t<\/div>\n\t\t\t\t\t\t<\/div>\n\t\t\t\t<\/div>\n\t\t\t\t<div class=\"elementor-element elementor-element-9775c54 elementor-widget elementor-widget-text-editor\" data-id=\"9775c54\" data-element_type=\"widget\" data-e-type=\"widget\" data-widget_type=\"text-editor.default\">\n\t\t\t\t<div class=\"elementor-widget-container\">\n\t\t\t\t\t\t\t\t\t<spam style=\"color: #0c0c0c;\">Project Director<\/spam>\n<br><br>\nSergio Silguero\n<br><br>\n676 635 265\t\t\t\t\t\t\t\t<\/div>\n\t\t\t\t<\/div>\n\t\t\t\t<div class=\"elementor-element elementor-element-fee79ac elementor-widget elementor-widget-text-editor\" data-id=\"fee79ac\" data-element_type=\"widget\" data-e-type=\"widget\" data-widget_type=\"text-editor.default\">\n\t\t\t\t<div class=\"elementor-widget-container\">\n\t\t\t\t\t\t\t\t\t<p><span style=\"color: #000000;\">Viticulture and Enology<\/span><\/p><p>Albert Puignau<\/p><p>629 255 151<\/p><p>Gerard Roure<\/p>\t\t\t\t\t\t\t\t<\/div>\n\t\t\t\t<\/div>\n\t\t\t\t<div class=\"elementor-element elementor-element-406c0d0 elementor-widget elementor-widget-text-editor\" data-id=\"406c0d0\" data-element_type=\"widget\" data-e-type=\"widget\" data-widget_type=\"text-editor.default\">\n\t\t\t\t<div class=\"elementor-widget-container\">\n\t\t\t\t\t\t\t\t\t<spam style=\"color: #0c0c0c;\">Finance<\/spam>\n<br><br>\nJordi Garc\u00eda\t\t\t\t\t\t\t\t<\/div>\n\t\t\t\t<\/div>\n\t\t\t\t<div class=\"elementor-element elementor-element-fcaee4d elementor-widget elementor-widget-text-editor\" data-id=\"fcaee4d\" data-element_type=\"widget\" data-e-type=\"widget\" data-widget_type=\"text-editor.default\">\n\t\t\t\t<div class=\"elementor-widget-container\">\n\t\t\t\t\t\t\t\t\t<spam style=\"color:#000\">Marketing<\/spam>\n<br><br>\nNoelia Hern\u00e1ndez\t\t\t\t\t\t\t\t<\/div>\n\t\t\t\t<\/div>\n\t\t\t\t<div class=\"elementor-element elementor-element-13c5d9a elementor-widget elementor-widget-text-editor\" data-id=\"13c5d9a\" data-element_type=\"widget\" data-e-type=\"widget\" data-widget_type=\"text-editor.default\">\n\t\t\t\t<div class=\"elementor-widget-container\">\n\t\t\t\t\t\t\t\t\t<p><span style=\"color: #000000;\">Architecture and design<\/span><\/p><p><a style=\"color: #ae956c;\" href=\"http:\/\/www.salaferusic.com\" rel=\"nofollow\">SALA FERUSIC<\/a><\/p>\t\t\t\t\t\t\t\t<\/div>\n\t\t\t\t<\/div>\n\t\t\t\t<div class=\"elementor-element elementor-element-c5c6eee elementor-widget elementor-widget-text-editor\" data-id=\"c5c6eee\" data-element_type=\"widget\" data-e-type=\"widget\" data-widget_type=\"text-editor.default\">\n\t\t\t\t<div class=\"elementor-widget-container\">\n\t\t\t\t\t\t\t\t\t<p><span style=\"color: #000000;\">Address<\/span><\/p><p>Carrer de la Blanqueria, 9, 08003 Barcelona<\/p>\t\t\t\t\t\t\t\t<\/div>\n\t\t\t\t<\/div>\n\t\t\t\t<div class=\"elementor-element elementor-element-ff9239a elementor-widget elementor-widget-text-editor\" data-id=\"ff9239a\" data-element_type=\"widget\" data-e-type=\"widget\" data-widget_type=\"text-editor.default\">\n\t\t\t\t<div class=\"elementor-widget-container\">\n\t\t\t\t\t\t\t\t\t<p>info@vinic.es<\/p>\t\t\t\t\t\t\t\t<\/div>\n\t\t\t\t<\/div>\n\t\t\t\t\t<\/div>\n\t\t<\/div>\n\t\t\t\t<div class=\"elementor-column elementor-col-66 elementor-top-column elementor-element elementor-element-6474621\" data-id=\"6474621\" data-element_type=\"column\" data-e-type=\"column\" data-settings=\"{&quot;background_background&quot;:&quot;classic&quot;}\">\n\t\t\t<div class=\"elementor-widget-wrap elementor-element-populated\">\n\t\t\t\t\t\t<div class=\"elementor-element elementor-element-7b12427 elementor-widget elementor-widget-heading\" data-id=\"7b12427\" data-element_type=\"widget\" data-e-type=\"widget\" data-widget_type=\"heading.default\">\n\t\t\t\t<div class=\"elementor-widget-container\">\n\t\t\t\t\t<p class=\"elementor-heading-title elementor-size-default\">Dou you have any queries and require any of our services?\nHere you have our contact.\n\n <br>\n<em>Fill in the following form<\/em><\/p>\t\t\t\t<\/div>\n\t\t\t\t<\/div>\n\t\t\t\t<div class=\"elementor-element elementor-element-8d31344 elementor-button-align-stretch elementor-widget elementor-widget-form\" data-id=\"8d31344\" data-element_type=\"widget\" data-e-type=\"widget\" data-settings=\"{&quot;step_next_label&quot;:&quot;Siguiente&quot;,&quot;step_previous_label&quot;:&quot;Anterior&quot;,&quot;button_width&quot;:&quot;100&quot;,&quot;step_type&quot;:&quot;number_text&quot;,&quot;step_icon_shape&quot;:&quot;circle&quot;}\" data-widget_type=\"form.default\">\n\t\t\t\t<div class=\"elementor-widget-container\">\n\t\t\t\t\t\t\t<form class=\"elementor-form\" method=\"post\" name=\"Nuevo Formulario\" aria-label=\"Nuevo Formulario\">\n\t\t\t<input type=\"hidden\" name=\"post_id\" value=\"3035\"\/>\n\t\t\t<input type=\"hidden\" name=\"form_id\" value=\"8d31344\"\/>\n\t\t\t<input type=\"hidden\" name=\"referer_title\" value=\"Vinic Consulting\" \/>\n\n\t\t\t\n\t\t\t<div class=\"elementor-form-fields-wrapper elementor-labels-above\">\n\t\t\t\t\t\t\t\t<div class=\"elementor-field-type-text elementor-field-group elementor-column elementor-field-group-name elementor-col-100 elementor-field-required\">\n\t\t\t\t\t\t\t\t\t\t\t\t\t<input size=\"1\" type=\"text\" name=\"form_fields[name]\" id=\"form-field-name\" class=\"elementor-field elementor-size-sm  elementor-field-textual\" placeholder=\"Name\" required=\"required\">\n\t\t\t\t\t\t\t\t\t\t\t<\/div>\n\t\t\t\t\t\t\t\t<div class=\"elementor-field-type-email elementor-field-group elementor-column elementor-field-group-email elementor-col-100 elementor-field-required\">\n\t\t\t\t\t\t\t\t\t\t\t\t\t<input size=\"1\" type=\"email\" name=\"form_fields[email]\" id=\"form-field-email\" class=\"elementor-field elementor-size-sm  elementor-field-textual\" placeholder=\"Email\" required=\"required\">\n\t\t\t\t\t\t\t\t\t\t\t<\/div>\n\t\t\t\t\t\t\t\t<div class=\"elementor-field-type-number elementor-field-group elementor-column elementor-field-group-field_1 elementor-col-100 elementor-field-required\">\n\t\t\t\t\t\t\t\t<input type=\"number\" name=\"form_fields[field_1]\" id=\"form-field-field_1\" class=\"elementor-field elementor-size-sm  elementor-field-textual\" placeholder=\"Phone\" required=\"required\" min=\"\" max=\"\" >\n\t\t\t\t\t\t<\/div>\n\t\t\t\t\t\t\t\t<div class=\"elementor-field-type-textarea elementor-field-group elementor-column elementor-field-group-message elementor-col-100 elementor-field-required\">\n\t\t\t\t\t<textarea class=\"elementor-field-textual elementor-field  elementor-size-sm\" name=\"form_fields[message]\" id=\"form-field-message\" rows=\"4\" placeholder=\"Message\" required=\"required\"><\/textarea>\t\t\t\t<\/div>\n\t\t\t\t\t\t\t\t<div class=\"elementor-field-type-acceptance elementor-field-group elementor-column elementor-field-group-field_c6784f7 elementor-col-100 elementor-field-required\">\n\t\t\t\t\t\t\t<div class=\"elementor-field-subgroup\">\n\t\t\t<span class=\"elementor-field-option\">\n\t\t\t\t<input type=\"checkbox\" name=\"form_fields[field_c6784f7]\" id=\"form-field-field_c6784f7\" class=\"elementor-field elementor-size-sm  elementor-acceptance-field\" required=\"required\">\n\t\t\t\t<label for=\"form-field-field_c6784f7\">Accept private policy<\/label>\t\t\t<\/span>\n\t\t<\/div>\n\t\t\t\t\t\t<\/div>\n\t\t\t\t\t\t\t\t<div class=\"elementor-field-type-recaptcha_v3 elementor-field-group elementor-column elementor-field-group-field_b9bc4fc elementor-col-100 recaptcha_v3-bottomright\">\n\t\t\t\t\t<div class=\"elementor-field\" id=\"form-field-field_b9bc4fc\"><div class=\"elementor-g-recaptcha\" data-sitekey=\"6LfhGlsdAAAAANLNHt4xyj73Kz5xqCHRxjzXFjA8\" data-type=\"v3\" data-action=\"Form\" data-badge=\"bottomright\" data-size=\"invisible\"><\/div><\/div>\t\t\t\t<\/div>\n\t\t\t\t\t\t\t\t<div class=\"elementor-field-group elementor-column elementor-field-type-submit elementor-col-100 e-form__buttons\">\n\t\t\t\t\t<button class=\"elementor-button elementor-size-sm\" type=\"submit\">\n\t\t\t\t\t\t<span class=\"elementor-button-content-wrapper\">\n\t\t\t\t\t\t\t\t\t\t\t\t\t\t\t\t\t\t\t\t\t\t<span class=\"elementor-button-text\">Send<\/span>\n\t\t\t\t\t\t\t\t\t\t\t\t\t<\/span>\n\t\t\t\t\t<\/button>\n\t\t\t\t<\/div>\n\t\t\t<\/div>\n\t\t<\/form>\n\t\t\t\t\t\t<\/div>\n\t\t\t\t<\/div>\n\t\t\t\t\t<\/div>\n\t\t<\/div>\n\t\t\t\t\t<\/div>\n\t\t<\/section>\n\t\t\t\t<section class=\"elementor-section elementor-top-section elementor-element elementor-element-0ce28df elementor-section-boxed elementor-section-height-default elementor-section-height-default\" data-id=\"0ce28df\" data-element_type=\"section\" data-e-type=\"section\">\n\t\t\t\t\t\t<div class=\"elementor-container elementor-column-gap-default\">\n\t\t\t\t\t<div class=\"elementor-column elementor-col-100 elementor-top-column elementor-element elementor-element-c882225\" data-id=\"c882225\" data-element_type=\"column\" data-e-type=\"column\">\n\t\t\t<div class=\"elementor-widget-wrap elementor-element-populated\">\n\t\t\t\t\t\t<div class=\"elementor-element elementor-element-9390abd elementor-widget elementor-widget-text-editor\" data-id=\"9390abd\" data-element_type=\"widget\" data-e-type=\"widget\" data-widget_type=\"text-editor.default\">\n\t\t\t\t<div class=\"elementor-widget-container\">\n\t\t\t\t\t\t\t\t\t<div class=\"wpb_column vc_column_container vc_col-sm-12\"><div class=\"vc_column-inner \"><div class=\"wpb_wrapper\"><div class=\"vc_row wpb_row vc_inner vc_row-fluid\"><div class=\"wpb_column vc_column_container vc_col-sm-6\"><div class=\"vc_column-inner \"><div class=\"wpb_wrapper\"><div class=\"wpb_text_column wpb_content_element \"><div class=\"wpb_wrapper\"><p>Photography: <a href=\"https:\/\/www.instagram.com\/joantonillado\/\" target=\"_blank\" rel=\"noopener\"><em><b>@joantonillado\u00a0<\/b><\/em><\/a><\/p><\/div><\/div><\/div><\/div><\/div><\/div><\/div><\/div><\/div>\t\t\t\t\t\t\t\t<\/div>\n\t\t\t\t<\/div>\n\t\t\t\t\t<\/div>\n\t\t<\/div>\n\t\t\t\t\t<\/div>\n\t\t<\/section>\n\t\t\t\t<\/div>\n\t\t","protected":false},"excerpt":{"rendered":"<p>Contact Project Director Sergio Silguero 676 635 265 Viticulture and Enology Albert Puignau 629 255 151 Gerard Roure Finance Jordi Garc\u00edaMarketing Noelia Hern\u00e1ndez Architecture and design SALA FERUSIC Address Carrer de la Blanqueria, 9, 08003 Barcelona info@vinic.es Dou you have any queries and require any of our services? Here you have our contact. Fill in &#8230; <a title=\"Contact\" class=\"read-more\" href=\"https:\/\/vinic.es\/en\/contact\/\" aria-label=\"Read more about Contact\">Read more<\/a><\/p>\n","protected":false},"author":1,"featured_media":0,"parent":0,"menu_order":0,"comment_status":"closed","ping_status":"closed","template":"","meta":{"_joinchat":[],"footnotes":""},"class_list":["post-3035","page","type-page","status-publish"],"yoast_head":"<!-- This site is optimized with the Yoast SEO plugin v27.6 - https:\/\/yoast.com\/product\/yoast-seo-wordpress\/ -->\n<title>Contact - Vinic Consulting<\/title>\n<meta name=\"robots\" content=\"index, follow, max-snippet:-1, max-image-preview:large, max-video-preview:-1\" \/>\n<link rel=\"canonical\" href=\"https:\/\/vinic.es\/contacto\/\" \/>\n<meta property=\"og:locale\" content=\"en_US\" \/>\n<meta property=\"og:type\" content=\"article\" \/>\n<meta property=\"og:title\" content=\"Contact - Vinic Consulting\" \/>\n<meta property=\"og:description\" content=\"Contact Project Director Sergio Silguero 676 635 265 Viticulture and Enology Albert Puignau 629 255 151 Gerard Roure Finance Jordi Garc\u00edaMarketing Noelia Hern\u00e1ndez Architecture and design SALA FERUSIC Address Carrer de la Blanqueria, 9, 08003 Barcelona info@vinic.es Dou you have any queries and require any of our services? Here you have our contact. Fill in ... Read more\" \/>\n<meta property=\"og:url\" content=\"https:\/\/vinic.es\/contacto\/\" \/>\n<meta property=\"og:site_name\" content=\"Vinic Consulting\" \/>\n<meta property=\"article:modified_time\" content=\"2023-05-08T09:48:11+00:00\" \/>\n<meta name=\"twitter:card\" content=\"summary_large_image\" \/>\n<meta name=\"twitter:label1\" content=\"Est. reading time\" \/>\n\t<meta name=\"twitter:data1\" content=\"1 minute\" \/>\n<script type=\"application\/ld+json\" class=\"yoast-schema-graph\">{\"@context\":\"https:\\\/\\\/schema.org\",\"@graph\":[{\"@type\":\"WebPage\",\"@id\":\"https:\\\/\\\/vinic.es\\\/contacto\\\/\",\"url\":\"https:\\\/\\\/vinic.es\\\/contacto\\\/\",\"name\":\"Contact - Vinic Consulting\",\"isPartOf\":{\"@id\":\"https:\\\/\\\/vinic.es\\\/#website\"},\"datePublished\":\"2020-03-11T14:15:27+00:00\",\"dateModified\":\"2023-05-08T09:48:11+00:00\",\"breadcrumb\":{\"@id\":\"https:\\\/\\\/vinic.es\\\/contacto\\\/#breadcrumb\"},\"inLanguage\":\"en-US\",\"potentialAction\":[{\"@type\":\"ReadAction\",\"target\":[\"https:\\\/\\\/vinic.es\\\/contacto\\\/\"]}]},{\"@type\":\"BreadcrumbList\",\"@id\":\"https:\\\/\\\/vinic.es\\\/contacto\\\/#breadcrumb\",\"itemListElement\":[{\"@type\":\"ListItem\",\"position\":1,\"name\":\"Portada\",\"item\":\"https:\\\/\\\/vinic.es\\\/\"},{\"@type\":\"ListItem\",\"position\":2,\"name\":\"Contact\"}]},{\"@type\":\"WebSite\",\"@id\":\"https:\\\/\\\/vinic.es\\\/#website\",\"url\":\"https:\\\/\\\/vinic.es\\\/\",\"name\":\"Vinic Consulting\",\"description\":\"Asesoramiento vit\u00edcola y enol\u00f3gico integral para empresas vitivin\u00edcolas. Vinic consulting: creaci\u00f3n, direcci\u00f3n y gesti\u00f3n de vi\u00f1edos y bodegas.\",\"publisher\":{\"@id\":\"https:\\\/\\\/vinic.es\\\/#organization\"},\"potentialAction\":[{\"@type\":\"SearchAction\",\"target\":{\"@type\":\"EntryPoint\",\"urlTemplate\":\"https:\\\/\\\/vinic.es\\\/?s={search_term_string}\"},\"query-input\":{\"@type\":\"PropertyValueSpecification\",\"valueRequired\":true,\"valueName\":\"search_term_string\"}}],\"inLanguage\":\"en-US\"},{\"@type\":\"Organization\",\"@id\":\"https:\\\/\\\/vinic.es\\\/#organization\",\"name\":\"Vinic Consulting\",\"url\":\"https:\\\/\\\/vinic.es\\\/\",\"logo\":{\"@type\":\"ImageObject\",\"inLanguage\":\"en-US\",\"@id\":\"https:\\\/\\\/vinic.es\\\/#\\\/schema\\\/logo\\\/image\\\/\",\"url\":\"https:\\\/\\\/vinic.es\\\/wp-content\\\/uploads\\\/2020\\\/03\\\/logo-vinic.png\",\"contentUrl\":\"https:\\\/\\\/vinic.es\\\/wp-content\\\/uploads\\\/2020\\\/03\\\/logo-vinic.png\",\"width\":130,\"height\":43,\"caption\":\"Vinic Consulting\"},\"image\":{\"@id\":\"https:\\\/\\\/vinic.es\\\/#\\\/schema\\\/logo\\\/image\\\/\"}}]}<\/script>\n<!-- \/ Yoast SEO plugin. -->","yoast_head_json":{"title":"Contact - Vinic Consulting","robots":{"index":"index","follow":"follow","max-snippet":"max-snippet:-1","max-image-preview":"max-image-preview:large","max-video-preview":"max-video-preview:-1"},"canonical":"https:\/\/vinic.es\/contacto\/","og_locale":"en_US","og_type":"article","og_title":"Contact - Vinic Consulting","og_description":"Contact Project Director Sergio Silguero 676 635 265 Viticulture and Enology Albert Puignau 629 255 151 Gerard Roure Finance Jordi Garc\u00edaMarketing Noelia Hern\u00e1ndez Architecture and design SALA FERUSIC Address Carrer de la Blanqueria, 9, 08003 Barcelona info@vinic.es Dou you have any queries and require any of our services? Here you have our contact. Fill in ... Read more","og_url":"https:\/\/vinic.es\/contacto\/","og_site_name":"Vinic Consulting","article_modified_time":"2023-05-08T09:48:11+00:00","twitter_card":"summary_large_image","twitter_misc":{"Est. reading time":"1 minute"},"schema":{"@context":"https:\/\/schema.org","@graph":[{"@type":"WebPage","@id":"https:\/\/vinic.es\/contacto\/","url":"https:\/\/vinic.es\/contacto\/","name":"Contact - Vinic Consulting","isPartOf":{"@id":"https:\/\/vinic.es\/#website"},"datePublished":"2020-03-11T14:15:27+00:00","dateModified":"2023-05-08T09:48:11+00:00","breadcrumb":{"@id":"https:\/\/vinic.es\/contacto\/#breadcrumb"},"inLanguage":"en-US","potentialAction":[{"@type":"ReadAction","target":["https:\/\/vinic.es\/contacto\/"]}]},{"@type":"BreadcrumbList","@id":"https:\/\/vinic.es\/contacto\/#breadcrumb","itemListElement":[{"@type":"ListItem","position":1,"name":"Portada","item":"https:\/\/vinic.es\/"},{"@type":"ListItem","position":2,"name":"Contact"}]},{"@type":"WebSite","@id":"https:\/\/vinic.es\/#website","url":"https:\/\/vinic.es\/","name":"Vinic Consulting","description":"Asesoramiento vit\u00edcola y enol\u00f3gico integral para empresas vitivin\u00edcolas. Vinic consulting: creaci\u00f3n, direcci\u00f3n y gesti\u00f3n de vi\u00f1edos y bodegas.","publisher":{"@id":"https:\/\/vinic.es\/#organization"},"potentialAction":[{"@type":"SearchAction","target":{"@type":"EntryPoint","urlTemplate":"https:\/\/vinic.es\/?s={search_term_string}"},"query-input":{"@type":"PropertyValueSpecification","valueRequired":true,"valueName":"search_term_string"}}],"inLanguage":"en-US"},{"@type":"Organization","@id":"https:\/\/vinic.es\/#organization","name":"Vinic Consulting","url":"https:\/\/vinic.es\/","logo":{"@type":"ImageObject","inLanguage":"en-US","@id":"https:\/\/vinic.es\/#\/schema\/logo\/image\/","url":"https:\/\/vinic.es\/wp-content\/uploads\/2020\/03\/logo-vinic.png","contentUrl":"https:\/\/vinic.es\/wp-content\/uploads\/2020\/03\/logo-vinic.png","width":130,"height":43,"caption":"Vinic Consulting"},"image":{"@id":"https:\/\/vinic.es\/#\/schema\/logo\/image\/"}}]}},"_links":{"self":[{"href":"https:\/\/vinic.es\/en\/wp-json\/wp\/v2\/pages\/3035","targetHints":{"allow":["GET"]}}],"collection":[{"href":"https:\/\/vinic.es\/en\/wp-json\/wp\/v2\/pages"}],"about":[{"href":"https:\/\/vinic.es\/en\/wp-json\/wp\/v2\/types\/page"}],"author":[{"embeddable":true,"href":"https:\/\/vinic.es\/en\/wp-json\/wp\/v2\/users\/1"}],"replies":[{"embeddable":true,"href":"https:\/\/vinic.es\/en\/wp-json\/wp\/v2\/comments?post=3035"}],"version-history":[{"count":30,"href":"https:\/\/vinic.es\/en\/wp-json\/wp\/v2\/pages\/3035\/revisions"}],"predecessor-version":[{"id":3592,"href":"https:\/\/vinic.es\/en\/wp-json\/wp\/v2\/pages\/3035\/revisions\/3592"}],"wp:attachment":[{"href":"https:\/\/vinic.es\/en\/wp-json\/wp\/v2\/media?parent=3035"}],"curies":[{"name":"wp","href":"https:\/\/api.w.org\/{rel}","templated":true}]}}